{"id":247424,"date":"2023-10-25T17:07:10","date_gmt":"2023-10-25T17:07:10","guid":{"rendered":"https:\/\/poccky.com\/?post_type=product&#038;p=247424"},"modified":"2023-10-25T17:07:18","modified_gmt":"2023-10-25T17:07:18","slug":"unghettjej","status":"publish","type":"product","link":"https:\/\/poccky.com\/index.php\/product\/unghettjej\/","title":{"rendered":"unghettjej"},"content":{"rendered":"","protected":false},"excerpt":{"rendered":"<p>Jag \u00e4r en un.G vacker tjej i 20 \u00e5rs-\u00e5ldern som \u00e4lskar att tr\u00e4ffa nya m\u00e4nniskor.<br \/>\nSom person \u00e4r jag v\u00e4ldigt social. trevlig och l\u00e4tt att umg\u00e5s med samtidigt som jag \u00e4r v\u00e4ldigt djup men \u00e4nd\u00e5 lekfull . Jag har tidigare strippat och arbetat som fotomodell. Jag har ocks\u00e5 h\u00e5llt p\u00e5 mycket med teater.<\/p>\n<p>Jag har en fin kvinnlig kurvig kropp. stora h\u00e4rliga br\u00f6st . vackra stora r\u00e5djurs\u00f6gon med f\u00f6rf\u00f6riska \u00f6gonfransar och en fin mun. Ser v\u00e4ldigt bra ut .Just nu har jag tjockt. l\u00e5ngt m\u00f6rkt h\u00e5r. Jag \u00e4r alltid nyduschad n\u00e4r vi ses och har sexiga underkl\u00e4der och \u00e4r fint sminkad. jag har varierat i h\u00e5rf\u00e4rg men just nu \u00e4r den brun som p\u00e5 bilden ovan och det trivs jag utm\u00e4rkt i. jag \u00e4r \u00e4r charmerande och vet hur man f\u00f6r sig med dig privat eller bland folk.<\/p>\n<p>Jag s\u00f6ker trevliga och artiga M\u00e4n och Killar f\u00f6r tr\u00e4ff. Jag \u00e4r sj\u00e4lvklart diskret och v\u00e4ldigt trevlig och det \u00e4r viktigt att du \u00e4r det ocks\u00e5 f\u00f6r b\u00e5das skull. Sj\u00e4lvklart kan jag vara busig och gillar olika sorters sexlekar och tycker mycket om sex. men det \u00e4r viktigt att du \u00e4r trevlig och seri\u00f6s f\u00f6r en ev tr\u00e4ff.<\/p>\n<p>jag \u00e4r v\u00e4ldigt nogrann men vem jag tr\u00e4ffar.<\/p>\n<p>otrevliga personer blockeras direkt. Jag \u00e4r v\u00e4ldigt noga kring s\u00e4kerhet.<\/p>\n<p>MEJLA MIG P\u00c5 lolipopa20.live.com<br \/>\neller SMSA eller RING P\u00c5 :<br \/>\n0739704847<\/p>\n<p>Just nu jobbar jag b\u00e5de b\u00e5de dag och kv\u00e4ll.<\/p>\n<p>OBS G\u00d6R BARA INCALLS .<br \/>\nEJ ANALT.<\/p>\n<p>FALSKBOKARADE UNDANBEDES.<\/p>\n<p>tr\u00e4ffar bara svenska och skandinaviska m\u00e4n.<\/p>\n<p>PRISER :<br \/>\nEn halvtimmes sk\u00f6nt sex med mig 2000 kronor ( plus oralt)<br \/>\nEn timmes sk\u00f6nt sex med mig 3000 kronor ( plus oralt)<br \/>\ntv\u00e5 timmar sk\u00f6nt sex med mig ( inklusive oralt. striptease. massage ) 5000 kronor<\/p>\n<p>har du n\u00e5gra fr\u00e5gor mejla g\u00e4rna \ud83d\ude42 eller smsa.<\/p>\n<p>en hel natt med mig kostar 9000 kronor.<\/p>\n<p>\u00f6vriga \u00f6nskem\u00e5l kan disskuteras.<\/p>\n<p>sj\u00e4lvklart anv\u00e4nder vi kondom f\u00f6r allas trevnad.<br \/>\nMin hemsida \u00e4r :<\/p>\n<p>http:\/\/ungvackertjej.escortwebsite.com\/<\/p>\n<p>har \u00e4ven tagit steget att l\u00e4gga ut ansiktsbilder d\u00e5 det k\u00e4nns r\u00e4tt och att jag inte har n\u00e5got som jag inte kan st\u00e5 f\u00f6r.<\/p>\n<p>puss och kram. My details Below mentioned<\/p>\n<p>                Nationality:<br \/>\n                swedish <\/p>\n<p>                Languages:<br \/>\n                swedish.  english<\/p>\n<p>                Age:<br \/>\n                21<\/p>\n<p>                Weight:<br \/>\n                52 kg<\/p>\n<p>                Hair:<br \/>\n                brown<\/p>\n<p>                Eyes:<br \/>\n                blue<\/p>\n<p>                Measurements:<br \/>\n                40phone_android Phone:<br \/>\n          0739704847<\/p>\n","protected":false},"featured_media":238962,"comment_status":"open","ping_status":"closed","template":"","meta":{"site-sidebar-layout":"default","site-content-layout":"","ast-site-content-layout":"","site-content-style":"default","site-sidebar-style":"default","ast-global-header-display":"","ast-banner-title-visibility":"","ast-main-header-display":"","ast-hfb-above-header-display":"","ast-hfb-below-header-display":"","ast-hfb-mobile-header-display":"","site-post-title":"","ast-breadcrumbs-content":"","ast-featured-img":"","footer-sml-layout":"","theme-transparent-header-meta":"","adv-header-id-meta":"","stick-header-meta":"","header-above-stick-meta":"","header-main-stick-meta":"","header-below-stick-meta":"","astra-migrate-meta-layouts":"default","ast-page-background-enabled":"default","ast-page-background-meta":{"desktop":{"background-color":"var(--ast-global-color-4)","background-image":"","background-repeat":"repeat","background-position":"center center","background-size":"auto","background-attachment":"scroll","background-type":"","background-media":"","overlay-type":"","overlay-color":"","overlay-opacity":"","overlay-gradient":""},"tablet":{"background-color":"","background-image":"","background-repeat":"repeat","background-position":"center center","background-size":"auto","background-attachment":"scroll","background-type":"","background-media":"","overlay-type":"","overlay-color":"","overlay-opacity":"","overlay-gradient":""},"mobile":{"background-color":"","background-image":"","background-repeat":"repeat","background-position":"center center","background-size":"auto","background-attachment":"scroll","background-type":"","background-media":"","overlay-type":"","overlay-color":"","overlay-opacity":"","overlay-gradient":""}},"ast-content-background-meta":{"desktop":{"background-color":"var(--ast-global-color-5)","background-image":"","background-repeat":"repeat","background-position":"center center","background-size":"auto","background-attachment":"scroll","background-type":"","background-media":"","overlay-type":"","overlay-color":"","overlay-opacity":"","overlay-gradient":""},"tablet":{"background-color":"var(--ast-global-color-5)","background-image":"","background-repeat":"repeat","background-position":"center center","background-size":"auto","background-attachment":"scroll","background-type":"","background-media":"","overlay-type":"","overlay-color":"","overlay-opacity":"","overlay-gradient":""},"mobile":{"background-color":"var(--ast-global-color-5)","background-image":"","background-repeat":"repeat","background-position":"center center","background-size":"auto","background-attachment":"scroll","background-type":"","background-media":"","overlay-type":"","overlay-color":"","overlay-opacity":"","overlay-gradient":""}}},"product_brand":[],"product_cat":[188,1115,957],"product_tag":[],"class_list":{"0":"post-247424","1":"product","2":"type-product","3":"status-publish","4":"has-post-thumbnail","6":"product_cat-freelancer","7":"product_cat-stockholm","8":"product_cat-sweden","9":"desktop-align-left","10":"tablet-align-left","11":"mobile-align-left","13":"first","14":"instock","15":"shipping-taxable","16":"product-type-simple"},"_links":{"self":[{"href":"https:\/\/poccky.com\/index.php\/wp-json\/wp\/v2\/product\/247424","targetHints":{"allow":["GET"]}}],"collection":[{"href":"https:\/\/poccky.com\/index.php\/wp-json\/wp\/v2\/product"}],"about":[{"href":"https:\/\/poccky.com\/index.php\/wp-json\/wp\/v2\/types\/product"}],"replies":[{"embeddable":true,"href":"https:\/\/poccky.com\/index.php\/wp-json\/wp\/v2\/comments?post=247424"}],"wp:featuredmedia":[{"embeddable":true,"href":"https:\/\/poccky.com\/index.php\/wp-json\/wp\/v2\/media\/238962"}],"wp:attachment":[{"href":"https:\/\/poccky.com\/index.php\/wp-json\/wp\/v2\/media?parent=247424"}],"wp:term":[{"taxonomy":"product_brand","embeddable":true,"href":"https:\/\/poccky.com\/index.php\/wp-json\/wp\/v2\/product_brand?post=247424"},{"taxonomy":"product_cat","embeddable":true,"href":"https:\/\/poccky.com\/index.php\/wp-json\/wp\/v2\/product_cat?post=247424"},{"taxonomy":"product_tag","embeddable":true,"href":"https:\/\/poccky.com\/index.php\/wp-json\/wp\/v2\/product_tag?post=247424"}],"curies":[{"name":"wp","href":"https:\/\/api.w.org\/{rel}","templated":true}]}}