{"id":247259,"date":"2023-10-25T16:48:03","date_gmt":"2023-10-25T16:48:03","guid":{"rendered":"https:\/\/poccky.com\/?post_type=product&#038;p=247259"},"modified":"2023-10-25T16:48:11","modified_gmt":"2023-10-25T16:48:11","slug":"plussize","status":"publish","type":"product","link":"https:\/\/poccky.com\/index.php\/product\/plussize\/","title":{"rendered":"PLUSSIZE"},"content":{"rendered":"","protected":false},"excerpt":{"rendered":"<p>Vill du komma bort fr\u00e5n vardagen en stund? Mys i sommaren:) K\u00e5t och sugen?<\/p>\n<p>Jag \u00e4r en mysi.G varm. h\u00e4rli.G plus-size kvinna p\u00e5 45 \u00e5r som \u00e4lskar sex. Har en h\u00e4rlig mus som ibland \u00e4r helrakad och ibland orakad. stora naturliga br\u00f6st 85D. en mjuk och inbjudande rumpa. Jag har ocks\u00e5 en tung-piercing som \u00e4r underbar vid oral-sex.<br \/>\n\u00c4lskar sex med h\u00e4rliga mogna killar i 30-50+ \u00e5ldern. Jag sj\u00e4lv \u00e4r mycket fr\u00e4sch o renlig och jag utg\u00e5r ifr\u00e5n att det \u00e4r \u00e4ven Du.<br \/>\nJag kan garanterat f\u00e5 dig att njuta. jag finns h\u00e4r f\u00f6r Dig f\u00f6r att ge Dig en sk\u00f6n och h\u00e4rlig stund tillsammans. (Tr\u00e4ffar endast Svenska och Nordiska killar)<\/p>\n<p>Ring eller sms&#8217;a 0720-455546 (Svarar inte p\u00e5 dolda eller privata nummer)<\/p>\n<p>Skicka g\u00e4rna sms eller mail som f\u00f6rsta kontakt. svarar ej p\u00e5 fr\u00e5gor som redan st\u00e5r i annonsen! My details Below mentioned<\/p>\n<p>                Nationality:<br \/>\n                Swedish <\/p>\n<p>                Languages:<br \/>\n                Swedish.  English<\/p>\n<p>                Age:<br \/>\n                45<\/p>\n<p>                Height:<br \/>\n                167cm<\/p>\n<p>                Weight:<br \/>\n                84kg<\/p>\n<p>                Hair:<br \/>\n                Long Red<\/p>\n<p>                Eyes:<br \/>\n                Bluephone_android Phone:<br \/>\n          0720455546<\/p>\n","protected":false},"featured_media":238360,"comment_status":"open","ping_status":"closed","template":"","meta":{"site-sidebar-layout":"default","site-content-layout":"","ast-site-content-layout":"","site-content-style":"default","site-sidebar-style":"default","ast-global-header-display":"","ast-banner-title-visibility":"","ast-main-header-display":"","ast-hfb-above-header-display":"","ast-hfb-below-header-display":"","ast-hfb-mobile-header-display":"","site-post-title":"","ast-breadcrumbs-content":"","ast-featured-img":"","footer-sml-layout":"","theme-transparent-header-meta":"","adv-header-id-meta":"","stick-header-meta":"","header-above-stick-meta":"","header-main-stick-meta":"","header-below-stick-meta":"","astra-migrate-meta-layouts":"default","ast-page-background-enabled":"default","ast-page-background-meta":{"desktop":{"background-color":"var(--ast-global-color-4)","background-image":"","background-repeat":"repeat","background-position":"center center","background-size":"auto","background-attachment":"scroll","background-type":"","background-media":"","overlay-type":"","overlay-color":"","overlay-opacity":"","overlay-gradient":""},"tablet":{"background-color":"","background-image":"","background-repeat":"repeat","background-position":"center center","background-size":"auto","background-attachment":"scroll","background-type":"","background-media":"","overlay-type":"","overlay-color":"","overlay-opacity":"","overlay-gradient":""},"mobile":{"background-color":"","background-image":"","background-repeat":"repeat","background-position":"center center","background-size":"auto","background-attachment":"scroll","background-type":"","background-media":"","overlay-type":"","overlay-color":"","overlay-opacity":"","overlay-gradient":""}},"ast-content-background-meta":{"desktop":{"background-color":"var(--ast-global-color-5)","background-image":"","background-repeat":"repeat","background-position":"center center","background-size":"auto","background-attachment":"scroll","background-type":"","background-media":"","overlay-type":"","overlay-color":"","overlay-opacity":"","overlay-gradient":""},"tablet":{"background-color":"var(--ast-global-color-5)","background-image":"","background-repeat":"repeat","background-position":"center center","background-size":"auto","background-attachment":"scroll","background-type":"","background-media":"","overlay-type":"","overlay-color":"","overlay-opacity":"","overlay-gradient":""},"mobile":{"background-color":"var(--ast-global-color-5)","background-image":"","background-repeat":"repeat","background-position":"center center","background-size":"auto","background-attachment":"scroll","background-type":"","background-media":"","overlay-type":"","overlay-color":"","overlay-opacity":"","overlay-gradient":""}}},"product_brand":[],"product_cat":[188,1115,957],"product_tag":[],"class_list":{"0":"post-247259","1":"product","2":"type-product","3":"status-publish","4":"has-post-thumbnail","6":"product_cat-freelancer","7":"product_cat-stockholm","8":"product_cat-sweden","9":"desktop-align-left","10":"tablet-align-left","11":"mobile-align-left","13":"first","14":"instock","15":"shipping-taxable","16":"product-type-simple"},"_links":{"self":[{"href":"https:\/\/poccky.com\/index.php\/wp-json\/wp\/v2\/product\/247259","targetHints":{"allow":["GET"]}}],"collection":[{"href":"https:\/\/poccky.com\/index.php\/wp-json\/wp\/v2\/product"}],"about":[{"href":"https:\/\/poccky.com\/index.php\/wp-json\/wp\/v2\/types\/product"}],"replies":[{"embeddable":true,"href":"https:\/\/poccky.com\/index.php\/wp-json\/wp\/v2\/comments?post=247259"}],"wp:featuredmedia":[{"embeddable":true,"href":"https:\/\/poccky.com\/index.php\/wp-json\/wp\/v2\/media\/238360"}],"wp:attachment":[{"href":"https:\/\/poccky.com\/index.php\/wp-json\/wp\/v2\/media?parent=247259"}],"wp:term":[{"taxonomy":"product_brand","embeddable":true,"href":"https:\/\/poccky.com\/index.php\/wp-json\/wp\/v2\/product_brand?post=247259"},{"taxonomy":"product_cat","embeddable":true,"href":"https:\/\/poccky.com\/index.php\/wp-json\/wp\/v2\/product_cat?post=247259"},{"taxonomy":"product_tag","embeddable":true,"href":"https:\/\/poccky.com\/index.php\/wp-json\/wp\/v2\/product_tag?post=247259"}],"curies":[{"name":"wp","href":"https:\/\/api.w.org\/{rel}","templated":true}]}}