{"id":247010,"date":"2023-10-25T15:42:15","date_gmt":"2023-10-25T15:42:15","guid":{"rendered":"https:\/\/poccky.com\/?post_type=product&#038;p=247010"},"modified":"2023-10-25T15:42:18","modified_gmt":"2023-10-25T15:42:18","slug":"elena-high-class-escort","status":"publish","type":"product","link":"https:\/\/poccky.com\/index.php\/product\/elena-high-class-escort\/","title":{"rendered":"Elena High Class Escort"},"content":{"rendered":"","protected":false},"excerpt":{"rendered":"<p>Elena kommt zu Ihren Escort Date mit wahrer Leidenschaft und wird Dir einen unvergesslichen Abend gestalten..Bei dieser Lady bleiben keine W\u00fcnsche offen. Sie geniesst das Kribbeln bei einem unbekannten Treffen und liebt es Ihre Fantasien zu erleben.Sie plant Ihr Escort Date nur mit G\u00e4sten die auf einem hohen Niveau frequentieren.<\/p>\n<p>Mit der schwarz Haarigen Sch\u00f6nheit Elena wird in Berlin jedes Treffen zu einem Highlight. Die 21j\u00e4hrige vom High Class Escort ist 168 Zentimeter Gro\u00df und wurde in Bulgarien geboren. Dass es dort viele sch\u00f6ne Frauen gibt. ist bekannt. Elena ist eine davon und wei\u00df genau. was sie tut. My details Below mentioned<\/p>\n<p>                Nationality:<br \/>\n                Bulgarien <\/p>\n<p>                Languages:<br \/>\n                Deutsch. Englisch.  Russisch<\/p>\n<p>                Age:<br \/>\n                22<\/p>\n<p>                Height:<br \/>\n                168 cm<\/p>\n<p>                Hair:<br \/>\n                schwarzphone_android Phone:<br \/>\n          015117980713<\/p>\n","protected":false},"featured_media":237409,"comment_status":"open","ping_status":"closed","template":"","meta":{"site-sidebar-layout":"default","site-content-layout":"","ast-site-content-layout":"","site-content-style":"default","site-sidebar-style":"default","ast-global-header-display":"","ast-banner-title-visibility":"","ast-main-header-display":"","ast-hfb-above-header-display":"","ast-hfb-below-header-display":"","ast-hfb-mobile-header-display":"","site-post-title":"","ast-breadcrumbs-content":"","ast-featured-img":"","footer-sml-layout":"","theme-transparent-header-meta":"","adv-header-id-meta":"","stick-header-meta":"","header-above-stick-meta":"","header-main-stick-meta":"","header-below-stick-meta":"","astra-migrate-meta-layouts":"default","ast-page-background-enabled":"default","ast-page-background-meta":{"desktop":{"background-color":"var(--ast-global-color-4)","background-image":"","background-repeat":"repeat","background-position":"center center","background-size":"auto","background-attachment":"scroll","background-type":"","background-media":"","overlay-type":"","overlay-color":"","overlay-opacity":"","overlay-gradient":""},"tablet":{"background-color":"","background-image":"","background-repeat":"repeat","background-position":"center center","background-size":"auto","background-attachment":"scroll","background-type":"","background-media":"","overlay-type":"","overlay-color":"","overlay-opacity":"","overlay-gradient":""},"mobile":{"background-color":"","background-image":"","background-repeat":"repeat","background-position":"center center","background-size":"auto","background-attachment":"scroll","background-type":"","background-media":"","overlay-type":"","overlay-color":"","overlay-opacity":"","overlay-gradient":""}},"ast-content-background-meta":{"desktop":{"background-color":"var(--ast-global-color-5)","background-image":"","background-repeat":"repeat","background-position":"center center","background-size":"auto","background-attachment":"scroll","background-type":"","background-media":"","overlay-type":"","overlay-color":"","overlay-opacity":"","overlay-gradient":""},"tablet":{"background-color":"var(--ast-global-color-5)","background-image":"","background-repeat":"repeat","background-position":"center center","background-size":"auto","background-attachment":"scroll","background-type":"","background-media":"","overlay-type":"","overlay-color":"","overlay-opacity":"","overlay-gradient":""},"mobile":{"background-color":"var(--ast-global-color-5)","background-image":"","background-repeat":"repeat","background-position":"center center","background-size":"auto","background-attachment":"scroll","background-type":"","background-media":"","overlay-type":"","overlay-color":"","overlay-opacity":"","overlay-gradient":""}}},"product_brand":[],"product_cat":[996,188,811],"product_tag":[],"class_list":{"0":"post-247010","1":"product","2":"type-product","3":"status-publish","4":"has-post-thumbnail","6":"product_cat-berlin","7":"product_cat-freelancer","8":"product_cat-germany","9":"desktop-align-left","10":"tablet-align-left","11":"mobile-align-left","13":"first","14":"instock","15":"shipping-taxable","16":"product-type-simple"},"_links":{"self":[{"href":"https:\/\/poccky.com\/index.php\/wp-json\/wp\/v2\/product\/247010","targetHints":{"allow":["GET"]}}],"collection":[{"href":"https:\/\/poccky.com\/index.php\/wp-json\/wp\/v2\/product"}],"about":[{"href":"https:\/\/poccky.com\/index.php\/wp-json\/wp\/v2\/types\/product"}],"replies":[{"embeddable":true,"href":"https:\/\/poccky.com\/index.php\/wp-json\/wp\/v2\/comments?post=247010"}],"wp:featuredmedia":[{"embeddable":true,"href":"https:\/\/poccky.com\/index.php\/wp-json\/wp\/v2\/media\/237409"}],"wp:attachment":[{"href":"https:\/\/poccky.com\/index.php\/wp-json\/wp\/v2\/media?parent=247010"}],"wp:term":[{"taxonomy":"product_brand","embeddable":true,"href":"https:\/\/poccky.com\/index.php\/wp-json\/wp\/v2\/product_brand?post=247010"},{"taxonomy":"product_cat","embeddable":true,"href":"https:\/\/poccky.com\/index.php\/wp-json\/wp\/v2\/product_cat?post=247010"},{"taxonomy":"product_tag","embeddable":true,"href":"https:\/\/poccky.com\/index.php\/wp-json\/wp\/v2\/product_tag?post=247010"}],"curies":[{"name":"wp","href":"https:\/\/api.w.org\/{rel}","templated":true}]}}