{"id":246972,"date":"2023-10-25T15:38:35","date_gmt":"2023-10-25T15:38:35","guid":{"rendered":"https:\/\/poccky.com\/?post_type=product&#038;p=246972"},"modified":"2023-10-25T15:38:37","modified_gmt":"2023-10-25T15:38:37","slug":"travest-izel-istanbul","status":"publish","type":"product","link":"https:\/\/poccky.com\/index.php\/product\/travest-izel-istanbul\/","title":{"rendered":"TRAVEST izel istanbul"},"content":{"rendered":"","protected":false},"excerpt":{"rendered":"<p>Merhaba Ben ?ZEL. ?stanbul ?i?li de yanl?z ya??yorum. Feti?izmden ve fantaziden \u00e7ok ho?lan?r?m. ?ste?e g\u00f6re A -P olabilirim.Ayr?ca \u00f6zel aktif resimlerime bakabilirsiniz. Do?al olmaktan kar??l?kl? birer kadeh bir?eyler i\u00e7mekten ho?lan?r?m. Resimlerim kesinlikle do?al ev ortam?nda \u00e7ekilmi?tir. G\u00fcler y\u00fcz ve temizlik benim i\u00e7in \u00e7ok \u00f6nemlidir. Resimlerimde g\u00f6rd\u00fc?\u00fcn\u00fcz kaliteyi normal hayat?mda da ya?ar?m. Bu arada \u00e7ok iyi derecede ingilizce konu?uyorum. Bana a?a??daki numaradan ula?abilirsiniz. SEVG?LER<\/p>\n<p>Hi I&#8217;am ?ZEL. I live alone in ?stanbul\/?i?li. I like fetishism and transeksual activities. I can perform active erection during sex for long time. Please check my private photos for active or passive scenes. I love conversation with a drink. Friendly and Hygenic relation is must for me. I Live my private life same as well as in my photographs. I can speak English very well you can contact me from my mobile phone number My details Below mentioned<\/p>\n<p>                Nationality:<br \/>\n                t\u00fcrk?ye <\/p>\n<p>                Languages:<br \/>\n                ingilizce<\/p>\n<p>                Age:<br \/>\n                26<\/p>\n<p>                Height:<br \/>\n                175<\/p>\n<p>                Weight:<br \/>\n                57<\/p>\n<p>                Hair:<br \/>\n                sar?s?n<\/p>\n<p>                Eyes:<br \/>\n                kahve<\/p>\n<p>                Measurements:<br \/>\n                90 60 90 \ud83d\ude42<\/p>\n","protected":false},"featured_media":237268,"comment_status":"open","ping_status":"closed","template":"","meta":{"site-sidebar-layout":"default","site-content-layout":"","ast-site-content-layout":"","site-content-style":"default","site-sidebar-style":"default","ast-global-header-display":"","ast-banner-title-visibility":"","ast-main-header-display":"","ast-hfb-above-header-display":"","ast-hfb-below-header-display":"","ast-hfb-mobile-header-display":"","site-post-title":"","ast-breadcrumbs-content":"","ast-featured-img":"","footer-sml-layout":"","theme-transparent-header-meta":"","adv-header-id-meta":"","stick-header-meta":"","header-above-stick-meta":"","header-main-stick-meta":"","header-below-stick-meta":"","astra-migrate-meta-layouts":"default","ast-page-background-enabled":"default","ast-page-background-meta":{"desktop":{"background-color":"var(--ast-global-color-4)","background-image":"","background-repeat":"repeat","background-position":"center center","background-size":"auto","background-attachment":"scroll","background-type":"","background-media":"","overlay-type":"","overlay-color":"","overlay-opacity":"","overlay-gradient":""},"tablet":{"background-color":"","background-image":"","background-repeat":"repeat","background-position":"center center","background-size":"auto","background-attachment":"scroll","background-type":"","background-media":"","overlay-type":"","overlay-color":"","overlay-opacity":"","overlay-gradient":""},"mobile":{"background-color":"","background-image":"","background-repeat":"repeat","background-position":"center center","background-size":"auto","background-attachment":"scroll","background-type":"","background-media":"","overlay-type":"","overlay-color":"","overlay-opacity":"","overlay-gradient":""}},"ast-content-background-meta":{"desktop":{"background-color":"var(--ast-global-color-5)","background-image":"","background-repeat":"repeat","background-position":"center center","background-size":"auto","background-attachment":"scroll","background-type":"","background-media":"","overlay-type":"","overlay-color":"","overlay-opacity":"","overlay-gradient":""},"tablet":{"background-color":"var(--ast-global-color-5)","background-image":"","background-repeat":"repeat","background-position":"center center","background-size":"auto","background-attachment":"scroll","background-type":"","background-media":"","overlay-type":"","overlay-color":"","overlay-opacity":"","overlay-gradient":""},"mobile":{"background-color":"var(--ast-global-color-5)","background-image":"","background-repeat":"repeat","background-position":"center center","background-size":"auto","background-attachment":"scroll","background-type":"","background-media":"","overlay-type":"","overlay-color":"","overlay-opacity":"","overlay-gradient":""}}},"product_brand":[],"product_cat":[188,1113,243],"product_tag":[],"class_list":{"0":"post-246972","1":"product","2":"type-product","3":"status-publish","4":"has-post-thumbnail","6":"product_cat-freelancer","7":"product_cat-istanbul","8":"product_cat-turky","9":"desktop-align-left","10":"tablet-align-left","11":"mobile-align-left","13":"first","14":"instock","15":"shipping-taxable","16":"product-type-simple"},"_links":{"self":[{"href":"https:\/\/poccky.com\/index.php\/wp-json\/wp\/v2\/product\/246972","targetHints":{"allow":["GET"]}}],"collection":[{"href":"https:\/\/poccky.com\/index.php\/wp-json\/wp\/v2\/product"}],"about":[{"href":"https:\/\/poccky.com\/index.php\/wp-json\/wp\/v2\/types\/product"}],"replies":[{"embeddable":true,"href":"https:\/\/poccky.com\/index.php\/wp-json\/wp\/v2\/comments?post=246972"}],"wp:featuredmedia":[{"embeddable":true,"href":"https:\/\/poccky.com\/index.php\/wp-json\/wp\/v2\/media\/237268"}],"wp:attachment":[{"href":"https:\/\/poccky.com\/index.php\/wp-json\/wp\/v2\/media?parent=246972"}],"wp:term":[{"taxonomy":"product_brand","embeddable":true,"href":"https:\/\/poccky.com\/index.php\/wp-json\/wp\/v2\/product_brand?post=246972"},{"taxonomy":"product_cat","embeddable":true,"href":"https:\/\/poccky.com\/index.php\/wp-json\/wp\/v2\/product_cat?post=246972"},{"taxonomy":"product_tag","embeddable":true,"href":"https:\/\/poccky.com\/index.php\/wp-json\/wp\/v2\/product_tag?post=246972"}],"curies":[{"name":"wp","href":"https:\/\/api.w.org\/{rel}","templated":true}]}}