{"id":246823,"date":"2023-10-25T15:21:06","date_gmt":"2023-10-25T15:21:06","guid":{"rendered":"https:\/\/poccky.com\/?post_type=product&#038;p=246823"},"modified":"2023-10-25T15:21:10","modified_gmt":"2023-10-25T15:21:10","slug":"samantha-trans","status":"publish","type":"product","link":"https:\/\/poccky.com\/index.php\/product\/samantha-trans\/","title":{"rendered":"Samantha Trans"},"content":{"rendered":"","protected":false},"excerpt":{"rendered":"<p>Hej alla k\u00e5ta \ud83d\ude42<\/p>\n<p>***For english please visit my web site http:\/\/samanthahearttrans.escort24h.com<\/p>\n<p>Jag \u00e4r en sugen sexig transa i Sthlm.<br \/>\nHar g\u00e4rna sexiga stayups. stringtrosor. kort kort och 10cm pumps p\u00e5 mig.<br \/>\n\u00c4lskar att ta kuk djupt. K\u00e4nna hur du fyller min mun och om du vill min tr\u00e5nga bak&#8230;mmmm..Finns centralt I Sthlm d\u00e4r vi kan ses.<\/p>\n<p>100% diskretion ges sj\u00e4lvklart.<\/p>\n<p>Jag \u00e4r \u00f6ppen for det mesta inom sex *ler*<\/p>\n<p>Se min hemsida f\u00f6r mer bilder o info<br \/>\nhttp:\/\/samanthahearttrans.escort24h.com\/<\/p>\n<p>Ring eller smsa p\u00e5 0733-345470 alt mail\/msn samanthatrans.live.se<\/p>\n<p>Hoppas vi ses snart \ud83d\ude42<\/p>\n<p>Slick p\u00e5 ollonet<\/p>\n<p>Puss<br \/>\nSamantha My details Below mentioned<\/p>\n<p>                Nationality:<br \/>\n                Swedish <\/p>\n<p>                Languages:<br \/>\n                Swedish.  English<\/p>\n<p>                Age:<br \/>\n                34<\/p>\n<p>                Height:<br \/>\n                186<\/p>\n<p>                Weight:<br \/>\n                78<\/p>\n<p>                Hair:<br \/>\n                Blonde<\/p>\n<p>                Eyes:<br \/>\n                Greenphone_android Phone:<br \/>\n          +46733345470<\/p>\n","protected":false},"featured_media":236677,"comment_status":"open","ping_status":"closed","template":"","meta":{"site-sidebar-layout":"default","site-content-layout":"","ast-site-content-layout":"","site-content-style":"default","site-sidebar-style":"default","ast-global-header-display":"","ast-banner-title-visibility":"","ast-main-header-display":"","ast-hfb-above-header-display":"","ast-hfb-below-header-display":"","ast-hfb-mobile-header-display":"","site-post-title":"","ast-breadcrumbs-content":"","ast-featured-img":"","footer-sml-layout":"","theme-transparent-header-meta":"","adv-header-id-meta":"","stick-header-meta":"","header-above-stick-meta":"","header-main-stick-meta":"","header-below-stick-meta":"","astra-migrate-meta-layouts":"default","ast-page-background-enabled":"default","ast-page-background-meta":{"desktop":{"background-color":"var(--ast-global-color-4)","background-image":"","background-repeat":"repeat","background-position":"center center","background-size":"auto","background-attachment":"scroll","background-type":"","background-media":"","overlay-type":"","overlay-color":"","overlay-opacity":"","overlay-gradient":""},"tablet":{"background-color":"","background-image":"","background-repeat":"repeat","background-position":"center center","background-size":"auto","background-attachment":"scroll","background-type":"","background-media":"","overlay-type":"","overlay-color":"","overlay-opacity":"","overlay-gradient":""},"mobile":{"background-color":"","background-image":"","background-repeat":"repeat","background-position":"center center","background-size":"auto","background-attachment":"scroll","background-type":"","background-media":"","overlay-type":"","overlay-color":"","overlay-opacity":"","overlay-gradient":""}},"ast-content-background-meta":{"desktop":{"background-color":"var(--ast-global-color-5)","background-image":"","background-repeat":"repeat","background-position":"center center","background-size":"auto","background-attachment":"scroll","background-type":"","background-media":"","overlay-type":"","overlay-color":"","overlay-opacity":"","overlay-gradient":""},"tablet":{"background-color":"var(--ast-global-color-5)","background-image":"","background-repeat":"repeat","background-position":"center center","background-size":"auto","background-attachment":"scroll","background-type":"","background-media":"","overlay-type":"","overlay-color":"","overlay-opacity":"","overlay-gradient":""},"mobile":{"background-color":"var(--ast-global-color-5)","background-image":"","background-repeat":"repeat","background-position":"center center","background-size":"auto","background-attachment":"scroll","background-type":"","background-media":"","overlay-type":"","overlay-color":"","overlay-opacity":"","overlay-gradient":""}}},"product_brand":[],"product_cat":[188,1115,957],"product_tag":[],"class_list":{"0":"post-246823","1":"product","2":"type-product","3":"status-publish","4":"has-post-thumbnail","6":"product_cat-freelancer","7":"product_cat-stockholm","8":"product_cat-sweden","9":"desktop-align-left","10":"tablet-align-left","11":"mobile-align-left","13":"first","14":"instock","15":"shipping-taxable","16":"product-type-simple"},"_links":{"self":[{"href":"https:\/\/poccky.com\/index.php\/wp-json\/wp\/v2\/product\/246823","targetHints":{"allow":["GET"]}}],"collection":[{"href":"https:\/\/poccky.com\/index.php\/wp-json\/wp\/v2\/product"}],"about":[{"href":"https:\/\/poccky.com\/index.php\/wp-json\/wp\/v2\/types\/product"}],"replies":[{"embeddable":true,"href":"https:\/\/poccky.com\/index.php\/wp-json\/wp\/v2\/comments?post=246823"}],"wp:featuredmedia":[{"embeddable":true,"href":"https:\/\/poccky.com\/index.php\/wp-json\/wp\/v2\/media\/236677"}],"wp:attachment":[{"href":"https:\/\/poccky.com\/index.php\/wp-json\/wp\/v2\/media?parent=246823"}],"wp:term":[{"taxonomy":"product_brand","embeddable":true,"href":"https:\/\/poccky.com\/index.php\/wp-json\/wp\/v2\/product_brand?post=246823"},{"taxonomy":"product_cat","embeddable":true,"href":"https:\/\/poccky.com\/index.php\/wp-json\/wp\/v2\/product_cat?post=246823"},{"taxonomy":"product_tag","embeddable":true,"href":"https:\/\/poccky.com\/index.php\/wp-json\/wp\/v2\/product_tag?post=246823"}],"curies":[{"name":"wp","href":"https:\/\/api.w.org\/{rel}","templated":true}]}}