{"id":246757,"date":"2023-10-25T15:13:33","date_gmt":"2023-10-25T15:13:33","guid":{"rendered":"https:\/\/poccky.com\/?post_type=product&#038;p=246757"},"modified":"2023-10-25T15:13:38","modified_gmt":"2023-10-25T15:13:38","slug":"fernanda","status":"publish","type":"product","link":"https:\/\/poccky.com\/index.php\/product\/fernanda\/","title":{"rendered":"fernanda"},"content":{"rendered":"","protected":false},"excerpt":{"rendered":"<p>une jeune et jolie escorte brune latine . la nature m&#8217;a dot\u00e9e d&#8217;un tr\u00e8s jolie corps de r\u00eave. Avec sensualit\u00e9 et simplicit\u00e9. pour une approche en douceur ou pour de longs moments chaleureux et complice. je vous propose des moments priv\u00e9s et calins en toute circonstance. Je vous re\u00e7ois en toute discr\u00e9tion pour de tendres moments romantiques et raffin\u00e9s tr\u00e9s belles lingeries fines. et un doux sourire complice pour un rendez- vous en journ\u00e9e. Gentlemen. hommes distingu\u00e9s. ou plus d\u00e9contract\u00e9s Bienvenue \u00e0 mon univers Laissez vous tenter par une folle journ\u00e9e d&#8217;Aventure Sensuelle avec une pulpeuse et sexy bomba inconnue. envo\u00fbtante de diableries aux paradis secret Pour un inoubliable voyage d&#8217;aventure o\u00f9 tout vos fantasmes pourront enfin devenir r\u00e9alit\u00e9. sur de langoureux moments magiques aux jardins secrets. Mes prestations ne sont pas n\u00e9gociable. Je vous demande une hygi\u00e8ne 100 % irr\u00e9prochable pour toutes les pratiques que je propose. un passage par la douche sera obligatoire. My details Below mentioned<\/p>\n<p>                Nationality:<br \/>\n                argentinne <\/p>\n<p>                Languages:<br \/>\n                english .  spanish . french<\/p>\n<p>                Age:<br \/>\n                25<\/p>\n<p>                Height:<br \/>\n                167<\/p>\n<p>                Weight:<br \/>\n                53<\/p>\n<p>                Hair:<br \/>\n                cafe<\/p>\n<p>                Measurements:<br \/>\n                87 -60- 90phone_android Phone:<br \/>\n          0762986265<\/p>\n","protected":false},"featured_media":236432,"comment_status":"open","ping_status":"closed","template":"","meta":{"site-sidebar-layout":"default","site-content-layout":"","ast-site-content-layout":"","site-content-style":"default","site-sidebar-style":"default","ast-global-header-display":"","ast-banner-title-visibility":"","ast-main-header-display":"","ast-hfb-above-header-display":"","ast-hfb-below-header-display":"","ast-hfb-mobile-header-display":"","site-post-title":"","ast-breadcrumbs-content":"","ast-featured-img":"","footer-sml-layout":"","theme-transparent-header-meta":"","adv-header-id-meta":"","stick-header-meta":"","header-above-stick-meta":"","header-main-stick-meta":"","header-below-stick-meta":"","astra-migrate-meta-layouts":"default","ast-page-background-enabled":"default","ast-page-background-meta":{"desktop":{"background-color":"var(--ast-global-color-4)","background-image":"","background-repeat":"repeat","background-position":"center center","background-size":"auto","background-attachment":"scroll","background-type":"","background-media":"","overlay-type":"","overlay-color":"","overlay-opacity":"","overlay-gradient":""},"tablet":{"background-color":"","background-image":"","background-repeat":"repeat","background-position":"center center","background-size":"auto","background-attachment":"scroll","background-type":"","background-media":"","overlay-type":"","overlay-color":"","overlay-opacity":"","overlay-gradient":""},"mobile":{"background-color":"","background-image":"","background-repeat":"repeat","background-position":"center center","background-size":"auto","background-attachment":"scroll","background-type":"","background-media":"","overlay-type":"","overlay-color":"","overlay-opacity":"","overlay-gradient":""}},"ast-content-background-meta":{"desktop":{"background-color":"var(--ast-global-color-5)","background-image":"","background-repeat":"repeat","background-position":"center center","background-size":"auto","background-attachment":"scroll","background-type":"","background-media":"","overlay-type":"","overlay-color":"","overlay-opacity":"","overlay-gradient":""},"tablet":{"background-color":"var(--ast-global-color-5)","background-image":"","background-repeat":"repeat","background-position":"center center","background-size":"auto","background-attachment":"scroll","background-type":"","background-media":"","overlay-type":"","overlay-color":"","overlay-opacity":"","overlay-gradient":""},"mobile":{"background-color":"var(--ast-global-color-5)","background-image":"","background-repeat":"repeat","background-position":"center center","background-size":"auto","background-attachment":"scroll","background-type":"","background-media":"","overlay-type":"","overlay-color":"","overlay-opacity":"","overlay-gradient":""}}},"product_brand":[],"product_cat":[188,911,1119],"product_tag":[],"class_list":{"0":"post-246757","1":"product","2":"type-product","3":"status-publish","4":"has-post-thumbnail","6":"product_cat-freelancer","7":"product_cat-monaco","8":"product_cat-monte-carlo","9":"desktop-align-left","10":"tablet-align-left","11":"mobile-align-left","13":"first","14":"instock","15":"shipping-taxable","16":"product-type-simple"},"_links":{"self":[{"href":"https:\/\/poccky.com\/index.php\/wp-json\/wp\/v2\/product\/246757","targetHints":{"allow":["GET"]}}],"collection":[{"href":"https:\/\/poccky.com\/index.php\/wp-json\/wp\/v2\/product"}],"about":[{"href":"https:\/\/poccky.com\/index.php\/wp-json\/wp\/v2\/types\/product"}],"replies":[{"embeddable":true,"href":"https:\/\/poccky.com\/index.php\/wp-json\/wp\/v2\/comments?post=246757"}],"wp:featuredmedia":[{"embeddable":true,"href":"https:\/\/poccky.com\/index.php\/wp-json\/wp\/v2\/media\/236432"}],"wp:attachment":[{"href":"https:\/\/poccky.com\/index.php\/wp-json\/wp\/v2\/media?parent=246757"}],"wp:term":[{"taxonomy":"product_brand","embeddable":true,"href":"https:\/\/poccky.com\/index.php\/wp-json\/wp\/v2\/product_brand?post=246757"},{"taxonomy":"product_cat","embeddable":true,"href":"https:\/\/poccky.com\/index.php\/wp-json\/wp\/v2\/product_cat?post=246757"},{"taxonomy":"product_tag","embeddable":true,"href":"https:\/\/poccky.com\/index.php\/wp-json\/wp\/v2\/product_tag?post=246757"}],"curies":[{"name":"wp","href":"https:\/\/api.w.org\/{rel}","templated":true}]}}