{"id":246709,"date":"2023-10-25T15:08:00","date_gmt":"2023-10-25T15:08:00","guid":{"rendered":"https:\/\/poccky.com\/?post_type=product&#038;p=246709"},"modified":"2023-10-25T15:08:04","modified_gmt":"2023-10-25T15:08:04","slug":"hulya","status":"publish","type":"product","link":"https:\/\/poccky.com\/index.php\/product\/hulya\/","title":{"rendered":"Hulya"},"content":{"rendered":"","protected":false},"excerpt":{"rendered":"<p>Sizlere kendimlen ilgili bir iki k\u00fc\u00e7\u00fck ayr?nt? vermek istiyorum.1986 do?umlu.o?lak burcu \u00fcniversite mezunu 1990 &#8216;da<br \/>\nYugoslavya&#8217;dan T\u00fcrkiye&#8217;ye g\u00f6\u00e7 ettik.Aslen Yugoslav?m.8 Y?l profesyonel voleybol oynad?m.Avrupa<br \/>\nstandartlar?nda bir bayan?m.Olduk\u00e7a bak?ml?.titizli?e \u00e7ok \u00f6nem veren biriyim.Normal ve do?al bir ya?ant?m var.G\u00fcn<br \/>\ni\u00e7erisinde beni arayarak 2 saat \u00f6ncesinden randevu alman?z gerekiyor.Ba?kalar? gibi kendimi saklama y\u00fcz\u00fcm\u00fc g\u00f6stermeme<br \/>\ngibi amat\u00f6r davran??larda bulunmuyorum.Ne ?ekilde g\u00f6rd\u00fcyseniz o ?ekilde g\u00f6r\u00fcrs\u00fcn\u00fcz.En az?ndan ne oldu?u belirsizliklerle<br \/>\nkar??la?m?yacaks?n?z.<br \/>\nSadece ya?amdan zevk almas?n? bilen.kaliteye \u00f6nem veren.ki?ili?i oturmu?.escort hizmeti ile kald?r?m k?zlar? aras?ndaki<br \/>\nfarkl?l??? rahatl?kla g\u00f6sterebilecek elit bir bayan?m.<br \/>\n26 Ya??nda 1.75 boyunda 85-69-90 \u00f6l\u00e7\u00fclerinde kesinlikle ba??ms?z \u00e7al??an e?itimli.k\u00fclt\u00fcrl\u00fc.konu?mas?n? oturmas?n? ve kalkmas?n?<br \/>\nbilen profesyonel hizmeti amat\u00f6r ruhla yapan s?n?rs?z.d??arda tan bir han?mefendi g\u00f6r\u00fcn\u00fcm\u00fcnde. ama yatakta fahi?eniz olabilen<br \/>\nkad?n gibi kad?n?md?r ve bir bayana nas?l davran?lmas? gerekti?ini bilen.seksapelli?in yan?nda kaliteyede \u00f6nem verenlerdenim.<br \/>\n30 Ya? \u00fczeri ger\u00e7ek beyefendilerle g\u00f6r\u00fc?\u00fcyorum.G\u00f6r\u00fc?t\u00fc?\u00fcm\u00fcz dakikalar itibari ile bana dair en ufak bir be?enmemezli?iniz oldu?u<br \/>\ntakdirde g\u00f6r\u00fc?meyi sonland?rma hakk?na sahipsiniz.Tabii ki ayn? kuarl benim i\u00e7inde gerelidir.Saat ile ilgili veya seans s?n?rlamas?<br \/>\ngibi sorunum hi\u00e7bir zaman olmad?.\u00d6nemli olan benim i\u00e7in iyi vakit ge\u00e7irebilmektir.?ayet daha \u00f6ncesinde talihsizlikler ya?ad?ysan?z<br \/>\nbu bende ge\u00e7erli de?ildir.Bunun garantisini verebilirim.<\/p>\n<p>contact ONLY via telephone!!! My details Below mentioned<\/p>\n<p>                Age:<br \/>\n                26<\/p>\n<p>                Height:<br \/>\n                175 cm<\/p>\n<p>                Hair:<br \/>\n                Brown<\/p>\n<p>                Eyes:<br \/>\n                Brown<\/p>\n<p>                Measurements:<br \/>\n                85-69-90phone_android Phone:<br \/>\n          05365722628<\/p>\n","protected":false},"featured_media":236263,"comment_status":"open","ping_status":"closed","template":"","meta":{"site-sidebar-layout":"default","site-content-layout":"","ast-site-content-layout":"","site-content-style":"default","site-sidebar-style":"default","ast-global-header-display":"","ast-banner-title-visibility":"","ast-main-header-display":"","ast-hfb-above-header-display":"","ast-hfb-below-header-display":"","ast-hfb-mobile-header-display":"","site-post-title":"","ast-breadcrumbs-content":"","ast-featured-img":"","footer-sml-layout":"","theme-transparent-header-meta":"","adv-header-id-meta":"","stick-header-meta":"","header-above-stick-meta":"","header-main-stick-meta":"","header-below-stick-meta":"","astra-migrate-meta-layouts":"default","ast-page-background-enabled":"default","ast-page-background-meta":{"desktop":{"background-color":"var(--ast-global-color-4)","background-image":"","background-repeat":"repeat","background-position":"center center","background-size":"auto","background-attachment":"scroll","background-type":"","background-media":"","overlay-type":"","overlay-color":"","overlay-opacity":"","overlay-gradient":""},"tablet":{"background-color":"","background-image":"","background-repeat":"repeat","background-position":"center center","background-size":"auto","background-attachment":"scroll","background-type":"","background-media":"","overlay-type":"","overlay-color":"","overlay-opacity":"","overlay-gradient":""},"mobile":{"background-color":"","background-image":"","background-repeat":"repeat","background-position":"center center","background-size":"auto","background-attachment":"scroll","background-type":"","background-media":"","overlay-type":"","overlay-color":"","overlay-opacity":"","overlay-gradient":""}},"ast-content-background-meta":{"desktop":{"background-color":"var(--ast-global-color-5)","background-image":"","background-repeat":"repeat","background-position":"center center","background-size":"auto","background-attachment":"scroll","background-type":"","background-media":"","overlay-type":"","overlay-color":"","overlay-opacity":"","overlay-gradient":""},"tablet":{"background-color":"var(--ast-global-color-5)","background-image":"","background-repeat":"repeat","background-position":"center center","background-size":"auto","background-attachment":"scroll","background-type":"","background-media":"","overlay-type":"","overlay-color":"","overlay-opacity":"","overlay-gradient":""},"mobile":{"background-color":"var(--ast-global-color-5)","background-image":"","background-repeat":"repeat","background-position":"center center","background-size":"auto","background-attachment":"scroll","background-type":"","background-media":"","overlay-type":"","overlay-color":"","overlay-opacity":"","overlay-gradient":""}}},"product_brand":[],"product_cat":[188,1122,243],"product_tag":[],"class_list":{"0":"post-246709","1":"product","2":"type-product","3":"status-publish","4":"has-post-thumbnail","6":"product_cat-freelancer","7":"product_cat-izmir","8":"product_cat-turky","9":"desktop-align-left","10":"tablet-align-left","11":"mobile-align-left","13":"first","14":"instock","15":"shipping-taxable","16":"product-type-simple"},"_links":{"self":[{"href":"https:\/\/poccky.com\/index.php\/wp-json\/wp\/v2\/product\/246709","targetHints":{"allow":["GET"]}}],"collection":[{"href":"https:\/\/poccky.com\/index.php\/wp-json\/wp\/v2\/product"}],"about":[{"href":"https:\/\/poccky.com\/index.php\/wp-json\/wp\/v2\/types\/product"}],"replies":[{"embeddable":true,"href":"https:\/\/poccky.com\/index.php\/wp-json\/wp\/v2\/comments?post=246709"}],"wp:featuredmedia":[{"embeddable":true,"href":"https:\/\/poccky.com\/index.php\/wp-json\/wp\/v2\/media\/236263"}],"wp:attachment":[{"href":"https:\/\/poccky.com\/index.php\/wp-json\/wp\/v2\/media?parent=246709"}],"wp:term":[{"taxonomy":"product_brand","embeddable":true,"href":"https:\/\/poccky.com\/index.php\/wp-json\/wp\/v2\/product_brand?post=246709"},{"taxonomy":"product_cat","embeddable":true,"href":"https:\/\/poccky.com\/index.php\/wp-json\/wp\/v2\/product_cat?post=246709"},{"taxonomy":"product_tag","embeddable":true,"href":"https:\/\/poccky.com\/index.php\/wp-json\/wp\/v2\/product_tag?post=246709"}],"curies":[{"name":"wp","href":"https:\/\/api.w.org\/{rel}","templated":true}]}}