{"id":246708,"date":"2023-10-25T15:07:55","date_gmt":"2023-10-25T15:07:55","guid":{"rendered":"https:\/\/poccky.com\/?post_type=product&#038;p=246708"},"modified":"2023-10-25T15:07:59","modified_gmt":"2023-10-25T15:07:59","slug":"izmir-eskort-buse","status":"publish","type":"product","link":"https:\/\/poccky.com\/index.php\/product\/izmir-eskort-buse\/","title":{"rendered":"Izmir Eskort Buse"},"content":{"rendered":"","protected":false},"excerpt":{"rendered":"<p>Merhabalar ben ?zmirden tatl? durust tutkulu hayeller?n?z?n kad?n? Buse.<br \/>\n27 ya??nday?m.guzel b?r ten yuz ve h?zmet?mle s?zlerle olmak sehvet?n kollar?nda mutluluk duyar?m. Boyum 1.65 kilom 55.m?nyom t?pl? b? baya?m Sadece ?zmir i\u00e7inde g\u00f6r\u00fc?me kabul ediyorum. ?zmir d???na kesinlikle \u00e7?km?yorum.<br \/>\nBu i?i kendime meslek edinmekten ziyade. k?sa bir s\u00fcre yapt?ktan sonra uzakla?may? d\u00fc?\u00fcn\u00fcyorum. \u00c7ok fazla insan ile tan??may? uygun g\u00f6rm\u00fcyorum. Bu nedenle ilk tan??mada kesinlikle \u00f6n tan??ma. \u00e7ay. kahve tarz? ?eyleri kabul etmemekteyim. \u00c7ekiciyim. seksiyim. her konuda konu?abilece?iniz k\u00fclt\u00fcrl\u00fc biriyim. k?z arkada??n?z gibi davranmay? severim ve sizinde ayn? ?ekilde davranman?z? beklerim.<br \/>\nL\u00fctfen ciddi d\u00fc?\u00fcnen. nazik. insana de?er veren ve maddi sorunu olmayan elit ki?iler benimle ba?lant? kursun. Temizlik. gizlilik. d\u00fcr\u00fcstl\u00fck. sayg? ve kesinlikle korunmak temel prensibimdir. Kondom hem sizin hem benim i\u00e7in g\u00fcvenliktir ve kesinlikle ?artt?r. Muhte?em kal\u00e7alar?m? g\u00f6rmeniz ve sizi bulutlar?n \u00fczerine \u00e7?karmaya yetecek olan ola?an\u00fcst\u00fc oral?m sizi fazlas?yla tatmin edecektir. (a?za bo?alma ger\u00e7ekle?tiriyorum ) Vajinam dar oldu?undan umar?m erken bo?alman?za sebep olmam ? Sevi?me an?nda kondomsuz oral. s?n?rs?z bo?alma. her t\u00fcrl\u00fc pozisyonda seks ve 69 serbesttir.<br \/>\n?lk g\u00f6r\u00fc?melerimi ?zmir i\u00e7i 3 \u2013 4 \u2013 5 y?ld?zl? veya Butik otellerde kabul ediyorum. Gecelik g\u00f6r\u00fc?m\u00fcyorum. ?artlar?m kesinlikle de?i?miyor ve pazarl?k etmiyorum ama \u00e7ok ho? saatler garanti ediyorum. \u00dccretimi g\u00f6r\u00fc?me ba?lang?c?nda al?yorum. Fiyat konusunda pazarl?k yapmak isteyenler veya bunu ima edenler hi\u00e7 bo?una zahmet edip aramas?n arad?g?n?zda acmazsam eger Randevu i\u00e7in sizden ricam tan?t?c? bir mail g\u00f6ndermeniz.<br \/>\nYa?. boy. kilo. semt.i? g\u00f6r\u00fc?mek istedi?iniz otel. g\u00fcn ve saati yazman?z yeterl? olacakt?r. En k?sa zamanda size d\u00f6nece?im\u2026<br \/>\nNOT: Trafik kazas? sonucu sag bacak sola gore 3.cm k?sa kolumda plat?n umar?m bu sizin i\u00e7in sorun olmaz turkcell g?b? hayata baglar vodafone gibi an? yasat?r avea g?b? oh ded?rtmes?n?de b?l?r?m )<\/p>\n<p>contact ONLY via telephone!!! My details Below mentioned<\/p>\n<p>                Age:<br \/>\n                27<\/p>\n<p>                Height:<br \/>\n                165 cm<\/p>\n<p>                Weight:<br \/>\n                55 kg<\/p>\n<p>                Hair:<br \/>\n                Long Black<\/p>\n<p>                Eyes:<br \/>\n                Black<\/p>\n<p>                Measurements:<br \/>\n                85-65-90phone_android Phone:<br \/>\n          05415181751<\/p>\n","protected":false},"featured_media":236259,"comment_status":"open","ping_status":"closed","template":"","meta":{"site-sidebar-layout":"default","site-content-layout":"","ast-site-content-layout":"","site-content-style":"default","site-sidebar-style":"default","ast-global-header-display":"","ast-banner-title-visibility":"","ast-main-header-display":"","ast-hfb-above-header-display":"","ast-hfb-below-header-display":"","ast-hfb-mobile-header-display":"","site-post-title":"","ast-breadcrumbs-content":"","ast-featured-img":"","footer-sml-layout":"","theme-transparent-header-meta":"","adv-header-id-meta":"","stick-header-meta":"","header-above-stick-meta":"","header-main-stick-meta":"","header-below-stick-meta":"","astra-migrate-meta-layouts":"default","ast-page-background-enabled":"default","ast-page-background-meta":{"desktop":{"background-color":"var(--ast-global-color-4)","background-image":"","background-repeat":"repeat","background-position":"center center","background-size":"auto","background-attachment":"scroll","background-type":"","background-media":"","overlay-type":"","overlay-color":"","overlay-opacity":"","overlay-gradient":""},"tablet":{"background-color":"","background-image":"","background-repeat":"repeat","background-position":"center center","background-size":"auto","background-attachment":"scroll","background-type":"","background-media":"","overlay-type":"","overlay-color":"","overlay-opacity":"","overlay-gradient":""},"mobile":{"background-color":"","background-image":"","background-repeat":"repeat","background-position":"center center","background-size":"auto","background-attachment":"scroll","background-type":"","background-media":"","overlay-type":"","overlay-color":"","overlay-opacity":"","overlay-gradient":""}},"ast-content-background-meta":{"desktop":{"background-color":"var(--ast-global-color-5)","background-image":"","background-repeat":"repeat","background-position":"center center","background-size":"auto","background-attachment":"scroll","background-type":"","background-media":"","overlay-type":"","overlay-color":"","overlay-opacity":"","overlay-gradient":""},"tablet":{"background-color":"var(--ast-global-color-5)","background-image":"","background-repeat":"repeat","background-position":"center center","background-size":"auto","background-attachment":"scroll","background-type":"","background-media":"","overlay-type":"","overlay-color":"","overlay-opacity":"","overlay-gradient":""},"mobile":{"background-color":"var(--ast-global-color-5)","background-image":"","background-repeat":"repeat","background-position":"center center","background-size":"auto","background-attachment":"scroll","background-type":"","background-media":"","overlay-type":"","overlay-color":"","overlay-opacity":"","overlay-gradient":""}}},"product_brand":[],"product_cat":[188,1122,243],"product_tag":[],"class_list":{"0":"post-246708","1":"product","2":"type-product","3":"status-publish","4":"has-post-thumbnail","6":"product_cat-freelancer","7":"product_cat-izmir","8":"product_cat-turky","9":"desktop-align-left","10":"tablet-align-left","11":"mobile-align-left","13":"first","14":"instock","15":"shipping-taxable","16":"product-type-simple"},"_links":{"self":[{"href":"https:\/\/poccky.com\/index.php\/wp-json\/wp\/v2\/product\/246708","targetHints":{"allow":["GET"]}}],"collection":[{"href":"https:\/\/poccky.com\/index.php\/wp-json\/wp\/v2\/product"}],"about":[{"href":"https:\/\/poccky.com\/index.php\/wp-json\/wp\/v2\/types\/product"}],"replies":[{"embeddable":true,"href":"https:\/\/poccky.com\/index.php\/wp-json\/wp\/v2\/comments?post=246708"}],"wp:featuredmedia":[{"embeddable":true,"href":"https:\/\/poccky.com\/index.php\/wp-json\/wp\/v2\/media\/236259"}],"wp:attachment":[{"href":"https:\/\/poccky.com\/index.php\/wp-json\/wp\/v2\/media?parent=246708"}],"wp:term":[{"taxonomy":"product_brand","embeddable":true,"href":"https:\/\/poccky.com\/index.php\/wp-json\/wp\/v2\/product_brand?post=246708"},{"taxonomy":"product_cat","embeddable":true,"href":"https:\/\/poccky.com\/index.php\/wp-json\/wp\/v2\/product_cat?post=246708"},{"taxonomy":"product_tag","embeddable":true,"href":"https:\/\/poccky.com\/index.php\/wp-json\/wp\/v2\/product_tag?post=246708"}],"curies":[{"name":"wp","href":"https:\/\/api.w.org\/{rel}","templated":true}]}}