{"id":246685,"date":"2023-10-25T15:05:42","date_gmt":"2023-10-25T15:05:42","guid":{"rendered":"https:\/\/poccky.com\/?post_type=product&#038;p=246685"},"modified":"2023-10-25T15:05:46","modified_gmt":"2023-10-25T15:05:46","slug":"seren","status":"publish","type":"product","link":"https:\/\/poccky.com\/index.php\/product\/seren\/","title":{"rendered":"Seren"},"content":{"rendered":"","protected":false},"excerpt":{"rendered":"<p>Merhabalar.<br \/>\nBen izmir escort Seren.<br \/>\n21 ya??nda \u00fcniversite e?itimi alm?? gen\u00e7 . g\u00fczel ve sexi bir bayan?m.<br \/>\nSizlerle profesyonel arkada?l?k hizmeti vermek i\u00e7in buraday?m.<br \/>\nUnutulmaz saatler ge\u00e7irmek i\u00e7in elit beylerin telefonlar?n? bekliyorum.<br \/>\nUygun fiyat ve kaliteli bir hizmet almak i\u00e7in benimle ileti?ime ge\u00e7meniz yeterli.<br \/>\nG\u00f6r\u00fc?melerimi sadece ?zmir i\u00e7inde yapmaktay?m.<br \/>\nL\u00fctfen sitemi dikkatlice incelemenizi rica ediyorum.<br \/>\nSitede yer alan t\u00fcm bilgilerim do?ru ve ger\u00e7ektir.<br \/>\nDaha detayl? bilgi ve randevu almak i\u00e7in i?te yeni telefon numaram.<br \/>\nT\u00fcm g\u00f6r\u00fc?meleri ister kendi evimde . ister sizin eviniz yada uygun g\u00fczel bir otelde yapabiliriz. My details Below mentioned<\/p>\n<p>                Age:<br \/>\n                21<\/p>\n<p>                Height:<br \/>\n                168 cm<\/p>\n<p>                Hair:<br \/>\n                Long Dark<\/p>\n","protected":false},"featured_media":236175,"comment_status":"open","ping_status":"closed","template":"","meta":{"site-sidebar-layout":"default","site-content-layout":"","ast-site-content-layout":"","site-content-style":"default","site-sidebar-style":"default","ast-global-header-display":"","ast-banner-title-visibility":"","ast-main-header-display":"","ast-hfb-above-header-display":"","ast-hfb-below-header-display":"","ast-hfb-mobile-header-display":"","site-post-title":"","ast-breadcrumbs-content":"","ast-featured-img":"","footer-sml-layout":"","theme-transparent-header-meta":"","adv-header-id-meta":"","stick-header-meta":"","header-above-stick-meta":"","header-main-stick-meta":"","header-below-stick-meta":"","astra-migrate-meta-layouts":"default","ast-page-background-enabled":"default","ast-page-background-meta":{"desktop":{"background-color":"var(--ast-global-color-4)","background-image":"","background-repeat":"repeat","background-position":"center center","background-size":"auto","background-attachment":"scroll","background-type":"","background-media":"","overlay-type":"","overlay-color":"","overlay-opacity":"","overlay-gradient":""},"tablet":{"background-color":"","background-image":"","background-repeat":"repeat","background-position":"center center","background-size":"auto","background-attachment":"scroll","background-type":"","background-media":"","overlay-type":"","overlay-color":"","overlay-opacity":"","overlay-gradient":""},"mobile":{"background-color":"","background-image":"","background-repeat":"repeat","background-position":"center center","background-size":"auto","background-attachment":"scroll","background-type":"","background-media":"","overlay-type":"","overlay-color":"","overlay-opacity":"","overlay-gradient":""}},"ast-content-background-meta":{"desktop":{"background-color":"var(--ast-global-color-5)","background-image":"","background-repeat":"repeat","background-position":"center center","background-size":"auto","background-attachment":"scroll","background-type":"","background-media":"","overlay-type":"","overlay-color":"","overlay-opacity":"","overlay-gradient":""},"tablet":{"background-color":"var(--ast-global-color-5)","background-image":"","background-repeat":"repeat","background-position":"center center","background-size":"auto","background-attachment":"scroll","background-type":"","background-media":"","overlay-type":"","overlay-color":"","overlay-opacity":"","overlay-gradient":""},"mobile":{"background-color":"var(--ast-global-color-5)","background-image":"","background-repeat":"repeat","background-position":"center center","background-size":"auto","background-attachment":"scroll","background-type":"","background-media":"","overlay-type":"","overlay-color":"","overlay-opacity":"","overlay-gradient":""}}},"product_brand":[],"product_cat":[188,1122,243],"product_tag":[],"class_list":{"0":"post-246685","1":"product","2":"type-product","3":"status-publish","4":"has-post-thumbnail","6":"product_cat-freelancer","7":"product_cat-izmir","8":"product_cat-turky","9":"desktop-align-left","10":"tablet-align-left","11":"mobile-align-left","13":"first","14":"instock","15":"shipping-taxable","16":"product-type-simple"},"_links":{"self":[{"href":"https:\/\/poccky.com\/index.php\/wp-json\/wp\/v2\/product\/246685","targetHints":{"allow":["GET"]}}],"collection":[{"href":"https:\/\/poccky.com\/index.php\/wp-json\/wp\/v2\/product"}],"about":[{"href":"https:\/\/poccky.com\/index.php\/wp-json\/wp\/v2\/types\/product"}],"replies":[{"embeddable":true,"href":"https:\/\/poccky.com\/index.php\/wp-json\/wp\/v2\/comments?post=246685"}],"wp:featuredmedia":[{"embeddable":true,"href":"https:\/\/poccky.com\/index.php\/wp-json\/wp\/v2\/media\/236175"}],"wp:attachment":[{"href":"https:\/\/poccky.com\/index.php\/wp-json\/wp\/v2\/media?parent=246685"}],"wp:term":[{"taxonomy":"product_brand","embeddable":true,"href":"https:\/\/poccky.com\/index.php\/wp-json\/wp\/v2\/product_brand?post=246685"},{"taxonomy":"product_cat","embeddable":true,"href":"https:\/\/poccky.com\/index.php\/wp-json\/wp\/v2\/product_cat?post=246685"},{"taxonomy":"product_tag","embeddable":true,"href":"https:\/\/poccky.com\/index.php\/wp-json\/wp\/v2\/product_tag?post=246685"}],"curies":[{"name":"wp","href":"https:\/\/api.w.org\/{rel}","templated":true}]}}