{"id":246482,"date":"2023-10-25T14:43:16","date_gmt":"2023-10-25T14:43:16","guid":{"rendered":"https:\/\/poccky.com\/?post_type=product&#038;p=246482"},"modified":"2023-10-25T14:43:17","modified_gmt":"2023-10-25T14:43:17","slug":"mia-stockholm","status":"publish","type":"product","link":"https:\/\/poccky.com\/index.php\/product\/mia-stockholm\/","title":{"rendered":"Mia Stockholm"},"content":{"rendered":"","protected":false},"excerpt":{"rendered":"<p>Mitt namn \u00e4r Mia. Jag \u00e4r en finsk s\u00f6t tjej som \u00e4r positiv. glad och ut\u00e5triktad. Jag \u00e4r 26 \u00e5r. 173 cm. sexy med fasta br\u00f6st.<br \/>\nJag t\u00e4nder p\u00e5 att f\u00f6rf\u00f6ra m\u00e4n och d\u00e4rf\u00f6r erbjuder escorttj\u00e4nster p\u00e5 min fritid. S\u00f6ker seri\u00f6sa och \u00e5terkommande kontakter med trevliga gentlemen. men finns sj\u00e4vklart ocks\u00e5 h\u00e4r f\u00f6r dig som vill bli omh\u00e4ndertagen som en eng\u00e5ngsf\u00f6reteelse.<br \/>\nJag har eget st\u00e4lle mitt i city. Jag \u00e4r 100% diskret. ren och fr\u00e4sch vilket jag f\u00f6ruts\u00e4tter att \u00e4ven du \u00e4r. Viktigt att du bryr om dig sj\u00e4lv f\u00f6r det g\u00f6r jag.<br \/>\nJag st\u00e4ller upp p\u00e5 analt. kinky. h\u00e5rdh\u00e4nt eller andra alternativa sexformer!<br \/>\n&#8212; SVARAR EJ P\u00c5 SAMTAL FR\u00c5N DOLT NUMMER!!<br \/>\nMine priser`:<br \/>\n15min- 1000kr<br \/>\n30min- 1500kr<br \/>\n45min-2000kr<br \/>\n60min-2500kr My details Below mentioned<\/p>\n<p>                Nationality:<br \/>\n                Finsk <\/p>\n<p>                Languages:<br \/>\n                English Svensk Finsk<\/p>\n<p>                Age:<br \/>\n                25<\/p>\n<p>                Height:<br \/>\n                173<\/p>\n<p>                Hair:<br \/>\n                Long blond<\/p>\n<p>                Eyes:<br \/>\n                blue<\/p>\n","protected":false},"featured_media":235382,"comment_status":"open","ping_status":"closed","template":"","meta":{"site-sidebar-layout":"default","site-content-layout":"","ast-site-content-layout":"","site-content-style":"default","site-sidebar-style":"default","ast-global-header-display":"","ast-banner-title-visibility":"","ast-main-header-display":"","ast-hfb-above-header-display":"","ast-hfb-below-header-display":"","ast-hfb-mobile-header-display":"","site-post-title":"","ast-breadcrumbs-content":"","ast-featured-img":"","footer-sml-layout":"","theme-transparent-header-meta":"","adv-header-id-meta":"","stick-header-meta":"","header-above-stick-meta":"","header-main-stick-meta":"","header-below-stick-meta":"","astra-migrate-meta-layouts":"default","ast-page-background-enabled":"default","ast-page-background-meta":{"desktop":{"background-color":"var(--ast-global-color-4)","background-image":"","background-repeat":"repeat","background-position":"center center","background-size":"auto","background-attachment":"scroll","background-type":"","background-media":"","overlay-type":"","overlay-color":"","overlay-opacity":"","overlay-gradient":""},"tablet":{"background-color":"","background-image":"","background-repeat":"repeat","background-position":"center center","background-size":"auto","background-attachment":"scroll","background-type":"","background-media":"","overlay-type":"","overlay-color":"","overlay-opacity":"","overlay-gradient":""},"mobile":{"background-color":"","background-image":"","background-repeat":"repeat","background-position":"center center","background-size":"auto","background-attachment":"scroll","background-type":"","background-media":"","overlay-type":"","overlay-color":"","overlay-opacity":"","overlay-gradient":""}},"ast-content-background-meta":{"desktop":{"background-color":"var(--ast-global-color-5)","background-image":"","background-repeat":"repeat","background-position":"center center","background-size":"auto","background-attachment":"scroll","background-type":"","background-media":"","overlay-type":"","overlay-color":"","overlay-opacity":"","overlay-gradient":""},"tablet":{"background-color":"var(--ast-global-color-5)","background-image":"","background-repeat":"repeat","background-position":"center center","background-size":"auto","background-attachment":"scroll","background-type":"","background-media":"","overlay-type":"","overlay-color":"","overlay-opacity":"","overlay-gradient":""},"mobile":{"background-color":"var(--ast-global-color-5)","background-image":"","background-repeat":"repeat","background-position":"center center","background-size":"auto","background-attachment":"scroll","background-type":"","background-media":"","overlay-type":"","overlay-color":"","overlay-opacity":"","overlay-gradient":""}}},"product_brand":[],"product_cat":[188,1115,957],"product_tag":[],"class_list":{"0":"post-246482","1":"product","2":"type-product","3":"status-publish","4":"has-post-thumbnail","6":"product_cat-freelancer","7":"product_cat-stockholm","8":"product_cat-sweden","9":"desktop-align-left","10":"tablet-align-left","11":"mobile-align-left","13":"first","14":"instock","15":"shipping-taxable","16":"product-type-simple"},"_links":{"self":[{"href":"https:\/\/poccky.com\/index.php\/wp-json\/wp\/v2\/product\/246482","targetHints":{"allow":["GET"]}}],"collection":[{"href":"https:\/\/poccky.com\/index.php\/wp-json\/wp\/v2\/product"}],"about":[{"href":"https:\/\/poccky.com\/index.php\/wp-json\/wp\/v2\/types\/product"}],"replies":[{"embeddable":true,"href":"https:\/\/poccky.com\/index.php\/wp-json\/wp\/v2\/comments?post=246482"}],"wp:featuredmedia":[{"embeddable":true,"href":"https:\/\/poccky.com\/index.php\/wp-json\/wp\/v2\/media\/235382"}],"wp:attachment":[{"href":"https:\/\/poccky.com\/index.php\/wp-json\/wp\/v2\/media?parent=246482"}],"wp:term":[{"taxonomy":"product_brand","embeddable":true,"href":"https:\/\/poccky.com\/index.php\/wp-json\/wp\/v2\/product_brand?post=246482"},{"taxonomy":"product_cat","embeddable":true,"href":"https:\/\/poccky.com\/index.php\/wp-json\/wp\/v2\/product_cat?post=246482"},{"taxonomy":"product_tag","embeddable":true,"href":"https:\/\/poccky.com\/index.php\/wp-json\/wp\/v2\/product_tag?post=246482"}],"curies":[{"name":"wp","href":"https:\/\/api.w.org\/{rel}","templated":true}]}}