{"id":246424,"date":"2023-10-25T14:37:08","date_gmt":"2023-10-25T14:37:08","guid":{"rendered":"https:\/\/poccky.com\/?post_type=product&#038;p=246424"},"modified":"2023-10-25T14:37:15","modified_gmt":"2023-10-25T14:37:15","slug":"ankara-rus-escort-lar-na","status":"publish","type":"product","link":"https:\/\/poccky.com\/index.php\/product\/ankara-rus-escort-lar-na\/","title":{"rendered":"Ankara Rus Escort LAR -NA"},"content":{"rendered":"","protected":false},"excerpt":{"rendered":"<p>Rus Escort Bayan Larina<\/p>\n<p>25 ya??nda. 1.70 boyunda. 55 kilo.<br \/>\nbeyaz tenli sar???n . ho? ve \u00e7ekici bir bayan?m.<br \/>\nElit beylerle g\u00f6r\u00fc?melerimi yap?yorum.<br \/>\nG\u00f6r\u00fc?melerimi kendi evimde yap?yorum.<br \/>\nseks doyadoya heyecanl? bir ?ekilde ya?amay? seviyorum hijyene \u00e7ok \u00f6nem verim<br \/>\nciddi olmayanlar l\u00fctfen aramas?n t\u00fcrk\u00e7e \u00e7ok az biliyorum.<br \/>\n\u00fccretlerim<br \/>\ntek seans : 150 .00 tl<br \/>\niki seans : 250.00 tl<\/p>\n<p>LAR?NA : 0531 934 76 74<\/p>\n<p>ANKARA \/ \u00c7ANKAYA My details Below mentioned<\/p>\n<p>                Nationality:<br \/>\n                RUSSIAN <\/p>\n<p>                Languages:<br \/>\n                TURK\u00c7E.  RUSCA<\/p>\n<p>                Age:<br \/>\n                25<\/p>\n<p>                Height:<br \/>\n                170<\/p>\n<p>                Weight:<br \/>\n                55<\/p>\n<p>                Hair:<br \/>\n                Sar?<\/p>\n<p>                Eyes:<br \/>\n                ye?il<\/p>\n<p>                Measurements:<br \/>\n                90-60-90phone_android Phone:<br \/>\n          05319347674<\/p>\n","protected":false},"featured_media":235177,"comment_status":"open","ping_status":"closed","template":"","meta":{"site-sidebar-layout":"default","site-content-layout":"","ast-site-content-layout":"","site-content-style":"default","site-sidebar-style":"default","ast-global-header-display":"","ast-banner-title-visibility":"","ast-main-header-display":"","ast-hfb-above-header-display":"","ast-hfb-below-header-display":"","ast-hfb-mobile-header-display":"","site-post-title":"","ast-breadcrumbs-content":"","ast-featured-img":"","footer-sml-layout":"","theme-transparent-header-meta":"","adv-header-id-meta":"","stick-header-meta":"","header-above-stick-meta":"","header-main-stick-meta":"","header-below-stick-meta":"","astra-migrate-meta-layouts":"default","ast-page-background-enabled":"default","ast-page-background-meta":{"desktop":{"background-color":"var(--ast-global-color-4)","background-image":"","background-repeat":"repeat","background-position":"center center","background-size":"auto","background-attachment":"scroll","background-type":"","background-media":"","overlay-type":"","overlay-color":"","overlay-opacity":"","overlay-gradient":""},"tablet":{"background-color":"","background-image":"","background-repeat":"repeat","background-position":"center center","background-size":"auto","background-attachment":"scroll","background-type":"","background-media":"","overlay-type":"","overlay-color":"","overlay-opacity":"","overlay-gradient":""},"mobile":{"background-color":"","background-image":"","background-repeat":"repeat","background-position":"center center","background-size":"auto","background-attachment":"scroll","background-type":"","background-media":"","overlay-type":"","overlay-color":"","overlay-opacity":"","overlay-gradient":""}},"ast-content-background-meta":{"desktop":{"background-color":"var(--ast-global-color-5)","background-image":"","background-repeat":"repeat","background-position":"center center","background-size":"auto","background-attachment":"scroll","background-type":"","background-media":"","overlay-type":"","overlay-color":"","overlay-opacity":"","overlay-gradient":""},"tablet":{"background-color":"var(--ast-global-color-5)","background-image":"","background-repeat":"repeat","background-position":"center center","background-size":"auto","background-attachment":"scroll","background-type":"","background-media":"","overlay-type":"","overlay-color":"","overlay-opacity":"","overlay-gradient":""},"mobile":{"background-color":"var(--ast-global-color-5)","background-image":"","background-repeat":"repeat","background-position":"center center","background-size":"auto","background-attachment":"scroll","background-type":"","background-media":"","overlay-type":"","overlay-color":"","overlay-opacity":"","overlay-gradient":""}}},"product_brand":[],"product_cat":[987,188,243],"product_tag":[],"class_list":{"0":"post-246424","1":"product","2":"type-product","3":"status-publish","4":"has-post-thumbnail","6":"product_cat-ankara","7":"product_cat-freelancer","8":"product_cat-turky","9":"desktop-align-left","10":"tablet-align-left","11":"mobile-align-left","13":"first","14":"instock","15":"shipping-taxable","16":"product-type-simple"},"_links":{"self":[{"href":"https:\/\/poccky.com\/index.php\/wp-json\/wp\/v2\/product\/246424","targetHints":{"allow":["GET"]}}],"collection":[{"href":"https:\/\/poccky.com\/index.php\/wp-json\/wp\/v2\/product"}],"about":[{"href":"https:\/\/poccky.com\/index.php\/wp-json\/wp\/v2\/types\/product"}],"replies":[{"embeddable":true,"href":"https:\/\/poccky.com\/index.php\/wp-json\/wp\/v2\/comments?post=246424"}],"wp:featuredmedia":[{"embeddable":true,"href":"https:\/\/poccky.com\/index.php\/wp-json\/wp\/v2\/media\/235177"}],"wp:attachment":[{"href":"https:\/\/poccky.com\/index.php\/wp-json\/wp\/v2\/media?parent=246424"}],"wp:term":[{"taxonomy":"product_brand","embeddable":true,"href":"https:\/\/poccky.com\/index.php\/wp-json\/wp\/v2\/product_brand?post=246424"},{"taxonomy":"product_cat","embeddable":true,"href":"https:\/\/poccky.com\/index.php\/wp-json\/wp\/v2\/product_cat?post=246424"},{"taxonomy":"product_tag","embeddable":true,"href":"https:\/\/poccky.com\/index.php\/wp-json\/wp\/v2\/product_tag?post=246424"}],"curies":[{"name":"wp","href":"https:\/\/api.w.org\/{rel}","templated":true}]}}