{"id":246374,"date":"2023-10-25T14:30:57","date_gmt":"2023-10-25T14:30:57","guid":{"rendered":"https:\/\/poccky.com\/?post_type=product&#038;p=246374"},"modified":"2023-10-25T14:31:02","modified_gmt":"2023-10-25T14:31:02","slug":"ankara-sexy-lady-adasu","status":"publish","type":"product","link":"https:\/\/poccky.com\/index.php\/product\/ankara-sexy-lady-adasu\/","title":{"rendered":"ANKARA SEXY LADY ADASU"},"content":{"rendered":"","protected":false},"excerpt":{"rendered":"<p>ANKARA \u2018 NIN SEXY LADY \u2018 S?YLE TANI?MAYA HO?GELD?N?ZZZZ<br \/>\nADIM ADASU\u2026.<br \/>\n22 YA?INDAYIM\u2026\u2026.<br \/>\nG\u00d6R\u00dc?MELER?M? EV YADA OTELDE YAPIYORUM\u2026\u2026<br \/>\nEV BANA A?T OTELSE BEN?M BEL?RLED???M YADA<br \/>\nS?Z?N BEL?RLEYECE??N?Z G\u00dcVENL? RAHAT B?R<br \/>\nORTAMDA G\u00d6R\u00dc?ME GER\u00c7EKLE??R\u2026..<br \/>\nH?JYENE \u00d6NEM VEREN B?R?S?Y?M.<br \/>\nL\u00dcTFEN S?ZDE \u00d6NEM G\u00d6STER?RSEN?Z SEV?N?R?M\u2026.<br \/>\nANAL YAPMIYORUMMMMMMMMMMMMMM<br \/>\nA?ZA Y\u00dcZE BO?ALMA YOKKKKKKKKK<br \/>\n\u00dcCRET KONUSUNDA PAZARLI?I SEVMEM\u2026<br \/>\nAKS? DURUMDA G\u00d6R\u00dc?MEY? NOKTALARIM\u2026.<br \/>\nNASIL YAKLA?IRSANIZ AYNI ?EK?LDE KAR?ILI?INI ALIRSINIZ\u2026.<br \/>\nTELEFON G\u00d6R\u00dc?MELER?NDEDE AYNI ?EY GE\u00c7ERL?D?R\u2026.<br \/>\nKABALI?I ASLA SEVMEM M\u00dcMK\u00dcN OLDU?UNCA UZAK DURURUM\u2026..<br \/>\nTELEFONLARINIZA E?ER BAKAMIYORSAM MSJ BIRAKIRSANIZ MUTLAKA D\u00d6N\u00dc? YAPACA?IM S?ZE\u2026\u2026<br \/>\nG\u00d6R\u00dc?MELER?M RANDEVULUDUR\u2026<br \/>\nALINAN RANDEVULARSA YARIM SAAT ?\u00c7?NDE GER\u00c7EKLE??R\u2026..<br \/>\n0 506 906 97 92<br \/>\n\u00dcCRET B?LG?MM\u2026\u2026.<br \/>\n\u00dcCRETLER?M :\u2026\u2026.<br \/>\nTEK SEANS\u2026..100<br \/>\n?K? SENANS\u2026. 200<br \/>\n?K? SAAT?\u2026..300<br \/>\n\u00dc\u00c7 SAAT?\u2026..450<br \/>\nGECEL?K 12 ?LE 6 ARASI 850<br \/>\nANKARA DI?INA \u00c7IKMIYORUM<br \/>\n0 506 906 97 92 My details Below mentioned<\/p>\n<p>                Age:<br \/>\n                22<\/p>\n<p>                Height:<br \/>\n                1.70<\/p>\n<p>                Weight:<br \/>\n                50phone_android Phone:<br \/>\n          05069069792<\/p>\n","protected":false},"featured_media":234981,"comment_status":"open","ping_status":"closed","template":"","meta":{"site-sidebar-layout":"default","site-content-layout":"","ast-site-content-layout":"","site-content-style":"default","site-sidebar-style":"default","ast-global-header-display":"","ast-banner-title-visibility":"","ast-main-header-display":"","ast-hfb-above-header-display":"","ast-hfb-below-header-display":"","ast-hfb-mobile-header-display":"","site-post-title":"","ast-breadcrumbs-content":"","ast-featured-img":"","footer-sml-layout":"","theme-transparent-header-meta":"","adv-header-id-meta":"","stick-header-meta":"","header-above-stick-meta":"","header-main-stick-meta":"","header-below-stick-meta":"","astra-migrate-meta-layouts":"default","ast-page-background-enabled":"default","ast-page-background-meta":{"desktop":{"background-color":"var(--ast-global-color-4)","background-image":"","background-repeat":"repeat","background-position":"center center","background-size":"auto","background-attachment":"scroll","background-type":"","background-media":"","overlay-type":"","overlay-color":"","overlay-opacity":"","overlay-gradient":""},"tablet":{"background-color":"","background-image":"","background-repeat":"repeat","background-position":"center center","background-size":"auto","background-attachment":"scroll","background-type":"","background-media":"","overlay-type":"","overlay-color":"","overlay-opacity":"","overlay-gradient":""},"mobile":{"background-color":"","background-image":"","background-repeat":"repeat","background-position":"center center","background-size":"auto","background-attachment":"scroll","background-type":"","background-media":"","overlay-type":"","overlay-color":"","overlay-opacity":"","overlay-gradient":""}},"ast-content-background-meta":{"desktop":{"background-color":"var(--ast-global-color-5)","background-image":"","background-repeat":"repeat","background-position":"center center","background-size":"auto","background-attachment":"scroll","background-type":"","background-media":"","overlay-type":"","overlay-color":"","overlay-opacity":"","overlay-gradient":""},"tablet":{"background-color":"var(--ast-global-color-5)","background-image":"","background-repeat":"repeat","background-position":"center center","background-size":"auto","background-attachment":"scroll","background-type":"","background-media":"","overlay-type":"","overlay-color":"","overlay-opacity":"","overlay-gradient":""},"mobile":{"background-color":"var(--ast-global-color-5)","background-image":"","background-repeat":"repeat","background-position":"center center","background-size":"auto","background-attachment":"scroll","background-type":"","background-media":"","overlay-type":"","overlay-color":"","overlay-opacity":"","overlay-gradient":""}}},"product_brand":[],"product_cat":[987,188,243],"product_tag":[],"class_list":{"0":"post-246374","1":"product","2":"type-product","3":"status-publish","4":"has-post-thumbnail","6":"product_cat-ankara","7":"product_cat-freelancer","8":"product_cat-turky","9":"desktop-align-left","10":"tablet-align-left","11":"mobile-align-left","13":"first","14":"instock","15":"shipping-taxable","16":"product-type-simple"},"_links":{"self":[{"href":"https:\/\/poccky.com\/index.php\/wp-json\/wp\/v2\/product\/246374","targetHints":{"allow":["GET"]}}],"collection":[{"href":"https:\/\/poccky.com\/index.php\/wp-json\/wp\/v2\/product"}],"about":[{"href":"https:\/\/poccky.com\/index.php\/wp-json\/wp\/v2\/types\/product"}],"replies":[{"embeddable":true,"href":"https:\/\/poccky.com\/index.php\/wp-json\/wp\/v2\/comments?post=246374"}],"wp:featuredmedia":[{"embeddable":true,"href":"https:\/\/poccky.com\/index.php\/wp-json\/wp\/v2\/media\/234981"}],"wp:attachment":[{"href":"https:\/\/poccky.com\/index.php\/wp-json\/wp\/v2\/media?parent=246374"}],"wp:term":[{"taxonomy":"product_brand","embeddable":true,"href":"https:\/\/poccky.com\/index.php\/wp-json\/wp\/v2\/product_brand?post=246374"},{"taxonomy":"product_cat","embeddable":true,"href":"https:\/\/poccky.com\/index.php\/wp-json\/wp\/v2\/product_cat?post=246374"},{"taxonomy":"product_tag","embeddable":true,"href":"https:\/\/poccky.com\/index.php\/wp-json\/wp\/v2\/product_tag?post=246374"}],"curies":[{"name":"wp","href":"https:\/\/api.w.org\/{rel}","templated":true}]}}