{"id":246342,"date":"2023-10-25T10:55:43","date_gmt":"2023-10-25T10:55:43","guid":{"rendered":"https:\/\/poccky.com\/?post_type=product&#038;p=246342"},"modified":"2023-10-25T10:55:50","modified_gmt":"2023-10-25T10:55:50","slug":"new-bahar","status":"publish","type":"product","link":"https:\/\/poccky.com\/index.php\/product\/new-bahar\/","title":{"rendered":"NEW BAHAR"},"content":{"rendered":"","protected":false},"excerpt":{"rendered":"<p>ANKARALI EL?T BEYLER BEKL?YORUM<\/p>\n<p>BAHAR : 0 507 584 30 02<\/p>\n<p>Resimler bana aittir.<br \/>\n26 ya?inda 1.65 boy 55kg. titiz ve hijyen severim..<br \/>\nElit beyleri bekliyorum.<\/p>\n<p>Bir sevgili edas?nda hizmet vermekteyim.<\/p>\n<p>Benimle beraberken ho? vakit ge\u00e7irebilirsiniz.<\/p>\n<p>Kendi evimde. otellerde veya g\u00fcven duydu?um takdirde sizin yerinizde g\u00f6r\u00fc?\u00fcyorum..<\/p>\n<p>Kondomsuz ve ters ili?kiye girmiyorum.<\/p>\n<p>Resimlerim tamamen bana aittir. My details Below mentioned<\/p>\n<p>                Nationality:<br \/>\n                TURKEY <\/p>\n<p>                Languages:<br \/>\n                ENGLISH<\/p>\n<p>                Age:<br \/>\n                26<\/p>\n<p>                Height:<br \/>\n                165<\/p>\n<p>                Weight:<br \/>\n                52<\/p>\n<p>                Hair:<br \/>\n                LONG BLONDE<\/p>\n<p>                Eyes:<br \/>\n                ELA<\/p>\n<p>                Measurements:<br \/>\n                92-63-90phone_android Phone:<br \/>\n          05075843002<\/p>\n","protected":false},"featured_media":234831,"comment_status":"open","ping_status":"closed","template":"","meta":{"site-sidebar-layout":"default","site-content-layout":"","ast-site-content-layout":"","site-content-style":"default","site-sidebar-style":"default","ast-global-header-display":"","ast-banner-title-visibility":"","ast-main-header-display":"","ast-hfb-above-header-display":"","ast-hfb-below-header-display":"","ast-hfb-mobile-header-display":"","site-post-title":"","ast-breadcrumbs-content":"","ast-featured-img":"","footer-sml-layout":"","theme-transparent-header-meta":"","adv-header-id-meta":"","stick-header-meta":"","header-above-stick-meta":"","header-main-stick-meta":"","header-below-stick-meta":"","astra-migrate-meta-layouts":"default","ast-page-background-enabled":"default","ast-page-background-meta":{"desktop":{"background-color":"var(--ast-global-color-4)","background-image":"","background-repeat":"repeat","background-position":"center center","background-size":"auto","background-attachment":"scroll","background-type":"","background-media":"","overlay-type":"","overlay-color":"","overlay-opacity":"","overlay-gradient":""},"tablet":{"background-color":"","background-image":"","background-repeat":"repeat","background-position":"center center","background-size":"auto","background-attachment":"scroll","background-type":"","background-media":"","overlay-type":"","overlay-color":"","overlay-opacity":"","overlay-gradient":""},"mobile":{"background-color":"","background-image":"","background-repeat":"repeat","background-position":"center center","background-size":"auto","background-attachment":"scroll","background-type":"","background-media":"","overlay-type":"","overlay-color":"","overlay-opacity":"","overlay-gradient":""}},"ast-content-background-meta":{"desktop":{"background-color":"var(--ast-global-color-5)","background-image":"","background-repeat":"repeat","background-position":"center center","background-size":"auto","background-attachment":"scroll","background-type":"","background-media":"","overlay-type":"","overlay-color":"","overlay-opacity":"","overlay-gradient":""},"tablet":{"background-color":"var(--ast-global-color-5)","background-image":"","background-repeat":"repeat","background-position":"center center","background-size":"auto","background-attachment":"scroll","background-type":"","background-media":"","overlay-type":"","overlay-color":"","overlay-opacity":"","overlay-gradient":""},"mobile":{"background-color":"var(--ast-global-color-5)","background-image":"","background-repeat":"repeat","background-position":"center center","background-size":"auto","background-attachment":"scroll","background-type":"","background-media":"","overlay-type":"","overlay-color":"","overlay-opacity":"","overlay-gradient":""}}},"product_brand":[],"product_cat":[987,188,243],"product_tag":[],"class_list":{"0":"post-246342","1":"product","2":"type-product","3":"status-publish","4":"has-post-thumbnail","6":"product_cat-ankara","7":"product_cat-freelancer","8":"product_cat-turky","9":"desktop-align-left","10":"tablet-align-left","11":"mobile-align-left","13":"first","14":"instock","15":"shipping-taxable","16":"product-type-simple"},"_links":{"self":[{"href":"https:\/\/poccky.com\/index.php\/wp-json\/wp\/v2\/product\/246342","targetHints":{"allow":["GET"]}}],"collection":[{"href":"https:\/\/poccky.com\/index.php\/wp-json\/wp\/v2\/product"}],"about":[{"href":"https:\/\/poccky.com\/index.php\/wp-json\/wp\/v2\/types\/product"}],"replies":[{"embeddable":true,"href":"https:\/\/poccky.com\/index.php\/wp-json\/wp\/v2\/comments?post=246342"}],"wp:featuredmedia":[{"embeddable":true,"href":"https:\/\/poccky.com\/index.php\/wp-json\/wp\/v2\/media\/234831"}],"wp:attachment":[{"href":"https:\/\/poccky.com\/index.php\/wp-json\/wp\/v2\/media?parent=246342"}],"wp:term":[{"taxonomy":"product_brand","embeddable":true,"href":"https:\/\/poccky.com\/index.php\/wp-json\/wp\/v2\/product_brand?post=246342"},{"taxonomy":"product_cat","embeddable":true,"href":"https:\/\/poccky.com\/index.php\/wp-json\/wp\/v2\/product_cat?post=246342"},{"taxonomy":"product_tag","embeddable":true,"href":"https:\/\/poccky.com\/index.php\/wp-json\/wp\/v2\/product_tag?post=246342"}],"curies":[{"name":"wp","href":"https:\/\/api.w.org\/{rel}","templated":true}]}}