{"id":246333,"date":"2023-10-25T10:55:03","date_gmt":"2023-10-25T10:55:03","guid":{"rendered":"https:\/\/poccky.com\/?post_type=product&#038;p=246333"},"modified":"2023-10-25T10:55:04","modified_gmt":"2023-10-25T10:55:04","slug":"hett-exotiskt-svenskt-par-finns-i-sthlm","status":"publish","type":"product","link":"https:\/\/poccky.com\/index.php\/product\/hett-exotiskt-svenskt-par-finns-i-sthlm\/","title":{"rendered":"Hett exotiskt Svenskt Par finns i Sthlm"},"content":{"rendered":"","protected":false},"excerpt":{"rendered":"<p>Hej!<\/p>\n<p>Jag \u00e4r en glad lekfull trevlig social tjej 28. mycket s\u00f6t glad \u00f6ppen mysig sk\u00f6n. Svart burrigt l\u00e5ngt h\u00e5r att drunkna i. vackraste rumpan i stada 160 cm. 63 k.G chokladbruna siliconfria fasta o fina Ckupor f\u00f6r dig att njuta av Har fyra fina fylliga l\u00e4ppar som du g\u00e4rna f\u00e5r f\u00f6ra in din lem i. vill ha ett lager med gummi runt f\u00f6r de nedre l\u00e4pparna. Min partner \u00e4r 37. slimmad 180 cm. 70 kg trevlig o empatisk. Vi har b\u00e4gge tv\u00e5 bott hela livet i Sverige. \u00c4r r\u00f6k sprit o drogfria(okejdo 1 cider eller \u00f6l \u00e4ven Asti n\u00e4r det \u00e4r fest) v\u00e4ljer ist\u00e4llet att bejaka v\u00e5rat stora intresse SEX Jag tjejen t\u00e4nder verkligen p\u00e5 detta o gillar att hamna i mitten o ge dig njutning i ett porrigt sk\u00f6nt m\u00f6te. Vad \u00e4r dina fantasier? Vill g\u00f6ra v\u00e5rt b\u00e4sta f\u00f6r att du ska f\u00e5 uppleva dom p\u00e5 n\u00e4tet hittar du om du t ex s\u00f6ker parsex escort mer bilder o info om oss<\/p>\n<p>Vi \u00e4r mycket m\u00e5na om diskretion och sm\u00e4lter in som vilket par som helst utomhus n\u00e4r vi bes\u00f6ker ditt hem\/hotell\/st\u00e4lle och vill att du g\u00f6r det samma om du blir bjuden till v\u00e5rat mysiga trevliga st\u00e4lle med en garderob full med sexleksaker o spegel vid dubbels\u00e4ngen. N\u00e4r vi ses \u00e4r vi alltid fr\u00e4scha i snygga diskreta kl\u00e4der. Jag tjejen har fixat till mitt underbara l\u00e5nga svarta h\u00e5r sexiga underkl\u00e4der o inomhus har jag ofta h\u00f6ga high heels p\u00e5 mig My details Below mentioned<\/p>\n<p>                Nationality:<br \/>\n                Swedish <\/p>\n<p>                Languages:<br \/>\n                Swedish. English<\/p>\n<p>                Age:<br \/>\n                28<\/p>\n<p>                Height:<br \/>\n                160<\/p>\n<p>                Weight:<br \/>\n                63<\/p>\n<p>                Hair:<br \/>\n                Long black<\/p>\n<p>                Eyes:<br \/>\n                brownphone_android Phone:<br \/>\n          0720263767<\/p>\n","protected":false},"featured_media":234806,"comment_status":"open","ping_status":"closed","template":"","meta":{"site-sidebar-layout":"default","site-content-layout":"","ast-site-content-layout":"","site-content-style":"default","site-sidebar-style":"default","ast-global-header-display":"","ast-banner-title-visibility":"","ast-main-header-display":"","ast-hfb-above-header-display":"","ast-hfb-below-header-display":"","ast-hfb-mobile-header-display":"","site-post-title":"","ast-breadcrumbs-content":"","ast-featured-img":"","footer-sml-layout":"","theme-transparent-header-meta":"","adv-header-id-meta":"","stick-header-meta":"","header-above-stick-meta":"","header-main-stick-meta":"","header-below-stick-meta":"","astra-migrate-meta-layouts":"default","ast-page-background-enabled":"default","ast-page-background-meta":{"desktop":{"background-color":"var(--ast-global-color-4)","background-image":"","background-repeat":"repeat","background-position":"center center","background-size":"auto","background-attachment":"scroll","background-type":"","background-media":"","overlay-type":"","overlay-color":"","overlay-opacity":"","overlay-gradient":""},"tablet":{"background-color":"","background-image":"","background-repeat":"repeat","background-position":"center center","background-size":"auto","background-attachment":"scroll","background-type":"","background-media":"","overlay-type":"","overlay-color":"","overlay-opacity":"","overlay-gradient":""},"mobile":{"background-color":"","background-image":"","background-repeat":"repeat","background-position":"center center","background-size":"auto","background-attachment":"scroll","background-type":"","background-media":"","overlay-type":"","overlay-color":"","overlay-opacity":"","overlay-gradient":""}},"ast-content-background-meta":{"desktop":{"background-color":"var(--ast-global-color-5)","background-image":"","background-repeat":"repeat","background-position":"center center","background-size":"auto","background-attachment":"scroll","background-type":"","background-media":"","overlay-type":"","overlay-color":"","overlay-opacity":"","overlay-gradient":""},"tablet":{"background-color":"var(--ast-global-color-5)","background-image":"","background-repeat":"repeat","background-position":"center center","background-size":"auto","background-attachment":"scroll","background-type":"","background-media":"","overlay-type":"","overlay-color":"","overlay-opacity":"","overlay-gradient":""},"mobile":{"background-color":"var(--ast-global-color-5)","background-image":"","background-repeat":"repeat","background-position":"center center","background-size":"auto","background-attachment":"scroll","background-type":"","background-media":"","overlay-type":"","overlay-color":"","overlay-opacity":"","overlay-gradient":""}}},"product_brand":[],"product_cat":[188,1115,957],"product_tag":[],"class_list":{"0":"post-246333","1":"product","2":"type-product","3":"status-publish","4":"has-post-thumbnail","6":"product_cat-freelancer","7":"product_cat-stockholm","8":"product_cat-sweden","9":"desktop-align-left","10":"tablet-align-left","11":"mobile-align-left","13":"first","14":"instock","15":"shipping-taxable","16":"product-type-simple"},"_links":{"self":[{"href":"https:\/\/poccky.com\/index.php\/wp-json\/wp\/v2\/product\/246333","targetHints":{"allow":["GET"]}}],"collection":[{"href":"https:\/\/poccky.com\/index.php\/wp-json\/wp\/v2\/product"}],"about":[{"href":"https:\/\/poccky.com\/index.php\/wp-json\/wp\/v2\/types\/product"}],"replies":[{"embeddable":true,"href":"https:\/\/poccky.com\/index.php\/wp-json\/wp\/v2\/comments?post=246333"}],"wp:featuredmedia":[{"embeddable":true,"href":"https:\/\/poccky.com\/index.php\/wp-json\/wp\/v2\/media\/234806"}],"wp:attachment":[{"href":"https:\/\/poccky.com\/index.php\/wp-json\/wp\/v2\/media?parent=246333"}],"wp:term":[{"taxonomy":"product_brand","embeddable":true,"href":"https:\/\/poccky.com\/index.php\/wp-json\/wp\/v2\/product_brand?post=246333"},{"taxonomy":"product_cat","embeddable":true,"href":"https:\/\/poccky.com\/index.php\/wp-json\/wp\/v2\/product_cat?post=246333"},{"taxonomy":"product_tag","embeddable":true,"href":"https:\/\/poccky.com\/index.php\/wp-json\/wp\/v2\/product_tag?post=246333"}],"curies":[{"name":"wp","href":"https:\/\/api.w.org\/{rel}","templated":true}]}}