{"id":246329,"date":"2023-10-25T10:54:39","date_gmt":"2023-10-25T10:54:39","guid":{"rendered":"https:\/\/poccky.com\/?post_type=product&#038;p=246329"},"modified":"2023-10-25T10:54:42","modified_gmt":"2023-10-25T10:54:42","slug":"heta-susse-malmoe","status":"publish","type":"product","link":"https:\/\/poccky.com\/index.php\/product\/heta-susse-malmoe\/","title":{"rendered":"Heta Susse Malmoe"},"content":{"rendered":"","protected":false},"excerpt":{"rendered":"<p>V\u00e4lkommen till Susse. en riktigt het qvinna som kan bjuda dig rej\u00e4l njutning!<\/p>\n<p>Du kommer m\u00e4rka att jag \u00e4r en mjuk. naturlig och sensuell qvinna.<br \/>\nSer sex som en av livets tv\u00e5 n\u00f6dv\u00e4ndiga ingredienser och suger \u00e5t mig av detta livets njutningsmedel. tar tillvara p\u00e5 de h\u00e4rliga stunderna jag kan f\u00e5 och ge.<br \/>\nBlir upphetsad n\u00e4r jag f\u00e5r lukta p\u00e5 di.G smaka p\u00e5 dig och n\u00e4r jag m\u00e4rker hur du v\u00e4xer i min mun. Jag \u00e4lskar att suga dig stenh\u00e5rd. smaka o nafsa lite i din pung och massera dit h\u00e5l.<br \/>\nDu f\u00e5r v\u00e4ldigt g\u00e4rna slicka mi.G min h\u00e4rliga saftiga fitta. mina stora blygdl\u00e4ppar \u00e4lskar n\u00e4r du nafsar i dem och min anal \u00e4lskar att bli kysst och tungpullad.<br \/>\nMina mjuka och naturliga br\u00f6st i stl C85. \u00e4lskar n\u00e4r de blir slickade. nafsade i. dom stora br\u00f6stv\u00e5rtorna blir stenh\u00e5rda och jag blir rej\u00e4lt k\u00e5t.<br \/>\nD\u00e5 vill jag ibland att du tar mig mjukt och sensuellt. i olika st\u00e4llningar och d\u00e4r vi b\u00e5da k\u00e4nner hur det v\u00e4xer en varm str\u00f6m av extas Ibland vill jag att du st\u00f6ter h\u00e5rt och best\u00e4mt in i mi.G tar tag i mitt blonda h\u00e5r s\u00e5 mitt huvud \u00e5ker bak\u00e5t. daskar mig lite p\u00e5 stj\u00e4rten. jag kl\u00e4mmer \u00e5t med mina h\u00e4rliga muskler och vi k\u00e4nner hur vi kommer tillsammans.<br \/>\nVill ocks\u00e5 k\u00e4nna dig i mitt andra h\u00e5l. det ger s\u00e5n extremt intensiv och h\u00e4rlig k\u00e5thet och d\u00e5 har jag sv\u00e5rt f\u00f6r att h\u00e5lla tillbaka orgasmen.<br \/>\nDu f\u00e5r g\u00e4rna retas lite ocks\u00e5. dominera mig lite l\u00e4tt f\u00f6r de ger mig upphetsnin.G liksom om jag kan dominera dig lite.<\/p>\n<p>Jag \u00e4r inte bara mjuk och \u00f6ppen inom sex. jag \u00e4r ocks\u00e5 allm\u00e4nbildad. mycket trevli.G ut\u00e5triktad. jordn\u00e4ra och enkel person med h\u00f6g social kompetens. ett stort varmt hj\u00e4rta och har humor. S\u00e5 jag f\u00f6r mig med l\u00e4tthet i olika milj\u00f6er och kan f\u00f6ra diskussioner med de flesta med finess. diplomati och diskretion.<br \/>\nS\u00e5 du kan med f\u00f6rdel ha mig som s\u00e4llskapsdam med en happy ending.<\/p>\n<p>K\u00e4nner du dig sugen? Vill ha en riktigt het och h\u00e4rlig stund? Kontakta mig p\u00e5 antingen mail. sms eller telefon. Men f\u00f6r att vi b\u00e5da ska f\u00e5 ordentlig njutning tillsammans s\u00e5 kan du inte va allt f\u00f6r ung och heller inte mycket \u00e4ldre \u00e4n mig.<br \/>\nOch f\u00f6r att jag ska boka in en tr\u00e4ff med dig s\u00e5 kr\u00e4vs ett telefonsamtal. d\u00e4r vi f\u00e5r en f\u00f6rsta k\u00e4nsla av om det kan va aktuellt med en tr\u00e4ff.<\/p>\n<p>Jag finns i Malm\u00f6 &#8211; Helsingbor.G men kan t\u00e4nka mig att resa till andra st\u00e4llen. D\u00e5 st\u00e5r du f\u00f6r min resekostnad och du beh\u00f6ver ringa mig minst en dag innan om det \u00e4r inom Sk\u00e5ne. F\u00f6r l\u00e4ngre str\u00e4ckor beh\u00f6ver jag veta minst tv\u00e5 dagar innan. My details Below mentioned<\/p>\n<p>                Nationality:<br \/>\n                Swedish <\/p>\n<p>                Languages:<br \/>\n                swedish.  english<\/p>\n<p>                Age:<br \/>\n                45<\/p>\n<p>                Height:<br \/>\n                156cm<\/p>\n<p>                Weight:<br \/>\n                70<\/p>\n<p>                Hair:<br \/>\n                halflong blonde<\/p>\n<p>                Eyes:<br \/>\n                bluephone_android Phone:<br \/>\n          +46709779321<\/p>\n","protected":false},"featured_media":234792,"comment_status":"open","ping_status":"closed","template":"","meta":{"site-sidebar-layout":"default","site-content-layout":"","ast-site-content-layout":"","site-content-style":"default","site-sidebar-style":"default","ast-global-header-display":"","ast-banner-title-visibility":"","ast-main-header-display":"","ast-hfb-above-header-display":"","ast-hfb-below-header-display":"","ast-hfb-mobile-header-display":"","site-post-title":"","ast-breadcrumbs-content":"","ast-featured-img":"","footer-sml-layout":"","theme-transparent-header-meta":"","adv-header-id-meta":"","stick-header-meta":"","header-above-stick-meta":"","header-main-stick-meta":"","header-below-stick-meta":"","astra-migrate-meta-layouts":"default","ast-page-background-enabled":"default","ast-page-background-meta":{"desktop":{"background-color":"var(--ast-global-color-4)","background-image":"","background-repeat":"repeat","background-position":"center center","background-size":"auto","background-attachment":"scroll","background-type":"","background-media":"","overlay-type":"","overlay-color":"","overlay-opacity":"","overlay-gradient":""},"tablet":{"background-color":"","background-image":"","background-repeat":"repeat","background-position":"center center","background-size":"auto","background-attachment":"scroll","background-type":"","background-media":"","overlay-type":"","overlay-color":"","overlay-opacity":"","overlay-gradient":""},"mobile":{"background-color":"","background-image":"","background-repeat":"repeat","background-position":"center center","background-size":"auto","background-attachment":"scroll","background-type":"","background-media":"","overlay-type":"","overlay-color":"","overlay-opacity":"","overlay-gradient":""}},"ast-content-background-meta":{"desktop":{"background-color":"var(--ast-global-color-5)","background-image":"","background-repeat":"repeat","background-position":"center center","background-size":"auto","background-attachment":"scroll","background-type":"","background-media":"","overlay-type":"","overlay-color":"","overlay-opacity":"","overlay-gradient":""},"tablet":{"background-color":"var(--ast-global-color-5)","background-image":"","background-repeat":"repeat","background-position":"center center","background-size":"auto","background-attachment":"scroll","background-type":"","background-media":"","overlay-type":"","overlay-color":"","overlay-opacity":"","overlay-gradient":""},"mobile":{"background-color":"var(--ast-global-color-5)","background-image":"","background-repeat":"repeat","background-position":"center center","background-size":"auto","background-attachment":"scroll","background-type":"","background-media":"","overlay-type":"","overlay-color":"","overlay-opacity":"","overlay-gradient":""}}},"product_brand":[],"product_cat":[188,1115,957],"product_tag":[],"class_list":{"0":"post-246329","1":"product","2":"type-product","3":"status-publish","4":"has-post-thumbnail","6":"product_cat-freelancer","7":"product_cat-stockholm","8":"product_cat-sweden","9":"desktop-align-left","10":"tablet-align-left","11":"mobile-align-left","13":"first","14":"instock","15":"shipping-taxable","16":"product-type-simple"},"_links":{"self":[{"href":"https:\/\/poccky.com\/index.php\/wp-json\/wp\/v2\/product\/246329","targetHints":{"allow":["GET"]}}],"collection":[{"href":"https:\/\/poccky.com\/index.php\/wp-json\/wp\/v2\/product"}],"about":[{"href":"https:\/\/poccky.com\/index.php\/wp-json\/wp\/v2\/types\/product"}],"replies":[{"embeddable":true,"href":"https:\/\/poccky.com\/index.php\/wp-json\/wp\/v2\/comments?post=246329"}],"wp:featuredmedia":[{"embeddable":true,"href":"https:\/\/poccky.com\/index.php\/wp-json\/wp\/v2\/media\/234792"}],"wp:attachment":[{"href":"https:\/\/poccky.com\/index.php\/wp-json\/wp\/v2\/media?parent=246329"}],"wp:term":[{"taxonomy":"product_brand","embeddable":true,"href":"https:\/\/poccky.com\/index.php\/wp-json\/wp\/v2\/product_brand?post=246329"},{"taxonomy":"product_cat","embeddable":true,"href":"https:\/\/poccky.com\/index.php\/wp-json\/wp\/v2\/product_cat?post=246329"},{"taxonomy":"product_tag","embeddable":true,"href":"https:\/\/poccky.com\/index.php\/wp-json\/wp\/v2\/product_tag?post=246329"}],"curies":[{"name":"wp","href":"https:\/\/api.w.org\/{rel}","templated":true}]}}