{"id":246263,"date":"2023-10-25T09:46:12","date_gmt":"2023-10-25T09:46:12","guid":{"rendered":"https:\/\/poccky.com\/?post_type=product&#038;p=246263"},"modified":"2023-10-25T09:46:17","modified_gmt":"2023-10-25T09:46:17","slug":"ada-3","status":"publish","type":"product","link":"https:\/\/poccky.com\/index.php\/product\/ada-3\/","title":{"rendered":"ada"},"content":{"rendered":"","protected":false},"excerpt":{"rendered":"<p>ankara bayan escort ada*<br \/>\nMerhaba &#8221;Herg\u00fcn 09:00 ve 20:00 aras? kendi evimde veya 4****5*****y?ld?zl? otelde bulu?al?m.&#8221;<br \/>\n?smim ADA<br \/>\nZarif heyecanl?.nazik.?ehvetli ve buna benzer bir\u00e7ok taraf?m var.<br \/>\nE?lenceli zamanlar ge\u00e7irmek i\u00e7in ben burday?m.<br \/>\nZaman?m? A?K yapmay? seven ve bilen beylerle ge\u00e7irmeyi seviyorum.<br \/>\nSeninle iyi vakit ge\u00e7irece?imizi biliyorum.<\/p>\n<p>O ZAMANA KADAR ESCORT ADA!&#8230;&#8230;<\/p>\n<p>Benim amac?m. benzersiz konseptim.profosyenel.samimi ve duygusall?kla bulu?mam?zda ola?an\u00fcst\u00fc bir kad?n? sana vermektir.<br \/>\nEger e?lenceli ve biraz farkl? bir deneyim isterseniz..<\/p>\n<p>O ZAMANA KADAR ESCORT ADA!&#8230;..<\/p>\n<p>Kendini 18 hissettiren k?v?lc?mla.unutulmaz bir anla.tazelenmi? ve canlanm?? olarak yan?mdan ayr?l?yor olacaks?n.<br \/>\nGizlilik ikimiz i\u00e7inde \u00f6nemli.K\u00fc\u00e7\u00fck bir ka\u00e7amak ufak bir kahve molas?\u2026.<\/p>\n<p>O ZAMANA KADAR ESCORT ADA!&#8230;..<\/p>\n<p>Benim g\u00fczel ve koyu siyah sa\u00e7lar?m.\u00e7arp?c? ve etkileyici g\u00f6zlerim.dudaklar?msa dolgun ve herzaman harika bir g\u00fcl\u00fcmseme sunuyor olacak sana.<br \/>\nArzular?n? tatmin edecek nitelikte oldu?uma inan?yorum.\u00c7\u00fcnk\u00fc 24 ya??nday?m.Beyaz tenli.kusursuz. sedef gibi bir vucuda sahibim.<\/p>\n<p>O ZAMANA KADAR ESCORT ADA!&#8230;..<\/p>\n<p>Bu oyunun ad? MASAJ d?r.Ve ben oyun oynamay? seviyorum.?nan?lmaz bir oyun i\u00e7in sahne kendi EV?M&#8230;.<br \/>\nL\u00fcxs.temiz ve konforludur.Resimlrim benimdir.\u00e7\u00fcnk\u00fc ben ger\u00e7e?im&#8230;.<\/p>\n<p>O ZAMANA KADAR ESCORT ADA!&#8230;&#8230;<\/p>\n<p>I??ldayan mumlar.fonda klasik bir m\u00fczik e?li?inde sen bir?eyler yudumlarken.parmaklar?mdaki sihirle v\u00fccudunu bana b?rakt???nda<br \/>\ninan bana g\u00f6ky\u00fcz\u00fcn\u00fcn binlerce fitt y\u00fcksekli?inde bulutlar?n \u00fczerinde oldu?unu hissedeceksin&#8230;.<\/p>\n<p>O ZAMANA KADAR ESCORT ADA!&#8230;..<\/p>\n<p>Bir kad?n?n y\u00fcz\u00fcnde ta??d??? ifade. s?rt?na giydi?i elbiseden daha \u00f6nemlidir\u2026<br \/>\nTabiki bunu bende isterim!&#8230;.<\/p>\n<p>Talep edilen \u00fccret kanuni yeti?kin ki?isel e?lik etme servisi \u00fccreti olup. e?lik edilen s\u00fcre ve arkada?l?k etme i\u00e7in al?n?r.<\/p>\n<p>Tekim ve tek bekliyorum.<br \/>\nKonsept<br \/>\n1 kez:150 TL.<br \/>\n1 Saat :2 kez:250TL.<br \/>\nMasaj dahil&#8230;.<\/p>\n<p>Masaj salonu de?ildir.<br \/>\nTelefonuma ula?amazsan?z randevu i\u00e7in mesaj atabilirsiniz.<\/p>\n<p>&#8221; Daha uzun s\u00fcreli g\u00f6r\u00fc?meler yapm?yorum.&#8221;<br \/>\n&#8221;Herg\u00fcn 09:00 ve 21:00 aras? bulu?al?m.&#8221;<\/p>\n<p>TUTKUYLA SEVG?LER<\/p>\n<p>O ZAMANA KADAR ANKARA ESCORT ADA!&#8230;&#8230;<\/p>\n<p>heyecanl?.<br \/>\nyeni.<br \/>\nEgzotik ve g\u00fczel.<br \/>\nKad?ns? ve \u00e7ekici.<br \/>\nG\u00fczel ve ho?.<br \/>\nTutkulu ve unutulmaz.<br \/>\nSon derece yaramaz.<br \/>\nA?IRI TATLI !&#8230;.ANKARA ESCORT ADA!&#8230;.<br \/>\nDaha ne olsun&#8230;&#8230;.\u00f6pt\u00fcm&#8230;&#8230;<\/p>\n<p>05347473904<\/p>\n<p>ANKARA\/\u00c7ANKAYA<\/p>\n<p>Kaliteli Vip Escort My details Below mentioned<\/p>\n<p>                Nationality:<br \/>\n                turkey <\/p>\n<p>                Languages:<br \/>\n                ankara<\/p>\n<p>                Age:<br \/>\n                25<\/p>\n<p>                Height:<br \/>\n                175<\/p>\n<p>                Weight:<br \/>\n                60<\/p>\n<p>                Measurements:<br \/>\n                90-60-90phone_android Phone:<br \/>\n          05347473904<\/p>\n","protected":false},"featured_media":234542,"comment_status":"open","ping_status":"closed","template":"","meta":{"site-sidebar-layout":"default","site-content-layout":"","ast-site-content-layout":"","site-content-style":"default","site-sidebar-style":"default","ast-global-header-display":"","ast-banner-title-visibility":"","ast-main-header-display":"","ast-hfb-above-header-display":"","ast-hfb-below-header-display":"","ast-hfb-mobile-header-display":"","site-post-title":"","ast-breadcrumbs-content":"","ast-featured-img":"","footer-sml-layout":"","theme-transparent-header-meta":"","adv-header-id-meta":"","stick-header-meta":"","header-above-stick-meta":"","header-main-stick-meta":"","header-below-stick-meta":"","astra-migrate-meta-layouts":"default","ast-page-background-enabled":"default","ast-page-background-meta":{"desktop":{"background-color":"var(--ast-global-color-4)","background-image":"","background-repeat":"repeat","background-position":"center center","background-size":"auto","background-attachment":"scroll","background-type":"","background-media":"","overlay-type":"","overlay-color":"","overlay-opacity":"","overlay-gradient":""},"tablet":{"background-color":"","background-image":"","background-repeat":"repeat","background-position":"center center","background-size":"auto","background-attachment":"scroll","background-type":"","background-media":"","overlay-type":"","overlay-color":"","overlay-opacity":"","overlay-gradient":""},"mobile":{"background-color":"","background-image":"","background-repeat":"repeat","background-position":"center center","background-size":"auto","background-attachment":"scroll","background-type":"","background-media":"","overlay-type":"","overlay-color":"","overlay-opacity":"","overlay-gradient":""}},"ast-content-background-meta":{"desktop":{"background-color":"var(--ast-global-color-5)","background-image":"","background-repeat":"repeat","background-position":"center center","background-size":"auto","background-attachment":"scroll","background-type":"","background-media":"","overlay-type":"","overlay-color":"","overlay-opacity":"","overlay-gradient":""},"tablet":{"background-color":"var(--ast-global-color-5)","background-image":"","background-repeat":"repeat","background-position":"center center","background-size":"auto","background-attachment":"scroll","background-type":"","background-media":"","overlay-type":"","overlay-color":"","overlay-opacity":"","overlay-gradient":""},"mobile":{"background-color":"var(--ast-global-color-5)","background-image":"","background-repeat":"repeat","background-position":"center center","background-size":"auto","background-attachment":"scroll","background-type":"","background-media":"","overlay-type":"","overlay-color":"","overlay-opacity":"","overlay-gradient":""}}},"product_brand":[],"product_cat":[987,188,243],"product_tag":[],"class_list":{"0":"post-246263","1":"product","2":"type-product","3":"status-publish","4":"has-post-thumbnail","6":"product_cat-ankara","7":"product_cat-freelancer","8":"product_cat-turky","9":"desktop-align-left","10":"tablet-align-left","11":"mobile-align-left","13":"first","14":"instock","15":"shipping-taxable","16":"product-type-simple"},"_links":{"self":[{"href":"https:\/\/poccky.com\/index.php\/wp-json\/wp\/v2\/product\/246263","targetHints":{"allow":["GET"]}}],"collection":[{"href":"https:\/\/poccky.com\/index.php\/wp-json\/wp\/v2\/product"}],"about":[{"href":"https:\/\/poccky.com\/index.php\/wp-json\/wp\/v2\/types\/product"}],"replies":[{"embeddable":true,"href":"https:\/\/poccky.com\/index.php\/wp-json\/wp\/v2\/comments?post=246263"}],"wp:featuredmedia":[{"embeddable":true,"href":"https:\/\/poccky.com\/index.php\/wp-json\/wp\/v2\/media\/234542"}],"wp:attachment":[{"href":"https:\/\/poccky.com\/index.php\/wp-json\/wp\/v2\/media?parent=246263"}],"wp:term":[{"taxonomy":"product_brand","embeddable":true,"href":"https:\/\/poccky.com\/index.php\/wp-json\/wp\/v2\/product_brand?post=246263"},{"taxonomy":"product_cat","embeddable":true,"href":"https:\/\/poccky.com\/index.php\/wp-json\/wp\/v2\/product_cat?post=246263"},{"taxonomy":"product_tag","embeddable":true,"href":"https:\/\/poccky.com\/index.php\/wp-json\/wp\/v2\/product_tag?post=246263"}],"curies":[{"name":"wp","href":"https:\/\/api.w.org\/{rel}","templated":true}]}}