{"id":246227,"date":"2023-10-25T09:42:13","date_gmt":"2023-10-25T09:42:13","guid":{"rendered":"https:\/\/poccky.com\/?post_type=product&#038;p=246227"},"modified":"2023-10-25T09:42:16","modified_gmt":"2023-10-25T09:42:16","slug":"taksim-bayan-selma","status":"publish","type":"product","link":"https:\/\/poccky.com\/index.php\/product\/taksim-bayan-selma\/","title":{"rendered":"TAKSIM BAYAN SELMA"},"content":{"rendered":"","protected":false},"excerpt":{"rendered":"<p>MERHABA BEN SELMA<br \/>\nKEND? .EV?MDE ve OTELDE. BEYLERE .SINIRSIZ. (ANAL). H?ZMET?. VERMEKTEY?M<br \/>\nEV?MDE 3.B?R ?AHSA ?Z?N VERM?YORUM<br \/>\nFARKIM HO? SOHBET?M G\u00dcLEN Y\u00dcZ\u00dcM TADIM VE YATA?IM OLDU B?TT?YE GET?RMEY? SEVMEM KAHVEN?Z? ?\u00c7?P DUSUNUZU ALAB?L?RS?N?Z ::::::::::::<br \/>\n?STEGE BAGLI \u00d6ZEL H?ZMETLER?M<br \/>\nMAKAT MASAJI.ANAL.Strapon ATMI?DKUZ.(BELDENBAGLAMA) vibrat\u00f6r .FETISST. . SADO.. ALlTIN DU?. VS.VS.VS SINIRSIZ B?R KADIN<\/p>\n<p>::::::::::::::::::::?LET???M::::::<br \/>\nGSM :<br \/>\nRES?MLER?M ?\u00c7?N:<\/p>\n<p>http:\/\/istanbulpartner.jimdo.com\/ My details Below mentioned<\/p>\n<p>                Nationality:<br \/>\n                T\u00dcRK <\/p>\n<p>                Age:<br \/>\n                26<\/p>\n<p>                Height:<br \/>\n                170<\/p>\n<p>                Weight:<br \/>\n                55<\/p>\n<p>                Hair:<br \/>\n                UZUN KAHVE<\/p>\n","protected":false},"featured_media":234379,"comment_status":"open","ping_status":"closed","template":"","meta":{"site-sidebar-layout":"default","site-content-layout":"","ast-site-content-layout":"","site-content-style":"default","site-sidebar-style":"default","ast-global-header-display":"","ast-banner-title-visibility":"","ast-main-header-display":"","ast-hfb-above-header-display":"","ast-hfb-below-header-display":"","ast-hfb-mobile-header-display":"","site-post-title":"","ast-breadcrumbs-content":"","ast-featured-img":"","footer-sml-layout":"","theme-transparent-header-meta":"","adv-header-id-meta":"","stick-header-meta":"","header-above-stick-meta":"","header-main-stick-meta":"","header-below-stick-meta":"","astra-migrate-meta-layouts":"default","ast-page-background-enabled":"default","ast-page-background-meta":{"desktop":{"background-color":"var(--ast-global-color-4)","background-image":"","background-repeat":"repeat","background-position":"center center","background-size":"auto","background-attachment":"scroll","background-type":"","background-media":"","overlay-type":"","overlay-color":"","overlay-opacity":"","overlay-gradient":""},"tablet":{"background-color":"","background-image":"","background-repeat":"repeat","background-position":"center center","background-size":"auto","background-attachment":"scroll","background-type":"","background-media":"","overlay-type":"","overlay-color":"","overlay-opacity":"","overlay-gradient":""},"mobile":{"background-color":"","background-image":"","background-repeat":"repeat","background-position":"center center","background-size":"auto","background-attachment":"scroll","background-type":"","background-media":"","overlay-type":"","overlay-color":"","overlay-opacity":"","overlay-gradient":""}},"ast-content-background-meta":{"desktop":{"background-color":"var(--ast-global-color-5)","background-image":"","background-repeat":"repeat","background-position":"center center","background-size":"auto","background-attachment":"scroll","background-type":"","background-media":"","overlay-type":"","overlay-color":"","overlay-opacity":"","overlay-gradient":""},"tablet":{"background-color":"var(--ast-global-color-5)","background-image":"","background-repeat":"repeat","background-position":"center center","background-size":"auto","background-attachment":"scroll","background-type":"","background-media":"","overlay-type":"","overlay-color":"","overlay-opacity":"","overlay-gradient":""},"mobile":{"background-color":"var(--ast-global-color-5)","background-image":"","background-repeat":"repeat","background-position":"center center","background-size":"auto","background-attachment":"scroll","background-type":"","background-media":"","overlay-type":"","overlay-color":"","overlay-opacity":"","overlay-gradient":""}}},"product_brand":[],"product_cat":[188,1113,243],"product_tag":[],"class_list":{"0":"post-246227","1":"product","2":"type-product","3":"status-publish","4":"has-post-thumbnail","6":"product_cat-freelancer","7":"product_cat-istanbul","8":"product_cat-turky","9":"desktop-align-left","10":"tablet-align-left","11":"mobile-align-left","13":"first","14":"instock","15":"shipping-taxable","16":"product-type-simple"},"_links":{"self":[{"href":"https:\/\/poccky.com\/index.php\/wp-json\/wp\/v2\/product\/246227","targetHints":{"allow":["GET"]}}],"collection":[{"href":"https:\/\/poccky.com\/index.php\/wp-json\/wp\/v2\/product"}],"about":[{"href":"https:\/\/poccky.com\/index.php\/wp-json\/wp\/v2\/types\/product"}],"replies":[{"embeddable":true,"href":"https:\/\/poccky.com\/index.php\/wp-json\/wp\/v2\/comments?post=246227"}],"wp:featuredmedia":[{"embeddable":true,"href":"https:\/\/poccky.com\/index.php\/wp-json\/wp\/v2\/media\/234379"}],"wp:attachment":[{"href":"https:\/\/poccky.com\/index.php\/wp-json\/wp\/v2\/media?parent=246227"}],"wp:term":[{"taxonomy":"product_brand","embeddable":true,"href":"https:\/\/poccky.com\/index.php\/wp-json\/wp\/v2\/product_brand?post=246227"},{"taxonomy":"product_cat","embeddable":true,"href":"https:\/\/poccky.com\/index.php\/wp-json\/wp\/v2\/product_cat?post=246227"},{"taxonomy":"product_tag","embeddable":true,"href":"https:\/\/poccky.com\/index.php\/wp-json\/wp\/v2\/product_tag?post=246227"}],"curies":[{"name":"wp","href":"https:\/\/api.w.org\/{rel}","templated":true}]}}