{"id":246170,"date":"2023-10-25T09:36:19","date_gmt":"2023-10-25T09:36:19","guid":{"rendered":"https:\/\/poccky.com\/?post_type=product&#038;p=246170"},"modified":"2023-10-25T09:36:23","modified_gmt":"2023-10-25T09:36:23","slug":"ankaral-buse","status":"publish","type":"product","link":"https:\/\/poccky.com\/index.php\/product\/ankaral-buse\/","title":{"rendered":"ankaral &#8211; buse"},"content":{"rendered":"","protected":false},"excerpt":{"rendered":"<p>KOMPLEKSLI BIR KIZ DEGILIM RAHAT VE CANA YAKIN BIR KIZIM. KAL?TE VE MEMNUN?YET ISTEYEN BEYLER?N YEN? SEVG?L?S? BUSE ?LE RAHAT OLUN VE HAYATIN TADINI CIKARIN<br \/>\nGizlilik ve hijyen temel prensiplerimdir ayn? \u00f6zeni siz de?erli misafirleriminde g\u00f6stermesini rica ederim.<\/p>\n<p>Sexte ?unu yapmam bunu yapmam demiyorum.ama bizler insan?z ve cinsellik temel bir ihtiya\u00e7t?r cinsellik iki ki?i aras?nda ya?anan \u00e7ok \u00f6zel bir duygudur.<\/p>\n<p>Bir arkada? gibi oturur sohbet eder sonra yatak odas?nda ya?an?lacaklar ya?an?l?r ve orda kal?r.<\/p>\n<p>Sexte ya?an?lmas? gereken her?ey ya?an?l?r ama sa?l???m?z? tehdit edecek (kondom ?art) hi\u00e7 bir?ey yapm?yorum.kendimi ne kadar d\u00fc?\u00fcn\u00fcyorsam emin olun sizin sa?l???n?z?da o kadar d\u00fc?\u00fcn\u00fcyorum.<\/p>\n<p>Sizi kar??larken k?l?k k?yafetime temizli?ime son derece \u00f6zen g\u00f6steririm.kendi evinizdeymi? gibi rahat olaca??n?zdan emin olun.<\/p>\n<p>Kesinlikle ters ili?ki teklif etmeyiniz kabul etmiyorum.<\/p>\n<p>MRH: BEN BUSE 25 YA?INDAYIM 165 BOYUNDA 50 KG<br \/>\nESMER KUMRAL TENL? B?R \u00c7ITIRIM<br \/>\nTLF:0537 823 88 09<br \/>\nSAAT 12:00 :GECE: 00:00 ARASI \u00c7ALI?IYORUM<br \/>\nNOT : ANKARA DI?I BO? MUHABET ?\u00c7?N M\u00dcMK\u00dcNSE ARAMAYINIZ<br \/>\nGECEL?K KALMIYORUM<br \/>\nADRES: ANKARA \/ CEBEC? 4 YOL My details Below mentionedphone_android Phone:<br \/>\n          05378238809<\/p>\n","protected":false},"featured_media":234167,"comment_status":"open","ping_status":"closed","template":"","meta":{"site-sidebar-layout":"default","site-content-layout":"","ast-site-content-layout":"","site-content-style":"default","site-sidebar-style":"default","ast-global-header-display":"","ast-banner-title-visibility":"","ast-main-header-display":"","ast-hfb-above-header-display":"","ast-hfb-below-header-display":"","ast-hfb-mobile-header-display":"","site-post-title":"","ast-breadcrumbs-content":"","ast-featured-img":"","footer-sml-layout":"","theme-transparent-header-meta":"","adv-header-id-meta":"","stick-header-meta":"","header-above-stick-meta":"","header-main-stick-meta":"","header-below-stick-meta":"","astra-migrate-meta-layouts":"default","ast-page-background-enabled":"default","ast-page-background-meta":{"desktop":{"background-color":"var(--ast-global-color-4)","background-image":"","background-repeat":"repeat","background-position":"center center","background-size":"auto","background-attachment":"scroll","background-type":"","background-media":"","overlay-type":"","overlay-color":"","overlay-opacity":"","overlay-gradient":""},"tablet":{"background-color":"","background-image":"","background-repeat":"repeat","background-position":"center center","background-size":"auto","background-attachment":"scroll","background-type":"","background-media":"","overlay-type":"","overlay-color":"","overlay-opacity":"","overlay-gradient":""},"mobile":{"background-color":"","background-image":"","background-repeat":"repeat","background-position":"center center","background-size":"auto","background-attachment":"scroll","background-type":"","background-media":"","overlay-type":"","overlay-color":"","overlay-opacity":"","overlay-gradient":""}},"ast-content-background-meta":{"desktop":{"background-color":"var(--ast-global-color-5)","background-image":"","background-repeat":"repeat","background-position":"center center","background-size":"auto","background-attachment":"scroll","background-type":"","background-media":"","overlay-type":"","overlay-color":"","overlay-opacity":"","overlay-gradient":""},"tablet":{"background-color":"var(--ast-global-color-5)","background-image":"","background-repeat":"repeat","background-position":"center center","background-size":"auto","background-attachment":"scroll","background-type":"","background-media":"","overlay-type":"","overlay-color":"","overlay-opacity":"","overlay-gradient":""},"mobile":{"background-color":"var(--ast-global-color-5)","background-image":"","background-repeat":"repeat","background-position":"center center","background-size":"auto","background-attachment":"scroll","background-type":"","background-media":"","overlay-type":"","overlay-color":"","overlay-opacity":"","overlay-gradient":""}}},"product_brand":[],"product_cat":[987,188,243],"product_tag":[],"class_list":{"0":"post-246170","1":"product","2":"type-product","3":"status-publish","4":"has-post-thumbnail","6":"product_cat-ankara","7":"product_cat-freelancer","8":"product_cat-turky","9":"desktop-align-left","10":"tablet-align-left","11":"mobile-align-left","13":"first","14":"instock","15":"shipping-taxable","16":"product-type-simple"},"_links":{"self":[{"href":"https:\/\/poccky.com\/index.php\/wp-json\/wp\/v2\/product\/246170","targetHints":{"allow":["GET"]}}],"collection":[{"href":"https:\/\/poccky.com\/index.php\/wp-json\/wp\/v2\/product"}],"about":[{"href":"https:\/\/poccky.com\/index.php\/wp-json\/wp\/v2\/types\/product"}],"replies":[{"embeddable":true,"href":"https:\/\/poccky.com\/index.php\/wp-json\/wp\/v2\/comments?post=246170"}],"wp:featuredmedia":[{"embeddable":true,"href":"https:\/\/poccky.com\/index.php\/wp-json\/wp\/v2\/media\/234167"}],"wp:attachment":[{"href":"https:\/\/poccky.com\/index.php\/wp-json\/wp\/v2\/media?parent=246170"}],"wp:term":[{"taxonomy":"product_brand","embeddable":true,"href":"https:\/\/poccky.com\/index.php\/wp-json\/wp\/v2\/product_brand?post=246170"},{"taxonomy":"product_cat","embeddable":true,"href":"https:\/\/poccky.com\/index.php\/wp-json\/wp\/v2\/product_cat?post=246170"},{"taxonomy":"product_tag","embeddable":true,"href":"https:\/\/poccky.com\/index.php\/wp-json\/wp\/v2\/product_tag?post=246170"}],"curies":[{"name":"wp","href":"https:\/\/api.w.org\/{rel}","templated":true}]}}