{"id":246165,"date":"2023-10-25T09:35:53","date_gmt":"2023-10-25T09:35:53","guid":{"rendered":"https:\/\/poccky.com\/?post_type=product&#038;p=246165"},"modified":"2023-10-25T09:36:01","modified_gmt":"2023-10-25T09:36:01","slug":"mistress-noor","status":"publish","type":"product","link":"https:\/\/poccky.com\/index.php\/product\/mistress-noor\/","title":{"rendered":"Mistress Noor"},"content":{"rendered":"","protected":false},"excerpt":{"rendered":"<p>Mistress Noor. joven muy atractiva. elegante. espa\u00f1ola. discreto gabinete en el coraz\u00f3n de Madrid. Mi mazmorra te aguarda. mi fusta te desea. no temas\u2026<\/p>\n<p>Mi experiencia me permite hacer realidad tus m\u00e1s ocultas perversiones. aquellas que ni te atreves a pedir o incluso desconoces&#8230; Todos los niveles. Te educar\u00e9 para ser un buen perrito educado a los pies de cualquier Diosa.<br \/>\nEntre mis practicas preferidas se encuentran: humillaci\u00f3n f\u00edsica y verbal. face-sittin.G momificaci\u00f3n. inmovilizaci\u00f3n. tramplin.G disciplina inglesa (fusta.pala.mano vara.latigo).depilaci\u00f3n real con cera corporal\u2026arn\u00e9s. pinzas. saliva. bofetones . lluvia dorada. tortura de pezones. agujas. dilataci\u00f3n uretral. dilataci\u00f3n anal. adoraci\u00f3n pies. zapatos de tac\u00f3n y botas. bisexualidad forzada. exhibici\u00f3n p\u00fablica. sesiones con otras D\u00f3minas\u2026.<br \/>\nCada sesi\u00f3n que tengas conmigo ser\u00e1 como la primera vez\u2026 no sabr\u00e1s lo que te esperar\u00e1\u2026.siempre hay una sorpresa por descubrir. Cuando comiences tu viaje. Yo te llevar\u00e9 a t\u00fa destino\u2026<br \/>\nDiscreci\u00f3n absoluta. Ll\u00e1mame en horas diurnas. sin n\u00famero oculto. Pres\u00e9ntate a la hora acordada para tu sesi\u00f3n. desde las 10h hasta las 21h.<br \/>\nwww.mistressnoor.com My details Below mentioned<\/p>\n<p>                Nationality:<br \/>\n                Espa\u00f1ola <\/p>\n<p>                Languages:<br \/>\n                Espa\u00f1ol<\/p>\n<p>                Hair:<br \/>\n                Rubiophone_android Phone:<br \/>\n          632693166<\/p>\n","protected":false},"featured_media":234150,"comment_status":"open","ping_status":"closed","template":"","meta":{"site-sidebar-layout":"default","site-content-layout":"","ast-site-content-layout":"","site-content-style":"default","site-sidebar-style":"default","ast-global-header-display":"","ast-banner-title-visibility":"","ast-main-header-display":"","ast-hfb-above-header-display":"","ast-hfb-below-header-display":"","ast-hfb-mobile-header-display":"","site-post-title":"","ast-breadcrumbs-content":"","ast-featured-img":"","footer-sml-layout":"","theme-transparent-header-meta":"","adv-header-id-meta":"","stick-header-meta":"","header-above-stick-meta":"","header-main-stick-meta":"","header-below-stick-meta":"","astra-migrate-meta-layouts":"default","ast-page-background-enabled":"default","ast-page-background-meta":{"desktop":{"background-color":"var(--ast-global-color-4)","background-image":"","background-repeat":"repeat","background-position":"center center","background-size":"auto","background-attachment":"scroll","background-type":"","background-media":"","overlay-type":"","overlay-color":"","overlay-opacity":"","overlay-gradient":""},"tablet":{"background-color":"","background-image":"","background-repeat":"repeat","background-position":"center center","background-size":"auto","background-attachment":"scroll","background-type":"","background-media":"","overlay-type":"","overlay-color":"","overlay-opacity":"","overlay-gradient":""},"mobile":{"background-color":"","background-image":"","background-repeat":"repeat","background-position":"center center","background-size":"auto","background-attachment":"scroll","background-type":"","background-media":"","overlay-type":"","overlay-color":"","overlay-opacity":"","overlay-gradient":""}},"ast-content-background-meta":{"desktop":{"background-color":"var(--ast-global-color-5)","background-image":"","background-repeat":"repeat","background-position":"center center","background-size":"auto","background-attachment":"scroll","background-type":"","background-media":"","overlay-type":"","overlay-color":"","overlay-opacity":"","overlay-gradient":""},"tablet":{"background-color":"var(--ast-global-color-5)","background-image":"","background-repeat":"repeat","background-position":"center center","background-size":"auto","background-attachment":"scroll","background-type":"","background-media":"","overlay-type":"","overlay-color":"","overlay-opacity":"","overlay-gradient":""},"mobile":{"background-color":"var(--ast-global-color-5)","background-image":"","background-repeat":"repeat","background-position":"center center","background-size":"auto","background-attachment":"scroll","background-type":"","background-media":"","overlay-type":"","overlay-color":"","overlay-opacity":"","overlay-gradient":""}}},"product_brand":[],"product_cat":[188,1116,1014],"product_tag":[],"class_list":{"0":"post-246165","1":"product","2":"type-product","3":"status-publish","4":"has-post-thumbnail","6":"product_cat-freelancer","7":"product_cat-madrid","8":"product_cat-spain","9":"desktop-align-left","10":"tablet-align-left","11":"mobile-align-left","13":"first","14":"instock","15":"shipping-taxable","16":"product-type-simple"},"_links":{"self":[{"href":"https:\/\/poccky.com\/index.php\/wp-json\/wp\/v2\/product\/246165","targetHints":{"allow":["GET"]}}],"collection":[{"href":"https:\/\/poccky.com\/index.php\/wp-json\/wp\/v2\/product"}],"about":[{"href":"https:\/\/poccky.com\/index.php\/wp-json\/wp\/v2\/types\/product"}],"replies":[{"embeddable":true,"href":"https:\/\/poccky.com\/index.php\/wp-json\/wp\/v2\/comments?post=246165"}],"wp:featuredmedia":[{"embeddable":true,"href":"https:\/\/poccky.com\/index.php\/wp-json\/wp\/v2\/media\/234150"}],"wp:attachment":[{"href":"https:\/\/poccky.com\/index.php\/wp-json\/wp\/v2\/media?parent=246165"}],"wp:term":[{"taxonomy":"product_brand","embeddable":true,"href":"https:\/\/poccky.com\/index.php\/wp-json\/wp\/v2\/product_brand?post=246165"},{"taxonomy":"product_cat","embeddable":true,"href":"https:\/\/poccky.com\/index.php\/wp-json\/wp\/v2\/product_cat?post=246165"},{"taxonomy":"product_tag","embeddable":true,"href":"https:\/\/poccky.com\/index.php\/wp-json\/wp\/v2\/product_tag?post=246165"}],"curies":[{"name":"wp","href":"https:\/\/api.w.org\/{rel}","templated":true}]}}