{"id":246155,"date":"2023-10-25T09:35:00","date_gmt":"2023-10-25T09:35:00","guid":{"rendered":"https:\/\/poccky.com\/?post_type=product&#038;p=246155"},"modified":"2023-10-25T09:35:08","modified_gmt":"2023-10-25T09:35:08","slug":"yeliz-vipbayan","status":"publish","type":"product","link":"https:\/\/poccky.com\/index.php\/product\/yeliz-vipbayan\/","title":{"rendered":"YELIZ vipbayan"},"content":{"rendered":"","protected":false},"excerpt":{"rendered":"<p>Merhabalar ben YEL?Z : 0 531 837 50 95<\/p>\n<p>23 ya??nda . 1.68 boyunda . 50 kilo . bu?day tenli ve al?ml? bir bayan?m.<\/p>\n<p>Amac?m size 1. s?n?f d\u00fcr\u00fcst samimi escortluk hizmeti sunmakt?r.<\/p>\n<p>\u00dcniversite \u00f6?renimime devam etmekteyim.<\/p>\n<p>Sizi mis kokulu sevgiliniz gibi kar??lar?m.<\/p>\n<p>Kaliteli .kendine g\u00fcvenen . ne istedi?ini bilen elit beylerle g\u00f6r\u00fc?\u00fcyorum.<\/p>\n<p>Sosyal aktivitelerinizede e?lik edebilirim.<\/p>\n<p>Ne istedi?inizi biliyorum beyler..<\/p>\n<p>Pazarl?k ve bo? sohbet i\u00e7in asla aramay?n.<\/p>\n<p>Resimlerim tamamen kendime aittir.<\/p>\n<p>Kendinizi ??mart?n ve beni aray?n..<\/p>\n<p>0 531 837 50 95<\/p>\n<p>YEL?Z \u2013 ANKARA My details Below mentioned<\/p>\n<p>                Nationality:<br \/>\n                t\u00fcrkiye <\/p>\n<p>                Languages:<br \/>\n                turk\u00e7e<\/p>\n<p>                Age:<br \/>\n                23<\/p>\n<p>                Height:<br \/>\n                168<\/p>\n<p>                Weight:<br \/>\n                50<\/p>\n<p>                Hair:<br \/>\n                esmer<\/p>\n<p>                Eyes:<br \/>\n                ela<\/p>\n<p>                Measurements:<br \/>\n                95-60-90phone_android Phone:<br \/>\n          05318375095<\/p>\n","protected":false},"featured_media":234118,"comment_status":"open","ping_status":"closed","template":"","meta":{"site-sidebar-layout":"default","site-content-layout":"","ast-site-content-layout":"","site-content-style":"default","site-sidebar-style":"default","ast-global-header-display":"","ast-banner-title-visibility":"","ast-main-header-display":"","ast-hfb-above-header-display":"","ast-hfb-below-header-display":"","ast-hfb-mobile-header-display":"","site-post-title":"","ast-breadcrumbs-content":"","ast-featured-img":"","footer-sml-layout":"","theme-transparent-header-meta":"","adv-header-id-meta":"","stick-header-meta":"","header-above-stick-meta":"","header-main-stick-meta":"","header-below-stick-meta":"","astra-migrate-meta-layouts":"default","ast-page-background-enabled":"default","ast-page-background-meta":{"desktop":{"background-color":"var(--ast-global-color-4)","background-image":"","background-repeat":"repeat","background-position":"center center","background-size":"auto","background-attachment":"scroll","background-type":"","background-media":"","overlay-type":"","overlay-color":"","overlay-opacity":"","overlay-gradient":""},"tablet":{"background-color":"","background-image":"","background-repeat":"repeat","background-position":"center center","background-size":"auto","background-attachment":"scroll","background-type":"","background-media":"","overlay-type":"","overlay-color":"","overlay-opacity":"","overlay-gradient":""},"mobile":{"background-color":"","background-image":"","background-repeat":"repeat","background-position":"center center","background-size":"auto","background-attachment":"scroll","background-type":"","background-media":"","overlay-type":"","overlay-color":"","overlay-opacity":"","overlay-gradient":""}},"ast-content-background-meta":{"desktop":{"background-color":"var(--ast-global-color-5)","background-image":"","background-repeat":"repeat","background-position":"center center","background-size":"auto","background-attachment":"scroll","background-type":"","background-media":"","overlay-type":"","overlay-color":"","overlay-opacity":"","overlay-gradient":""},"tablet":{"background-color":"var(--ast-global-color-5)","background-image":"","background-repeat":"repeat","background-position":"center center","background-size":"auto","background-attachment":"scroll","background-type":"","background-media":"","overlay-type":"","overlay-color":"","overlay-opacity":"","overlay-gradient":""},"mobile":{"background-color":"var(--ast-global-color-5)","background-image":"","background-repeat":"repeat","background-position":"center center","background-size":"auto","background-attachment":"scroll","background-type":"","background-media":"","overlay-type":"","overlay-color":"","overlay-opacity":"","overlay-gradient":""}}},"product_brand":[],"product_cat":[987,188,243],"product_tag":[],"class_list":{"0":"post-246155","1":"product","2":"type-product","3":"status-publish","4":"has-post-thumbnail","6":"product_cat-ankara","7":"product_cat-freelancer","8":"product_cat-turky","9":"desktop-align-left","10":"tablet-align-left","11":"mobile-align-left","13":"first","14":"instock","15":"shipping-taxable","16":"product-type-simple"},"_links":{"self":[{"href":"https:\/\/poccky.com\/index.php\/wp-json\/wp\/v2\/product\/246155","targetHints":{"allow":["GET"]}}],"collection":[{"href":"https:\/\/poccky.com\/index.php\/wp-json\/wp\/v2\/product"}],"about":[{"href":"https:\/\/poccky.com\/index.php\/wp-json\/wp\/v2\/types\/product"}],"replies":[{"embeddable":true,"href":"https:\/\/poccky.com\/index.php\/wp-json\/wp\/v2\/comments?post=246155"}],"wp:featuredmedia":[{"embeddable":true,"href":"https:\/\/poccky.com\/index.php\/wp-json\/wp\/v2\/media\/234118"}],"wp:attachment":[{"href":"https:\/\/poccky.com\/index.php\/wp-json\/wp\/v2\/media?parent=246155"}],"wp:term":[{"taxonomy":"product_brand","embeddable":true,"href":"https:\/\/poccky.com\/index.php\/wp-json\/wp\/v2\/product_brand?post=246155"},{"taxonomy":"product_cat","embeddable":true,"href":"https:\/\/poccky.com\/index.php\/wp-json\/wp\/v2\/product_cat?post=246155"},{"taxonomy":"product_tag","embeddable":true,"href":"https:\/\/poccky.com\/index.php\/wp-json\/wp\/v2\/product_tag?post=246155"}],"curies":[{"name":"wp","href":"https:\/\/api.w.org\/{rel}","templated":true}]}}