{"id":246151,"date":"2023-10-25T09:34:41","date_gmt":"2023-10-25T09:34:41","guid":{"rendered":"https:\/\/poccky.com\/?post_type=product&#038;p=246151"},"modified":"2023-10-25T09:34:45","modified_gmt":"2023-10-25T09:34:45","slug":"izmirindurusu","status":"publish","type":"product","link":"https:\/\/poccky.com\/index.php\/product\/izmirindurusu\/","title":{"rendered":"izmirindurusu"},"content":{"rendered":"","protected":false},"excerpt":{"rendered":"<p>?zMiR ?zMiR G\u00fczel ?ZM?R \ud83d\ude42<br \/>\nFiziksel \u00d6zelliklerim<\/p>\n<p>Topuksuz Boy \ud83d\ude42 : 1.57<\/p>\n<p>Topuklu Boy : 1.65<\/p>\n<p>Kilo : 40<\/p>\n<p>\u00d6l\u00e7\u00fclerim : 80-55-80<\/p>\n<p>ASLA YAPMADI?IM 3 KURAL<\/p>\n<p>Korunmas?z ili?ki . Ters ili?ki ve A?za bo?alma<\/p>\n<p>TEKL?F B?LE ETMEY?N<\/p>\n<p>AYRICA MSN SOHBETLER? YAPMIYORUM\u2026<\/p>\n<p>?zmir\u2019de g\u00f6r\u00fc?melerim 4-5 y?ld?zl? g\u00fcvenilir Otellerdir \u2026 ?smini hi\u00e7 duymad???m bir otelde g\u00f6r\u00fc?me yapm?yorum \u2026<\/p>\n<p>RES?M \u00c7EK?LMEKTEN \u00c7OK HO?LANIYORUM\u2026<\/p>\n<p>BUNU RES?MLER?MLE S?ZE YANSITTI?IMI D\u00dc?\u00dcN\u00dcYORUM.\u00d6ZEL ANLARINIZDA YANINIZ DA OLAB?L?R?M BUNU BANA \u00d6NCE H?SSETT?RMEN?Z GEREK?YOR BU Y\u00dcZDEN DE BANA MA?L ATARKEN BUNU G\u00d6Z \u00d6N\u00dcNDE BULUNDURMANIZ DA YARAR VAR D?YE UFAK B?R T?YODA BULUNMAK ?STED?M \ud83d\ude42<\/p>\n<p>T\u00dcM RES?MLER?M?N HEPS? BANA A?T OLUP H?\u00c7 B?R?NDE PHOTOSHOP UYGULAMASI YOKTUR \u2026.<br \/>\nUFAK I?IK OYUNLARI VARDIR. \ud83d\ude42<br \/>\nF?Z?KTE HERHANG? B?R OYNAMA YAPILMAMI?TIR\u2026<br \/>\nL\u00dcTFEN RES?MLER S?ZE M? A?T D?YE MA?L ATMAYINIZ G\u00d6R\u00dc?T\u00dc?\u00dcN\u00dcZ ZAMAN GER\u00c7EK OLDU?UMU ANLARSINIZ ZATEN \u2026..<\/p>\n<p>G\u00f6r\u00fcnt\u00fcmden bahsedeyim birazc?k kilom 40 kg\u2019d?r ?a??rmay?n \ud83d\ude42<\/p>\n<p>Lise g\u00f6r\u00fcm\u00fcnde. \u00dcniversite \u00f6?rencisi gibi \u00e7?t?r m? \u00e7?t?r .Gezmeyi. E?lenmeyi . Dans etmeyi seven. kendimi her zaman geli?tirmekte olan bir bayan?m.<\/p>\n<p>Hi\u00e7 bir yerde telefon numaram yoktur bana ula?man?z?n tek yolu web sayfamdaki mail adresimdir \ud83d\ude42<\/p>\n<p>izmirindurusu.gmail.com<\/p>\n<p>?LG?LEND???N?Z ?\u00c7?N TE?EKK\u00dcR EDER?M<br \/>\n? SEVG?LER DURU ?<\/p>\n<p>G\u00fczel bir tema bulamad???m i\u00e7in a?a??daki sitelerim aktif de?ildir. buldu?um zaman aktif olucakt?r\u2026 Onlarda benimdir aktif etti?im zaman burdan da bildiride bulunuca??mdan emin olabilirsiniz.<\/p>\n<p>www.izmirindurusu.net<\/p>\n<p>www.izmirindurusu.com My details Below mentioned<\/p>\n<p>                Languages:<br \/>\n                Turkish<\/p>\n<p>                Age:<br \/>\n                22<\/p>\n<p>                Height:<br \/>\n                160 cm<\/p>\n<p>                Weight:<br \/>\n                40 kg<\/p>\n<p>                Hair:<br \/>\n                Long Brown<\/p>\n<p>                Eyes:<br \/>\n                Green<\/p>\n<p>                Measurements:<br \/>\n                80-55-80<\/p>\n","protected":false},"featured_media":234107,"comment_status":"open","ping_status":"closed","template":"","meta":{"site-sidebar-layout":"default","site-content-layout":"","ast-site-content-layout":"","site-content-style":"default","site-sidebar-style":"default","ast-global-header-display":"","ast-banner-title-visibility":"","ast-main-header-display":"","ast-hfb-above-header-display":"","ast-hfb-below-header-display":"","ast-hfb-mobile-header-display":"","site-post-title":"","ast-breadcrumbs-content":"","ast-featured-img":"","footer-sml-layout":"","theme-transparent-header-meta":"","adv-header-id-meta":"","stick-header-meta":"","header-above-stick-meta":"","header-main-stick-meta":"","header-below-stick-meta":"","astra-migrate-meta-layouts":"default","ast-page-background-enabled":"default","ast-page-background-meta":{"desktop":{"background-color":"var(--ast-global-color-4)","background-image":"","background-repeat":"repeat","background-position":"center center","background-size":"auto","background-attachment":"scroll","background-type":"","background-media":"","overlay-type":"","overlay-color":"","overlay-opacity":"","overlay-gradient":""},"tablet":{"background-color":"","background-image":"","background-repeat":"repeat","background-position":"center center","background-size":"auto","background-attachment":"scroll","background-type":"","background-media":"","overlay-type":"","overlay-color":"","overlay-opacity":"","overlay-gradient":""},"mobile":{"background-color":"","background-image":"","background-repeat":"repeat","background-position":"center center","background-size":"auto","background-attachment":"scroll","background-type":"","background-media":"","overlay-type":"","overlay-color":"","overlay-opacity":"","overlay-gradient":""}},"ast-content-background-meta":{"desktop":{"background-color":"var(--ast-global-color-5)","background-image":"","background-repeat":"repeat","background-position":"center center","background-size":"auto","background-attachment":"scroll","background-type":"","background-media":"","overlay-type":"","overlay-color":"","overlay-opacity":"","overlay-gradient":""},"tablet":{"background-color":"var(--ast-global-color-5)","background-image":"","background-repeat":"repeat","background-position":"center center","background-size":"auto","background-attachment":"scroll","background-type":"","background-media":"","overlay-type":"","overlay-color":"","overlay-opacity":"","overlay-gradient":""},"mobile":{"background-color":"var(--ast-global-color-5)","background-image":"","background-repeat":"repeat","background-position":"center center","background-size":"auto","background-attachment":"scroll","background-type":"","background-media":"","overlay-type":"","overlay-color":"","overlay-opacity":"","overlay-gradient":""}}},"product_brand":[],"product_cat":[188,1122,243],"product_tag":[],"class_list":{"0":"post-246151","1":"product","2":"type-product","3":"status-publish","4":"has-post-thumbnail","6":"product_cat-freelancer","7":"product_cat-izmir","8":"product_cat-turky","9":"desktop-align-left","10":"tablet-align-left","11":"mobile-align-left","13":"first","14":"instock","15":"shipping-taxable","16":"product-type-simple"},"_links":{"self":[{"href":"https:\/\/poccky.com\/index.php\/wp-json\/wp\/v2\/product\/246151","targetHints":{"allow":["GET"]}}],"collection":[{"href":"https:\/\/poccky.com\/index.php\/wp-json\/wp\/v2\/product"}],"about":[{"href":"https:\/\/poccky.com\/index.php\/wp-json\/wp\/v2\/types\/product"}],"replies":[{"embeddable":true,"href":"https:\/\/poccky.com\/index.php\/wp-json\/wp\/v2\/comments?post=246151"}],"wp:featuredmedia":[{"embeddable":true,"href":"https:\/\/poccky.com\/index.php\/wp-json\/wp\/v2\/media\/234107"}],"wp:attachment":[{"href":"https:\/\/poccky.com\/index.php\/wp-json\/wp\/v2\/media?parent=246151"}],"wp:term":[{"taxonomy":"product_brand","embeddable":true,"href":"https:\/\/poccky.com\/index.php\/wp-json\/wp\/v2\/product_brand?post=246151"},{"taxonomy":"product_cat","embeddable":true,"href":"https:\/\/poccky.com\/index.php\/wp-json\/wp\/v2\/product_cat?post=246151"},{"taxonomy":"product_tag","embeddable":true,"href":"https:\/\/poccky.com\/index.php\/wp-json\/wp\/v2\/product_tag?post=246151"}],"curies":[{"name":"wp","href":"https:\/\/api.w.org\/{rel}","templated":true}]}}