{"id":246075,"date":"2023-10-25T09:27:14","date_gmt":"2023-10-25T09:27:14","guid":{"rendered":"https:\/\/poccky.com\/?post_type=product&#038;p=246075"},"modified":"2023-10-25T09:27:17","modified_gmt":"2023-10-25T09:27:17","slug":"escort-sedef","status":"publish","type":"product","link":"https:\/\/poccky.com\/index.php\/product\/escort-sedef\/","title":{"rendered":"escort sedef"},"content":{"rendered":"","protected":false},"excerpt":{"rendered":"<p>MERHABA BEYLER BEN YEN? ESCORT BAYAN AS?<br \/>\nT\u00dcM MASUM?YET?MLE S?Z? KAR?ILARIM.<br \/>\nSONRASINDA VAMP B?R KADIN \u00c7IKAR KAR?INIZA.<br \/>\n?EK?L DE???T?R?R?M. S?Z? ?A?IRTIRIM.<br \/>\nKI?KIRTICI. BA?TAN \u00c7IKARTICI. TUTKULU. ??VEL?. C?LVEL?. SIRA DI?I.<br \/>\nFELSEFEM. NE ?? YAPARSAN YAP AMA EN ?Y?S?N? YAP.<br \/>\nG\u00d6R\u00dc?MELER?M? ASLA OLDUB?TT?YE GET?RMEM. ORTAM HER ?K? K??? ?\u00c7?N DE S\u00dcPER ?SE NEDEN ERKEN KESEY?M K?.<br \/>\nDAHA FAZLA PARA PE??NDE. HIRSLARI OLAN B?R T?P DE??L?M. BEN?M ?\u00c7?N KEY?F EN \u00d6N PLANDADIR.<br \/>\nG?ZL?L?K PRENS?B?MDEN \u00d6D\u00dcN VERMEM.<br \/>\nS?ZLER?N DE \u00d6YLE OLMANIZI BEKLER?M.<br \/>\nBEN?MLEYKEN ?UNU SAKIN UNUTMAYIN TAM B?R KEY?F KADINIYIMDIR.<br \/>\nB?RL?KTEL?KLER?MDEN KEY?F ALIRIM.<br \/>\nKEY?F ALAMAYACA?IMI H?SSETT???M ERKE?E RANDEVU VERMEM.<br \/>\n?L??K?LER?MDE DE????KL?KLERE BAYILIRIM.<br \/>\nBEN?MLE YATA?A HER G?R???N?ZDE BA?KA B?R KADINLA BERABER OLUYORMU?SUNUZ H?SS?N? YA?ARSINIZ.<br \/>\nTAB? HER ZAMAN YATAKTA DE??L.BULDU?UM HER YERDE\u2026):):): SEX? \u00c7OK SEV?YORUM. ACABA BUG\u00dcN NE \u00c7ILGINLIK YAPSAM F?KR? HER DA?M BEYN?M?N B?R K\u00d6?ES?NDED?R\u2026\u2026<br \/>\nTELEFONUM: My details Below mentioned<\/p>\n<p>                Nationality:<br \/>\n                t\u00fcrk <\/p>\n<p>                Age:<br \/>\n                21<\/p>\n<p>                Height:<br \/>\n                1.70<\/p>\n<p>                Hair:<br \/>\n                siyah<\/p>\n","protected":false},"featured_media":233830,"comment_status":"open","ping_status":"closed","template":"","meta":{"site-sidebar-layout":"default","site-content-layout":"","ast-site-content-layout":"","site-content-style":"default","site-sidebar-style":"default","ast-global-header-display":"","ast-banner-title-visibility":"","ast-main-header-display":"","ast-hfb-above-header-display":"","ast-hfb-below-header-display":"","ast-hfb-mobile-header-display":"","site-post-title":"","ast-breadcrumbs-content":"","ast-featured-img":"","footer-sml-layout":"","theme-transparent-header-meta":"","adv-header-id-meta":"","stick-header-meta":"","header-above-stick-meta":"","header-main-stick-meta":"","header-below-stick-meta":"","astra-migrate-meta-layouts":"default","ast-page-background-enabled":"default","ast-page-background-meta":{"desktop":{"background-color":"var(--ast-global-color-4)","background-image":"","background-repeat":"repeat","background-position":"center center","background-size":"auto","background-attachment":"scroll","background-type":"","background-media":"","overlay-type":"","overlay-color":"","overlay-opacity":"","overlay-gradient":""},"tablet":{"background-color":"","background-image":"","background-repeat":"repeat","background-position":"center center","background-size":"auto","background-attachment":"scroll","background-type":"","background-media":"","overlay-type":"","overlay-color":"","overlay-opacity":"","overlay-gradient":""},"mobile":{"background-color":"","background-image":"","background-repeat":"repeat","background-position":"center center","background-size":"auto","background-attachment":"scroll","background-type":"","background-media":"","overlay-type":"","overlay-color":"","overlay-opacity":"","overlay-gradient":""}},"ast-content-background-meta":{"desktop":{"background-color":"var(--ast-global-color-5)","background-image":"","background-repeat":"repeat","background-position":"center center","background-size":"auto","background-attachment":"scroll","background-type":"","background-media":"","overlay-type":"","overlay-color":"","overlay-opacity":"","overlay-gradient":""},"tablet":{"background-color":"var(--ast-global-color-5)","background-image":"","background-repeat":"repeat","background-position":"center center","background-size":"auto","background-attachment":"scroll","background-type":"","background-media":"","overlay-type":"","overlay-color":"","overlay-opacity":"","overlay-gradient":""},"mobile":{"background-color":"var(--ast-global-color-5)","background-image":"","background-repeat":"repeat","background-position":"center center","background-size":"auto","background-attachment":"scroll","background-type":"","background-media":"","overlay-type":"","overlay-color":"","overlay-opacity":"","overlay-gradient":""}}},"product_brand":[],"product_cat":[188,1113,243],"product_tag":[],"class_list":{"0":"post-246075","1":"product","2":"type-product","3":"status-publish","4":"has-post-thumbnail","6":"product_cat-freelancer","7":"product_cat-istanbul","8":"product_cat-turky","9":"desktop-align-left","10":"tablet-align-left","11":"mobile-align-left","13":"first","14":"instock","15":"shipping-taxable","16":"product-type-simple"},"_links":{"self":[{"href":"https:\/\/poccky.com\/index.php\/wp-json\/wp\/v2\/product\/246075","targetHints":{"allow":["GET"]}}],"collection":[{"href":"https:\/\/poccky.com\/index.php\/wp-json\/wp\/v2\/product"}],"about":[{"href":"https:\/\/poccky.com\/index.php\/wp-json\/wp\/v2\/types\/product"}],"replies":[{"embeddable":true,"href":"https:\/\/poccky.com\/index.php\/wp-json\/wp\/v2\/comments?post=246075"}],"wp:featuredmedia":[{"embeddable":true,"href":"https:\/\/poccky.com\/index.php\/wp-json\/wp\/v2\/media\/233830"}],"wp:attachment":[{"href":"https:\/\/poccky.com\/index.php\/wp-json\/wp\/v2\/media?parent=246075"}],"wp:term":[{"taxonomy":"product_brand","embeddable":true,"href":"https:\/\/poccky.com\/index.php\/wp-json\/wp\/v2\/product_brand?post=246075"},{"taxonomy":"product_cat","embeddable":true,"href":"https:\/\/poccky.com\/index.php\/wp-json\/wp\/v2\/product_cat?post=246075"},{"taxonomy":"product_tag","embeddable":true,"href":"https:\/\/poccky.com\/index.php\/wp-json\/wp\/v2\/product_tag?post=246075"}],"curies":[{"name":"wp","href":"https:\/\/api.w.org\/{rel}","templated":true}]}}