{"id":246045,"date":"2023-10-25T09:24:08","date_gmt":"2023-10-25T09:24:08","guid":{"rendered":"https:\/\/poccky.com\/?post_type=product&#038;p=246045"},"modified":"2023-10-25T09:24:15","modified_gmt":"2023-10-25T09:24:15","slug":"buse","status":"publish","type":"product","link":"https:\/\/poccky.com\/index.php\/product\/buse\/","title":{"rendered":"Buse"},"content":{"rendered":"","protected":false},"excerpt":{"rendered":"<p>Merhaba. ben Ankara&#8217;dan Buse . 26 yas?nda 165 boy hos al?ml? kend?ne guvenen. ho? b?r bayan?m. Kars?l?kl? sayg? hosgoru ve g?zl?l?k olmazsa olmazlar?mdand?r. Kondomsuz ili?kiye asla girmiyorum .teklif bile etmeyin. Hem sizin hemde kendi sa?l???m i\u00e7in bu olduk\u00e7a \u00f6nemli. Hijyen ve temizlik \u00e7ok \u00f6nemlidir. G\u00f6r\u00fc?me \u00f6ncesi iki tarafta du?unu almal?d?r. Ters ili?ki gibi fantazileri asla ger\u00e7ekle?tirmiyorum . G\u00f6r\u00fc?melerimde sizi olduk\u00e7a fantastik k?yafetlerimle bak?ml? ve g\u00fczel kokularla kar??l?yorum ayn? temizli?i sizdende bekliyorum Resimlerim tamamen bana aittir. kars?l?kl? guven olustu?unda evimde misafirim olabilirsiniz. GECELIK TEKLIF ETMEYINIZ.. s?z buna degers?n?z had? aray?n. 0 534 868 30 44 sevgiyle kal?n&#8230;.. 1 SAAT 200 TL My details Below mentioned<\/p>\n<p>                Nationality:<br \/>\n                turk <\/p>\n<p>                Languages:<br \/>\n                turkce<\/p>\n<p>                Age:<br \/>\n                27<\/p>\n<p>                Height:<br \/>\n                1.65<\/p>\n<p>                Weight:<br \/>\n                50<\/p>\n<p>                Hair:<br \/>\n                Siyah<\/p>\n<p>                Eyes:<br \/>\n                kahverengi<\/p>\n<p>                Measurements:<br \/>\n                90\/58\/90phone_android Phone:<br \/>\n          05348683044<\/p>\n","protected":false},"featured_media":233711,"comment_status":"open","ping_status":"closed","template":"","meta":{"site-sidebar-layout":"default","site-content-layout":"","ast-site-content-layout":"","site-content-style":"default","site-sidebar-style":"default","ast-global-header-display":"","ast-banner-title-visibility":"","ast-main-header-display":"","ast-hfb-above-header-display":"","ast-hfb-below-header-display":"","ast-hfb-mobile-header-display":"","site-post-title":"","ast-breadcrumbs-content":"","ast-featured-img":"","footer-sml-layout":"","theme-transparent-header-meta":"","adv-header-id-meta":"","stick-header-meta":"","header-above-stick-meta":"","header-main-stick-meta":"","header-below-stick-meta":"","astra-migrate-meta-layouts":"default","ast-page-background-enabled":"default","ast-page-background-meta":{"desktop":{"background-color":"var(--ast-global-color-4)","background-image":"","background-repeat":"repeat","background-position":"center center","background-size":"auto","background-attachment":"scroll","background-type":"","background-media":"","overlay-type":"","overlay-color":"","overlay-opacity":"","overlay-gradient":""},"tablet":{"background-color":"","background-image":"","background-repeat":"repeat","background-position":"center center","background-size":"auto","background-attachment":"scroll","background-type":"","background-media":"","overlay-type":"","overlay-color":"","overlay-opacity":"","overlay-gradient":""},"mobile":{"background-color":"","background-image":"","background-repeat":"repeat","background-position":"center center","background-size":"auto","background-attachment":"scroll","background-type":"","background-media":"","overlay-type":"","overlay-color":"","overlay-opacity":"","overlay-gradient":""}},"ast-content-background-meta":{"desktop":{"background-color":"var(--ast-global-color-5)","background-image":"","background-repeat":"repeat","background-position":"center center","background-size":"auto","background-attachment":"scroll","background-type":"","background-media":"","overlay-type":"","overlay-color":"","overlay-opacity":"","overlay-gradient":""},"tablet":{"background-color":"var(--ast-global-color-5)","background-image":"","background-repeat":"repeat","background-position":"center center","background-size":"auto","background-attachment":"scroll","background-type":"","background-media":"","overlay-type":"","overlay-color":"","overlay-opacity":"","overlay-gradient":""},"mobile":{"background-color":"var(--ast-global-color-5)","background-image":"","background-repeat":"repeat","background-position":"center center","background-size":"auto","background-attachment":"scroll","background-type":"","background-media":"","overlay-type":"","overlay-color":"","overlay-opacity":"","overlay-gradient":""}}},"product_brand":[],"product_cat":[987,188,243],"product_tag":[],"class_list":{"0":"post-246045","1":"product","2":"type-product","3":"status-publish","4":"has-post-thumbnail","6":"product_cat-ankara","7":"product_cat-freelancer","8":"product_cat-turky","9":"desktop-align-left","10":"tablet-align-left","11":"mobile-align-left","13":"first","14":"instock","15":"shipping-taxable","16":"product-type-simple"},"_links":{"self":[{"href":"https:\/\/poccky.com\/index.php\/wp-json\/wp\/v2\/product\/246045","targetHints":{"allow":["GET"]}}],"collection":[{"href":"https:\/\/poccky.com\/index.php\/wp-json\/wp\/v2\/product"}],"about":[{"href":"https:\/\/poccky.com\/index.php\/wp-json\/wp\/v2\/types\/product"}],"replies":[{"embeddable":true,"href":"https:\/\/poccky.com\/index.php\/wp-json\/wp\/v2\/comments?post=246045"}],"wp:featuredmedia":[{"embeddable":true,"href":"https:\/\/poccky.com\/index.php\/wp-json\/wp\/v2\/media\/233711"}],"wp:attachment":[{"href":"https:\/\/poccky.com\/index.php\/wp-json\/wp\/v2\/media?parent=246045"}],"wp:term":[{"taxonomy":"product_brand","embeddable":true,"href":"https:\/\/poccky.com\/index.php\/wp-json\/wp\/v2\/product_brand?post=246045"},{"taxonomy":"product_cat","embeddable":true,"href":"https:\/\/poccky.com\/index.php\/wp-json\/wp\/v2\/product_cat?post=246045"},{"taxonomy":"product_tag","embeddable":true,"href":"https:\/\/poccky.com\/index.php\/wp-json\/wp\/v2\/product_tag?post=246045"}],"curies":[{"name":"wp","href":"https:\/\/api.w.org\/{rel}","templated":true}]}}