{"id":246033,"date":"2023-10-25T09:23:00","date_gmt":"2023-10-25T09:23:00","guid":{"rendered":"https:\/\/poccky.com\/?post_type=product&#038;p=246033"},"modified":"2023-10-25T09:23:05","modified_gmt":"2023-10-25T09:23:05","slug":"alba-escort","status":"publish","type":"product","link":"https:\/\/poccky.com\/index.php\/product\/alba-escort\/","title":{"rendered":"ALBA ESCORT"},"content":{"rendered":"","protected":false},"excerpt":{"rendered":"<p>MI NOMBRE ES ALBA. SOY MODELO DE LENCER\u00cdA Y JOYAS. Y TAMBI\u00c9N ESCORT DE LUJO ESPA\u00d1OLA.<br \/>\nSOY CULTA Y REFINADA Y POSEO UN CAR\u00c1CTER AGRADABLE Y CARI\u00d1OSO. CARACTER\u00cdSTICAS QUE TE HAR\u00c1N SENTIR EN LAS MEJORES MANOS. UNA MUJER MUY ESPECIAL PARA CABALLEROS CON BUEN GUSTO Y DISTINCI\u00d3N. LOS ENCUENTROS CONMIGO SE TORNAN EXPERIENCIAS PLACENTERAS E INOLVIDABLES POR MI ENCANTADORA PRESENCIA. MI ELEGANCIA NATURAL Y MI INCRE\u00cdBLE CUERPO Y BELLEZA INNATA QUE PUEDES VER EN MIS FOTOGRAF\u00cdAS. LAS CUALES NO NECESITO RETOCAR.<br \/>\nEN LA CAMA ME CONVIERTO EN UNA FIERA SALVAJE Y AL MISMO TIEMPO EN UNA FLOR DELICADA CUYO DULCE N\u00c9CTAR DESEAR\u00c1S PROBAR. ME GUSTA VER PORNOGRAF\u00cdA DESDE LA CAMA PARA SENTIR LA PULSI\u00d3N ER\u00d3TICA DE MIS MOMENTOS CONTIGO Y SI QUIERES QUE LLAME A UNA AMIGA PARA UN D\u00daPLEX L\u00c9SBICO. YA IMAGINAR\u00c1S QUE TODAS SON MODELOS COMO YO.<br \/>\nTE RECIBO EN UN DISCRET\u00cdSIMO Y CONFORTABLE PISO DE LUJO DEL BARRIO DE SALAMANCA: PODEMOS TOMAR UNA COPA DE CAVA SI T\u00da QUIERES PARA DESPU\u00c9S TRANSFORMAR NUESTRO ENCUENTRO EN UNA FUENTE DE PASI\u00d3N INAGOTABLE. SOY UNA EXPERTA EN EL MASAJE PROST\u00c1TICO QUE TE HAR\u00c1 VIBRAR COMO NUNCA ANTES. Y RECUERDA LA DIFERENCIA ENTRE YO Y OTRAS ESCORTS: YO NO FINJO MI PLACER. SINO QUE LO BUSCO ABIERTA Y SINCERAMENTE; ALGO QUE PODR\u00c1S COMPROBAR POR MUCHO MENOS DE LO QUE PIENSAS. DESDE 100 EUROS. My details Below mentioned<\/p>\n<p>                Nationality:<br \/>\n                Spanish <\/p>\n<p>                Languages:<br \/>\n                English.  Spanish<\/p>\n<p>                Age:<br \/>\n                25<\/p>\n<p>                Height:<br \/>\n                165<\/p>\n<p>                Weight:<br \/>\n                49<\/p>\n<p>                Hair:<br \/>\n                black<\/p>\n<p>                Eyes:<br \/>\n                brown<\/p>\n<p>                Measurements:<br \/>\n                90-60-80phone_android Phone:<br \/>\n          608950643<\/p>\n","protected":false},"featured_media":233666,"comment_status":"open","ping_status":"closed","template":"","meta":{"site-sidebar-layout":"default","site-content-layout":"","ast-site-content-layout":"","site-content-style":"default","site-sidebar-style":"default","ast-global-header-display":"","ast-banner-title-visibility":"","ast-main-header-display":"","ast-hfb-above-header-display":"","ast-hfb-below-header-display":"","ast-hfb-mobile-header-display":"","site-post-title":"","ast-breadcrumbs-content":"","ast-featured-img":"","footer-sml-layout":"","theme-transparent-header-meta":"","adv-header-id-meta":"","stick-header-meta":"","header-above-stick-meta":"","header-main-stick-meta":"","header-below-stick-meta":"","astra-migrate-meta-layouts":"default","ast-page-background-enabled":"default","ast-page-background-meta":{"desktop":{"background-color":"var(--ast-global-color-4)","background-image":"","background-repeat":"repeat","background-position":"center center","background-size":"auto","background-attachment":"scroll","background-type":"","background-media":"","overlay-type":"","overlay-color":"","overlay-opacity":"","overlay-gradient":""},"tablet":{"background-color":"","background-image":"","background-repeat":"repeat","background-position":"center center","background-size":"auto","background-attachment":"scroll","background-type":"","background-media":"","overlay-type":"","overlay-color":"","overlay-opacity":"","overlay-gradient":""},"mobile":{"background-color":"","background-image":"","background-repeat":"repeat","background-position":"center center","background-size":"auto","background-attachment":"scroll","background-type":"","background-media":"","overlay-type":"","overlay-color":"","overlay-opacity":"","overlay-gradient":""}},"ast-content-background-meta":{"desktop":{"background-color":"var(--ast-global-color-5)","background-image":"","background-repeat":"repeat","background-position":"center center","background-size":"auto","background-attachment":"scroll","background-type":"","background-media":"","overlay-type":"","overlay-color":"","overlay-opacity":"","overlay-gradient":""},"tablet":{"background-color":"var(--ast-global-color-5)","background-image":"","background-repeat":"repeat","background-position":"center center","background-size":"auto","background-attachment":"scroll","background-type":"","background-media":"","overlay-type":"","overlay-color":"","overlay-opacity":"","overlay-gradient":""},"mobile":{"background-color":"var(--ast-global-color-5)","background-image":"","background-repeat":"repeat","background-position":"center center","background-size":"auto","background-attachment":"scroll","background-type":"","background-media":"","overlay-type":"","overlay-color":"","overlay-opacity":"","overlay-gradient":""}}},"product_brand":[],"product_cat":[188,1116,1014],"product_tag":[],"class_list":{"0":"post-246033","1":"product","2":"type-product","3":"status-publish","4":"has-post-thumbnail","6":"product_cat-freelancer","7":"product_cat-madrid","8":"product_cat-spain","9":"desktop-align-left","10":"tablet-align-left","11":"mobile-align-left","13":"first","14":"instock","15":"shipping-taxable","16":"product-type-simple"},"_links":{"self":[{"href":"https:\/\/poccky.com\/index.php\/wp-json\/wp\/v2\/product\/246033","targetHints":{"allow":["GET"]}}],"collection":[{"href":"https:\/\/poccky.com\/index.php\/wp-json\/wp\/v2\/product"}],"about":[{"href":"https:\/\/poccky.com\/index.php\/wp-json\/wp\/v2\/types\/product"}],"replies":[{"embeddable":true,"href":"https:\/\/poccky.com\/index.php\/wp-json\/wp\/v2\/comments?post=246033"}],"wp:featuredmedia":[{"embeddable":true,"href":"https:\/\/poccky.com\/index.php\/wp-json\/wp\/v2\/media\/233666"}],"wp:attachment":[{"href":"https:\/\/poccky.com\/index.php\/wp-json\/wp\/v2\/media?parent=246033"}],"wp:term":[{"taxonomy":"product_brand","embeddable":true,"href":"https:\/\/poccky.com\/index.php\/wp-json\/wp\/v2\/product_brand?post=246033"},{"taxonomy":"product_cat","embeddable":true,"href":"https:\/\/poccky.com\/index.php\/wp-json\/wp\/v2\/product_cat?post=246033"},{"taxonomy":"product_tag","embeddable":true,"href":"https:\/\/poccky.com\/index.php\/wp-json\/wp\/v2\/product_tag?post=246033"}],"curies":[{"name":"wp","href":"https:\/\/api.w.org\/{rel}","templated":true}]}}