{"id":246023,"date":"2023-10-25T09:22:06","date_gmt":"2023-10-25T09:22:06","guid":{"rendered":"https:\/\/poccky.com\/?post_type=product&#038;p=246023"},"modified":"2023-10-25T09:22:13","modified_gmt":"2023-10-25T09:22:13","slug":"burcu","status":"publish","type":"product","link":"https:\/\/poccky.com\/index.php\/product\/burcu\/","title":{"rendered":"Burcu"},"content":{"rendered":"","protected":false},"excerpt":{"rendered":"<p>Selam ben Burcu 25 ya??nda 88\/60\/90 \u00f6l\u00e7\u00fclerinde 55 kg 1.70 boyunda olduk\u00e7a bak?ml? ho? bir bayan?m sizlere kaliteli escort hizmeti vermek i\u00e7in buraday?m sizlerinde se\u00e7ici oldu?unuzu d\u00fc?\u00fcnerek benimde se\u00e7ici oldugumu bilmenizi isterim ben g\u00fcven vede gizliligin fark?nda olan arad?g?n?z escortum sa?l???n hi\u00e7bir?eyle degi?ilmeyece?inin fark?nday?z ve bu sebepten belli periyotlarda sagl?k kontrollerimi ihmal etmiyorum . l\u00fctfen i?yeri ve ev tarz? yerler teklif etmeyiniz 3.4.5 y?ld?zl? otellerde g\u00f6r\u00fc?\u00fcyorum ?ehird??? \u00e7?km?yorum k?sacas? ne istedigini bilen se\u00e7kin ki?isel bak?m?na \u00f6nem veren elit beyler ve mutlaka ama mutlaka 30ya? \u00fcst\u00fc olan seckin beyler detayl? bilgi almak i\u00e7in aray?n?z. \u00d6ZEL DUYGULAR \u00d6ZEL VE G\u00dcZEL biriyle ya?an?r:) Not: resimler g\u00fcncel olup kesinlikle bana aittir My details Below mentioned<\/p>\n<p>                Nationality:<br \/>\n                turk <\/p>\n<p>                Languages:<br \/>\n                turkce<\/p>\n<p>                Age:<br \/>\n                25<\/p>\n<p>                Height:<br \/>\n                1.70<\/p>\n<p>                Weight:<br \/>\n                55<\/p>\n<p>                Hair:<br \/>\n                kahverengi<\/p>\n<p>                Eyes:<br \/>\n                ela<\/p>\n<p>                Measurements:<br \/>\n                88\/60\/90phone_android Phone:<br \/>\n          05532839861<\/p>\n","protected":false},"featured_media":233630,"comment_status":"open","ping_status":"closed","template":"","meta":{"site-sidebar-layout":"default","site-content-layout":"","ast-site-content-layout":"","site-content-style":"default","site-sidebar-style":"default","ast-global-header-display":"","ast-banner-title-visibility":"","ast-main-header-display":"","ast-hfb-above-header-display":"","ast-hfb-below-header-display":"","ast-hfb-mobile-header-display":"","site-post-title":"","ast-breadcrumbs-content":"","ast-featured-img":"","footer-sml-layout":"","theme-transparent-header-meta":"","adv-header-id-meta":"","stick-header-meta":"","header-above-stick-meta":"","header-main-stick-meta":"","header-below-stick-meta":"","astra-migrate-meta-layouts":"default","ast-page-background-enabled":"default","ast-page-background-meta":{"desktop":{"background-color":"var(--ast-global-color-4)","background-image":"","background-repeat":"repeat","background-position":"center center","background-size":"auto","background-attachment":"scroll","background-type":"","background-media":"","overlay-type":"","overlay-color":"","overlay-opacity":"","overlay-gradient":""},"tablet":{"background-color":"","background-image":"","background-repeat":"repeat","background-position":"center center","background-size":"auto","background-attachment":"scroll","background-type":"","background-media":"","overlay-type":"","overlay-color":"","overlay-opacity":"","overlay-gradient":""},"mobile":{"background-color":"","background-image":"","background-repeat":"repeat","background-position":"center center","background-size":"auto","background-attachment":"scroll","background-type":"","background-media":"","overlay-type":"","overlay-color":"","overlay-opacity":"","overlay-gradient":""}},"ast-content-background-meta":{"desktop":{"background-color":"var(--ast-global-color-5)","background-image":"","background-repeat":"repeat","background-position":"center center","background-size":"auto","background-attachment":"scroll","background-type":"","background-media":"","overlay-type":"","overlay-color":"","overlay-opacity":"","overlay-gradient":""},"tablet":{"background-color":"var(--ast-global-color-5)","background-image":"","background-repeat":"repeat","background-position":"center center","background-size":"auto","background-attachment":"scroll","background-type":"","background-media":"","overlay-type":"","overlay-color":"","overlay-opacity":"","overlay-gradient":""},"mobile":{"background-color":"var(--ast-global-color-5)","background-image":"","background-repeat":"repeat","background-position":"center center","background-size":"auto","background-attachment":"scroll","background-type":"","background-media":"","overlay-type":"","overlay-color":"","overlay-opacity":"","overlay-gradient":""}}},"product_brand":[],"product_cat":[987,188,243],"product_tag":[],"class_list":{"0":"post-246023","1":"product","2":"type-product","3":"status-publish","4":"has-post-thumbnail","6":"product_cat-ankara","7":"product_cat-freelancer","8":"product_cat-turky","9":"desktop-align-left","10":"tablet-align-left","11":"mobile-align-left","13":"first","14":"instock","15":"shipping-taxable","16":"product-type-simple"},"_links":{"self":[{"href":"https:\/\/poccky.com\/index.php\/wp-json\/wp\/v2\/product\/246023","targetHints":{"allow":["GET"]}}],"collection":[{"href":"https:\/\/poccky.com\/index.php\/wp-json\/wp\/v2\/product"}],"about":[{"href":"https:\/\/poccky.com\/index.php\/wp-json\/wp\/v2\/types\/product"}],"replies":[{"embeddable":true,"href":"https:\/\/poccky.com\/index.php\/wp-json\/wp\/v2\/comments?post=246023"}],"wp:featuredmedia":[{"embeddable":true,"href":"https:\/\/poccky.com\/index.php\/wp-json\/wp\/v2\/media\/233630"}],"wp:attachment":[{"href":"https:\/\/poccky.com\/index.php\/wp-json\/wp\/v2\/media?parent=246023"}],"wp:term":[{"taxonomy":"product_brand","embeddable":true,"href":"https:\/\/poccky.com\/index.php\/wp-json\/wp\/v2\/product_brand?post=246023"},{"taxonomy":"product_cat","embeddable":true,"href":"https:\/\/poccky.com\/index.php\/wp-json\/wp\/v2\/product_cat?post=246023"},{"taxonomy":"product_tag","embeddable":true,"href":"https:\/\/poccky.com\/index.php\/wp-json\/wp\/v2\/product_tag?post=246023"}],"curies":[{"name":"wp","href":"https:\/\/api.w.org\/{rel}","templated":true}]}}