{"id":245909,"date":"2023-10-25T09:11:01","date_gmt":"2023-10-25T09:11:01","guid":{"rendered":"https:\/\/poccky.com\/?post_type=product&#038;p=245909"},"modified":"2023-10-25T09:11:14","modified_gmt":"2023-10-25T09:11:14","slug":"lindats-0760783630-star","status":"publish","type":"product","link":"https:\/\/poccky.com\/index.php\/product\/lindats-0760783630-star\/","title":{"rendered":"LindaTs 0760783630\n          \n            \n            star"},"content":{"rendered":"","protected":false},"excerpt":{"rendered":"<p>Ring mig 076-0783630<br \/>\nKik:LindaTs<br \/>\nRing eller kontakta mig p\u00e5 KIK om du vill boka tid: LindaTs<\/p>\n<p>Om mig:<br \/>\nDu kan n\u00e5 mig p\u00e5 tel: noll sju sex- noll sju \u00e5tta tre sex tre noll. Jag \u00e4r en slank och sexig trans med snygg kvinnlig figur. len kropp. 178\/64\/20cm.<br \/>\nSexigt uppkl\u00e4dd. korse. stay ups. kort kjol. h\u00f6ga klackor eller h\u00f6ga st\u00f6vlar. snygg kropp.<\/p>\n<p>Jag \u00e4lskar sex och njuter tillsammans med di.G gillar det mesta som \u00e4r sk\u00f6nt. suga. slicka. bli p\u00e5satt. kyssas. Jag \u00e4r flexibel och anpassar mig till dina \u00f6nskem\u00e5l. Jag kan ha en mer aktiv roll i s\u00e4ngen om du bara vill. annars \u00e4r jag mjuk och sk\u00f6n.<br \/>\nOm du har n\u00e5gra fantasier som du vill uppleva d\u00e5 har du hamnat r\u00e4tt. jag bjuder p\u00e5 olika upphetsande scenarion; rollspel. anonymsex. fistin.G bes\u00f6k din \u00e4lskarinna. prostatamassage. kuksugerska slynan. madam h\u00e4rskarinnan. aktiv transa och m\u00e5nga k\u00e5ta tr\u00e4ff. Diskretion ges.<br \/>\nOm du \u00e4r oerfaren med trans-tjejer d\u00e5 kan vi b\u00f6rja med en sk\u00f6n erotisk helkroppsmassage innan vi forts\u00e4tter med sk\u00f6nt sex och uppleva det du vill g\u00f6ra. Kom med f\u00f6rsla.G jag g\u00f6r bara det du tycker \u00e4r sk\u00f6nt.<\/p>\n<p>Ring mig s\u00e5 best\u00e4mmer vi tr\u00e4ff. My details Below mentioned<\/p>\n<p>                Nationality:<br \/>\n                Swedish <\/p>\n<p>                Languages:<br \/>\n                English. Swedish<\/p>\n<p>                Age:<br \/>\n                41<\/p>\n<p>                Height:<br \/>\n                178<\/p>\n<p>                Weight:<br \/>\n                64<\/p>\n<p>                Hair:<br \/>\n                Blonde<\/p>\n<p>                Eyes:<br \/>\n                greenphone_android Phone:<br \/>\n          +46760783630<\/p>\n","protected":false},"featured_media":0,"comment_status":"open","ping_status":"closed","template":"","meta":{"site-sidebar-layout":"default","site-content-layout":"","ast-site-content-layout":"","site-content-style":"default","site-sidebar-style":"default","ast-global-header-display":"","ast-banner-title-visibility":"","ast-main-header-display":"","ast-hfb-above-header-display":"","ast-hfb-below-header-display":"","ast-hfb-mobile-header-display":"","site-post-title":"","ast-breadcrumbs-content":"","ast-featured-img":"","footer-sml-layout":"","theme-transparent-header-meta":"","adv-header-id-meta":"","stick-header-meta":"","header-above-stick-meta":"","header-main-stick-meta":"","header-below-stick-meta":"","astra-migrate-meta-layouts":"default","ast-page-background-enabled":"default","ast-page-background-meta":{"desktop":{"background-color":"var(--ast-global-color-4)","background-image":"","background-repeat":"repeat","background-position":"center center","background-size":"auto","background-attachment":"scroll","background-type":"","background-media":"","overlay-type":"","overlay-color":"","overlay-opacity":"","overlay-gradient":""},"tablet":{"background-color":"","background-image":"","background-repeat":"repeat","background-position":"center center","background-size":"auto","background-attachment":"scroll","background-type":"","background-media":"","overlay-type":"","overlay-color":"","overlay-opacity":"","overlay-gradient":""},"mobile":{"background-color":"","background-image":"","background-repeat":"repeat","background-position":"center center","background-size":"auto","background-attachment":"scroll","background-type":"","background-media":"","overlay-type":"","overlay-color":"","overlay-opacity":"","overlay-gradient":""}},"ast-content-background-meta":{"desktop":{"background-color":"var(--ast-global-color-5)","background-image":"","background-repeat":"repeat","background-position":"center center","background-size":"auto","background-attachment":"scroll","background-type":"","background-media":"","overlay-type":"","overlay-color":"","overlay-opacity":"","overlay-gradient":""},"tablet":{"background-color":"var(--ast-global-color-5)","background-image":"","background-repeat":"repeat","background-position":"center center","background-size":"auto","background-attachment":"scroll","background-type":"","background-media":"","overlay-type":"","overlay-color":"","overlay-opacity":"","overlay-gradient":""},"mobile":{"background-color":"var(--ast-global-color-5)","background-image":"","background-repeat":"repeat","background-position":"center center","background-size":"auto","background-attachment":"scroll","background-type":"","background-media":"","overlay-type":"","overlay-color":"","overlay-opacity":"","overlay-gradient":""}}},"product_brand":[],"product_cat":[188,1115,957],"product_tag":[],"class_list":{"0":"post-245909","1":"product","2":"type-product","3":"status-publish","5":"product_cat-freelancer","6":"product_cat-stockholm","7":"product_cat-sweden","8":"desktop-align-left","9":"tablet-align-left","10":"mobile-align-left","12":"first","13":"instock","14":"shipping-taxable","15":"product-type-simple"},"_links":{"self":[{"href":"https:\/\/poccky.com\/index.php\/wp-json\/wp\/v2\/product\/245909","targetHints":{"allow":["GET"]}}],"collection":[{"href":"https:\/\/poccky.com\/index.php\/wp-json\/wp\/v2\/product"}],"about":[{"href":"https:\/\/poccky.com\/index.php\/wp-json\/wp\/v2\/types\/product"}],"replies":[{"embeddable":true,"href":"https:\/\/poccky.com\/index.php\/wp-json\/wp\/v2\/comments?post=245909"}],"wp:attachment":[{"href":"https:\/\/poccky.com\/index.php\/wp-json\/wp\/v2\/media?parent=245909"}],"wp:term":[{"taxonomy":"product_brand","embeddable":true,"href":"https:\/\/poccky.com\/index.php\/wp-json\/wp\/v2\/product_brand?post=245909"},{"taxonomy":"product_cat","embeddable":true,"href":"https:\/\/poccky.com\/index.php\/wp-json\/wp\/v2\/product_cat?post=245909"},{"taxonomy":"product_tag","embeddable":true,"href":"https:\/\/poccky.com\/index.php\/wp-json\/wp\/v2\/product_tag?post=245909"}],"curies":[{"name":"wp","href":"https:\/\/api.w.org\/{rel}","templated":true}]}}