{"id":245905,"date":"2023-10-25T09:10:41","date_gmt":"2023-10-25T09:10:41","guid":{"rendered":"https:\/\/poccky.com\/?post_type=product&#038;p=245905"},"modified":"2023-10-25T09:10:48","modified_gmt":"2023-10-25T09:10:48","slug":"hight-class-layla-paris-escort","status":"publish","type":"product","link":"https:\/\/poccky.com\/index.php\/product\/hight-class-layla-paris-escort\/","title":{"rendered":"HIGHT CLASS LAYLA PARIS ESCORT"},"content":{"rendered":"","protected":false},"excerpt":{"rendered":"<p>Une soir\u00e9e avec je me sens un peu comme une date.<br \/>\ncomme je suis facile \u00e0 s&#8217;entendre avec Lady &#038;<br \/>\noffrir un moment de d\u00e9tente sans h\u00e2te.<br \/>\nCependant vous d\u00e9cidez de passer le temps<br \/>\nFine Dinnin.G boissons . Un Bar<br \/>\nou en sirotant du champagne dans le confort<br \/>\nde votre chambre H\u00f4tel.<br \/>\nJe suis libanais-n\u00e9erlandais. une blonde aux cheveux longs me faire une<br \/>\nId\u00e9al pour un Gentleman Date d&#8217;\u00e2ge m\u00fbr. qui en b<br \/>\nDuba\u00ef. Paris. Londres sur un voyage Biz. et rester dans un &#8220;H\u00f4tel 5 *<br \/>\n\u00c7a t&#8217;int\u00e9resse???You are a gentleman with style und level. who appreciates the accompaniment of a sensual. passionate escortlady?<\/p>\n<p>Je vous offre un passionnant. soir\u00e9e d\u00e9lectant. beaucoup de plaisir et d&#8217;intimit\u00e9 non-pr\u00e9sentation. mais r\u00e9el d\u00e9sir et la curiosit\u00e9.<br \/>\nQuand nous nous rencontrer?<br \/>\nSalutations Sensuelle.<br \/>\nLayla-Escort International Best.<br \/>\nInformations sur moi et r\u00e9servation est possible tous les jours entre 10h00 et 00h00<\/p>\n<p>&#8212;&#8212;&#8212;&#8212;&#8212;&#8212;&#8212;&#8212;&#8212;&#8212;&#8212;&#8212;&#8212;&#8212;&#8212;&#8212;&#8212;&#8212;&#8212;&#8212;&#8212;&#8212;&#8212;&#8212;&#8212;&#8212;&#8212;&#8212;&#8212;&#8212;&#8212;&#8212;&#8212;&#8212;&#8212;&#8212;&#8212;&#8212;&#8212;&#8212;&#8212;&#8212;&#8212;&#8212;&#8212;&#8212;&#8212;&#8212;&#8212;&#8212;&#8212;&#8212;&#8212;&#8212;&#8212;&#8212;&#8212;&#8212;&#8212;&#8212;&#8212;&#8212;&#8212;&#8212;&#8212;&#8212;&#8212;&#8212;&#8212;&#8212;&#8212;&#8212;&#8212;&#8212;&#8212;&#8212;&#8212;&#8211;<br \/>\nThank You for Viewing my Web<\/p>\n<p>An Evening with me feel&#8217;s like a Date.<br \/>\nas i&#8217;m An Easy to get along with Lady &#038;<br \/>\noffer a relaxing un-hurried time.<br \/>\nHowever You choose to Spend the time<br \/>\nFine Dinnin.G Drinks . A Bar<br \/>\nor Sipping Champagne in the Comfort<br \/>\nof You Hotel Room.<\/p>\n<p>I&#8217;m lebanese-Dutch a Blond with Long Hair making me an<br \/>\nIdeal Date for a Mature Gentleman. who will b in<br \/>\nDubai .Paris . London on a Biz Trip. &#038; staying in a 5&#8217;* Hotel<br \/>\nSound interesting ??? Vous \u00eates un gentleman avec le niveau und style. qui appr\u00e9ciel&#8217;accompagnement d&#8217;une sensuelle. passionn\u00e9e escortlady?<\/p>\n<p>I offer you a thrillin.G delighting evenin.G much fun and closeness no show. but real lust and curiosity.<br \/>\nWhen will we meet?<br \/>\nSensual greetings.<br \/>\nLayla- Independent Escort International Best.<br \/>\nInformation about me and booking is possible every day between 10:00 a.m. untill 00:00 p.m My details Below mentioned<\/p>\n<p>                Nationality:<br \/>\n                Dutch\/lebanies <\/p>\n<p>                Languages:<br \/>\n                english. dutch. arabic. german<\/p>\n<p>                Age:<br \/>\n                22<\/p>\n<p>                Height:<br \/>\n                168<\/p>\n<p>                Weight:<br \/>\n                60<\/p>\n<p>                Hair:<br \/>\n                Long Blond<\/p>\n<p>                Eyes:<br \/>\n                brown<\/p>\n","protected":false},"featured_media":233215,"comment_status":"open","ping_status":"closed","template":"","meta":{"site-sidebar-layout":"default","site-content-layout":"","ast-site-content-layout":"","site-content-style":"default","site-sidebar-style":"default","ast-global-header-display":"","ast-banner-title-visibility":"","ast-main-header-display":"","ast-hfb-above-header-display":"","ast-hfb-below-header-display":"","ast-hfb-mobile-header-display":"","site-post-title":"","ast-breadcrumbs-content":"","ast-featured-img":"","footer-sml-layout":"","theme-transparent-header-meta":"","adv-header-id-meta":"","stick-header-meta":"","header-above-stick-meta":"","header-main-stick-meta":"","header-below-stick-meta":"","astra-migrate-meta-layouts":"default","ast-page-background-enabled":"default","ast-page-background-meta":{"desktop":{"background-color":"var(--ast-global-color-4)","background-image":"","background-repeat":"repeat","background-position":"center center","background-size":"auto","background-attachment":"scroll","background-type":"","background-media":"","overlay-type":"","overlay-color":"","overlay-opacity":"","overlay-gradient":""},"tablet":{"background-color":"","background-image":"","background-repeat":"repeat","background-position":"center center","background-size":"auto","background-attachment":"scroll","background-type":"","background-media":"","overlay-type":"","overlay-color":"","overlay-opacity":"","overlay-gradient":""},"mobile":{"background-color":"","background-image":"","background-repeat":"repeat","background-position":"center center","background-size":"auto","background-attachment":"scroll","background-type":"","background-media":"","overlay-type":"","overlay-color":"","overlay-opacity":"","overlay-gradient":""}},"ast-content-background-meta":{"desktop":{"background-color":"var(--ast-global-color-5)","background-image":"","background-repeat":"repeat","background-position":"center center","background-size":"auto","background-attachment":"scroll","background-type":"","background-media":"","overlay-type":"","overlay-color":"","overlay-opacity":"","overlay-gradient":""},"tablet":{"background-color":"var(--ast-global-color-5)","background-image":"","background-repeat":"repeat","background-position":"center center","background-size":"auto","background-attachment":"scroll","background-type":"","background-media":"","overlay-type":"","overlay-color":"","overlay-opacity":"","overlay-gradient":""},"mobile":{"background-color":"var(--ast-global-color-5)","background-image":"","background-repeat":"repeat","background-position":"center center","background-size":"auto","background-attachment":"scroll","background-type":"","background-media":"","overlay-type":"","overlay-color":"","overlay-opacity":"","overlay-gradient":""}}},"product_brand":[],"product_cat":[244,188,1118],"product_tag":[],"class_list":{"0":"post-245905","1":"product","2":"type-product","3":"status-publish","4":"has-post-thumbnail","6":"product_cat-france","7":"product_cat-freelancer","8":"product_cat-paris","9":"desktop-align-left","10":"tablet-align-left","11":"mobile-align-left","13":"first","14":"instock","15":"shipping-taxable","16":"product-type-simple"},"_links":{"self":[{"href":"https:\/\/poccky.com\/index.php\/wp-json\/wp\/v2\/product\/245905","targetHints":{"allow":["GET"]}}],"collection":[{"href":"https:\/\/poccky.com\/index.php\/wp-json\/wp\/v2\/product"}],"about":[{"href":"https:\/\/poccky.com\/index.php\/wp-json\/wp\/v2\/types\/product"}],"replies":[{"embeddable":true,"href":"https:\/\/poccky.com\/index.php\/wp-json\/wp\/v2\/comments?post=245905"}],"wp:featuredmedia":[{"embeddable":true,"href":"https:\/\/poccky.com\/index.php\/wp-json\/wp\/v2\/media\/233215"}],"wp:attachment":[{"href":"https:\/\/poccky.com\/index.php\/wp-json\/wp\/v2\/media?parent=245905"}],"wp:term":[{"taxonomy":"product_brand","embeddable":true,"href":"https:\/\/poccky.com\/index.php\/wp-json\/wp\/v2\/product_brand?post=245905"},{"taxonomy":"product_cat","embeddable":true,"href":"https:\/\/poccky.com\/index.php\/wp-json\/wp\/v2\/product_cat?post=245905"},{"taxonomy":"product_tag","embeddable":true,"href":"https:\/\/poccky.com\/index.php\/wp-json\/wp\/v2\/product_tag?post=245905"}],"curies":[{"name":"wp","href":"https:\/\/api.w.org\/{rel}","templated":true}]}}