{"id":245830,"date":"2023-10-25T09:02:44","date_gmt":"2023-10-25T09:02:44","guid":{"rendered":"https:\/\/poccky.com\/?post_type=product&#038;p=245830"},"modified":"2023-10-25T09:02:48","modified_gmt":"2023-10-25T09:02:48","slug":"gina-vegas","status":"publish","type":"product","link":"https:\/\/poccky.com\/index.php\/product\/gina-vegas\/","title":{"rendered":"Gina Vegas"},"content":{"rendered":"","protected":false},"excerpt":{"rendered":"<p>Hej!<\/p>\n<p>Jag \u00e4r en Independent Escort som \u00e4r baserad i Stockholm.<\/p>\n<p>Mina r\u00f6tter \u00e4r fr\u00e5n vackra Italien.<\/p>\n<p>Jag \u00e4r v\u00e4nli.Gsensuell. diskret och l\u00e4tt att umg\u00e5s med.<\/p>\n<p>Jag \u00e4r 37 \u00e5r gamal.1.74 cm l\u00e5ng och v\u00e4ger 58 kg. Jag \u00f6nskar g\u00e4rna att du \u00e4r i samma \u00e5lder eller \u00e4ldre!<\/p>\n<p>Jag \u00e4lskar att vara sensuell och f\u00f6f\u00f6ra dej med min kvinlighet.<\/p>\n<p>S\u00e5 om du tycker om vad du l\u00e4ser och gillar det du ser. ring mej d\u00e5 g\u00e4rna f\u00f6r att boka ett h\u00e4rlig m\u00f6tte med mej<\/p>\n<p>Min Service till dej:<\/p>\n<p>1 Timme Service Incall :2300 KR<\/p>\n<p>Halvtimme Incall : 1800 KR<\/p>\n<p>E-Mail : ginavegas6.gmail.com<\/p>\n<p>Hemmsida : http:\/\/ginavegas.webs.com<\/p>\n<p>Mobil : 0700-59 78 78<\/p>\n<p>Kramisar<\/p>\n<p>Gina My details Below mentioned<\/p>\n<p>                Nationality:<br \/>\n                Italien <\/p>\n<p>                Languages:<br \/>\n                English.  Swedish<\/p>\n<p>                Age:<br \/>\n                37<\/p>\n<p>                Height:<br \/>\n                1.74<\/p>\n<p>                Weight:<br \/>\n                58 kg<\/p>\n<p>                Hair:<br \/>\n                Long curly brown <\/p>\n<p>                Eyes:<br \/>\n                brownphone_android Phone:<br \/>\n          0700597878<\/p>\n","protected":false},"featured_media":232916,"comment_status":"open","ping_status":"closed","template":"","meta":{"site-sidebar-layout":"default","site-content-layout":"","ast-site-content-layout":"","site-content-style":"default","site-sidebar-style":"default","ast-global-header-display":"","ast-banner-title-visibility":"","ast-main-header-display":"","ast-hfb-above-header-display":"","ast-hfb-below-header-display":"","ast-hfb-mobile-header-display":"","site-post-title":"","ast-breadcrumbs-content":"","ast-featured-img":"","footer-sml-layout":"","theme-transparent-header-meta":"","adv-header-id-meta":"","stick-header-meta":"","header-above-stick-meta":"","header-main-stick-meta":"","header-below-stick-meta":"","astra-migrate-meta-layouts":"default","ast-page-background-enabled":"default","ast-page-background-meta":{"desktop":{"background-color":"var(--ast-global-color-4)","background-image":"","background-repeat":"repeat","background-position":"center center","background-size":"auto","background-attachment":"scroll","background-type":"","background-media":"","overlay-type":"","overlay-color":"","overlay-opacity":"","overlay-gradient":""},"tablet":{"background-color":"","background-image":"","background-repeat":"repeat","background-position":"center center","background-size":"auto","background-attachment":"scroll","background-type":"","background-media":"","overlay-type":"","overlay-color":"","overlay-opacity":"","overlay-gradient":""},"mobile":{"background-color":"","background-image":"","background-repeat":"repeat","background-position":"center center","background-size":"auto","background-attachment":"scroll","background-type":"","background-media":"","overlay-type":"","overlay-color":"","overlay-opacity":"","overlay-gradient":""}},"ast-content-background-meta":{"desktop":{"background-color":"var(--ast-global-color-5)","background-image":"","background-repeat":"repeat","background-position":"center center","background-size":"auto","background-attachment":"scroll","background-type":"","background-media":"","overlay-type":"","overlay-color":"","overlay-opacity":"","overlay-gradient":""},"tablet":{"background-color":"var(--ast-global-color-5)","background-image":"","background-repeat":"repeat","background-position":"center center","background-size":"auto","background-attachment":"scroll","background-type":"","background-media":"","overlay-type":"","overlay-color":"","overlay-opacity":"","overlay-gradient":""},"mobile":{"background-color":"var(--ast-global-color-5)","background-image":"","background-repeat":"repeat","background-position":"center center","background-size":"auto","background-attachment":"scroll","background-type":"","background-media":"","overlay-type":"","overlay-color":"","overlay-opacity":"","overlay-gradient":""}}},"product_brand":[],"product_cat":[188,1115,957],"product_tag":[],"class_list":{"0":"post-245830","1":"product","2":"type-product","3":"status-publish","4":"has-post-thumbnail","6":"product_cat-freelancer","7":"product_cat-stockholm","8":"product_cat-sweden","9":"desktop-align-left","10":"tablet-align-left","11":"mobile-align-left","13":"first","14":"instock","15":"shipping-taxable","16":"product-type-simple"},"_links":{"self":[{"href":"https:\/\/poccky.com\/index.php\/wp-json\/wp\/v2\/product\/245830","targetHints":{"allow":["GET"]}}],"collection":[{"href":"https:\/\/poccky.com\/index.php\/wp-json\/wp\/v2\/product"}],"about":[{"href":"https:\/\/poccky.com\/index.php\/wp-json\/wp\/v2\/types\/product"}],"replies":[{"embeddable":true,"href":"https:\/\/poccky.com\/index.php\/wp-json\/wp\/v2\/comments?post=245830"}],"wp:featuredmedia":[{"embeddable":true,"href":"https:\/\/poccky.com\/index.php\/wp-json\/wp\/v2\/media\/232916"}],"wp:attachment":[{"href":"https:\/\/poccky.com\/index.php\/wp-json\/wp\/v2\/media?parent=245830"}],"wp:term":[{"taxonomy":"product_brand","embeddable":true,"href":"https:\/\/poccky.com\/index.php\/wp-json\/wp\/v2\/product_brand?post=245830"},{"taxonomy":"product_cat","embeddable":true,"href":"https:\/\/poccky.com\/index.php\/wp-json\/wp\/v2\/product_cat?post=245830"},{"taxonomy":"product_tag","embeddable":true,"href":"https:\/\/poccky.com\/index.php\/wp-json\/wp\/v2\/product_tag?post=245830"}],"curies":[{"name":"wp","href":"https:\/\/api.w.org\/{rel}","templated":true}]}}