{"id":245682,"date":"2023-10-25T08:46:43","date_gmt":"2023-10-25T08:46:43","guid":{"rendered":"https:\/\/poccky.com\/?post_type=product&#038;p=245682"},"modified":"2023-10-25T08:46:45","modified_gmt":"2023-10-25T08:46:45","slug":"anal-sex-incall","status":"publish","type":"product","link":"https:\/\/poccky.com\/index.php\/product\/anal-sex-incall\/","title":{"rendered":"ANAL SEX INCALL"},"content":{"rendered":"","protected":false},"excerpt":{"rendered":"<p>Merhabalar. ben ?stanbul\u2019dan Star Eyl\u00fcl.<br \/>\n27 Ya??nda. 170 boyunda. 95-65-95 \u00f6l\u00e7\u00fclerinde. kesinlikle ba??ms?z \u00e7al??an. * e?itimli. k\u00fclt\u00fcrl\u00fc. konu?mas?n?. oturmas?n? ve kalkmas?n? bilen. profesyonel hizmeti amat\u00f6r ruhla yapan. * s?n?rs?z. d??ar?da tam bir han?mefendi g\u00f6r\u00fcn\u00fcm\u00fcnde. ama yatakda fahi?eniz olabilen kad?n gibi kad?n?md?r.<br \/>\nVe. Bir bayana nas?l davranmas?n? gerekti?ini bilen. seksapelin yan?nda kaliteye\u2019de \u00f6nem veren. 5* veya 4* otellerde konaklayan yada \u00f6zel g\u00fcvenlikli evlerde ya?ayan ger\u00e7ek beyefendilerle g\u00f6r\u00fc?\u00fcyorum.<br \/>\n**** STANDARTLARIM VARDIR VE BU STANDARTLARIN ALTINA ASLA ?NMEM **** My details Below mentioned<\/p>\n<p>                Nationality:<br \/>\n                TURK?SH <\/p>\n<p>                Languages:<br \/>\n                TURKISH ENGILISH<\/p>\n<p>                Age:<br \/>\n                27<\/p>\n<p>                Height:<br \/>\n                1.70<\/p>\n<p>                Weight:<br \/>\n                60<\/p>\n<p>                Hair:<br \/>\n                BLACK<\/p>\n<p>                Measurements:<br \/>\n                95.62.98<\/p>\n","protected":false},"featured_media":232359,"comment_status":"open","ping_status":"closed","template":"","meta":{"site-sidebar-layout":"default","site-content-layout":"","ast-site-content-layout":"","site-content-style":"default","site-sidebar-style":"default","ast-global-header-display":"","ast-banner-title-visibility":"","ast-main-header-display":"","ast-hfb-above-header-display":"","ast-hfb-below-header-display":"","ast-hfb-mobile-header-display":"","site-post-title":"","ast-breadcrumbs-content":"","ast-featured-img":"","footer-sml-layout":"","theme-transparent-header-meta":"","adv-header-id-meta":"","stick-header-meta":"","header-above-stick-meta":"","header-main-stick-meta":"","header-below-stick-meta":"","astra-migrate-meta-layouts":"default","ast-page-background-enabled":"default","ast-page-background-meta":{"desktop":{"background-color":"var(--ast-global-color-4)","background-image":"","background-repeat":"repeat","background-position":"center center","background-size":"auto","background-attachment":"scroll","background-type":"","background-media":"","overlay-type":"","overlay-color":"","overlay-opacity":"","overlay-gradient":""},"tablet":{"background-color":"","background-image":"","background-repeat":"repeat","background-position":"center center","background-size":"auto","background-attachment":"scroll","background-type":"","background-media":"","overlay-type":"","overlay-color":"","overlay-opacity":"","overlay-gradient":""},"mobile":{"background-color":"","background-image":"","background-repeat":"repeat","background-position":"center center","background-size":"auto","background-attachment":"scroll","background-type":"","background-media":"","overlay-type":"","overlay-color":"","overlay-opacity":"","overlay-gradient":""}},"ast-content-background-meta":{"desktop":{"background-color":"var(--ast-global-color-5)","background-image":"","background-repeat":"repeat","background-position":"center center","background-size":"auto","background-attachment":"scroll","background-type":"","background-media":"","overlay-type":"","overlay-color":"","overlay-opacity":"","overlay-gradient":""},"tablet":{"background-color":"var(--ast-global-color-5)","background-image":"","background-repeat":"repeat","background-position":"center center","background-size":"auto","background-attachment":"scroll","background-type":"","background-media":"","overlay-type":"","overlay-color":"","overlay-opacity":"","overlay-gradient":""},"mobile":{"background-color":"var(--ast-global-color-5)","background-image":"","background-repeat":"repeat","background-position":"center center","background-size":"auto","background-attachment":"scroll","background-type":"","background-media":"","overlay-type":"","overlay-color":"","overlay-opacity":"","overlay-gradient":""}}},"product_brand":[],"product_cat":[188,1113,243],"product_tag":[],"class_list":{"0":"post-245682","1":"product","2":"type-product","3":"status-publish","4":"has-post-thumbnail","6":"product_cat-freelancer","7":"product_cat-istanbul","8":"product_cat-turky","9":"desktop-align-left","10":"tablet-align-left","11":"mobile-align-left","13":"first","14":"instock","15":"shipping-taxable","16":"product-type-simple"},"_links":{"self":[{"href":"https:\/\/poccky.com\/index.php\/wp-json\/wp\/v2\/product\/245682","targetHints":{"allow":["GET"]}}],"collection":[{"href":"https:\/\/poccky.com\/index.php\/wp-json\/wp\/v2\/product"}],"about":[{"href":"https:\/\/poccky.com\/index.php\/wp-json\/wp\/v2\/types\/product"}],"replies":[{"embeddable":true,"href":"https:\/\/poccky.com\/index.php\/wp-json\/wp\/v2\/comments?post=245682"}],"wp:featuredmedia":[{"embeddable":true,"href":"https:\/\/poccky.com\/index.php\/wp-json\/wp\/v2\/media\/232359"}],"wp:attachment":[{"href":"https:\/\/poccky.com\/index.php\/wp-json\/wp\/v2\/media?parent=245682"}],"wp:term":[{"taxonomy":"product_brand","embeddable":true,"href":"https:\/\/poccky.com\/index.php\/wp-json\/wp\/v2\/product_brand?post=245682"},{"taxonomy":"product_cat","embeddable":true,"href":"https:\/\/poccky.com\/index.php\/wp-json\/wp\/v2\/product_cat?post=245682"},{"taxonomy":"product_tag","embeddable":true,"href":"https:\/\/poccky.com\/index.php\/wp-json\/wp\/v2\/product_tag?post=245682"}],"curies":[{"name":"wp","href":"https:\/\/api.w.org\/{rel}","templated":true}]}}