{"id":245680,"date":"2023-10-25T08:46:35","date_gmt":"2023-10-25T08:46:35","guid":{"rendered":"https:\/\/poccky.com\/?post_type=product&#038;p=245680"},"modified":"2023-10-25T08:46:39","modified_gmt":"2023-10-25T08:46:39","slug":"stella-6","status":"publish","type":"product","link":"https:\/\/poccky.com\/index.php\/product\/stella-6\/","title":{"rendered":"Stella"},"content":{"rendered":"","protected":false},"excerpt":{"rendered":"<p>Posso riceverti in ambiente esclusivo e riservato con parcheggio adiacente senza portineria a 20 minuti da Padova<\/p>\n<p>Ti raggiungo in hotel e\/o domicilio a Padova e limitrofi con un preavviso minimo di 3 ore.<\/p>\n<p>Per le altre citt\u00e0 del nord Italia preavviso minimo un giorno previa prenotazione.<\/p>\n<p>Ricorda: mi SPOSTO esclusivamente su appuntamento confermato.<\/p>\n<p>I TUOI COSTI MI SEMBRANO ELEVATI..\u2026<\/p>\n<p>Anche la mia qualit\u00e0 \u00e8 pi\u00f9 elevata. ma i costi. NO.<\/p>\n<p>I TUOI COSTI SONO TRATTABILI?<\/p>\n<p>No. mi dispiace. I miei costi non sono negoziabili.<\/p>\n<p>QUALI SONO I TUOI COSTI?<\/p>\n<p>Quando mi chiamerai ti dir\u00f2 i miei costi.<\/p>\n<p>COSA FAI?<\/p>\n<p>Per le persone che mi rivolgono queste domande esplicite e un po&#8217; volgari. la risposta \u00e8 non faccio nessuna prestazione tipo anal. bj cabrio. Queste prestazioni squallide non fanno parte dei miei incontri che sono curati nei minimi dettagli senza specificare volgarmente le suddette prestazioni.<\/p>\n<p>MI PIACEREBBE INCONTRARTI FREQUENTEMENTE SI PUO&#8217; AVERE UNO SCONTO?<\/p>\n<p>Certamente dopo alcuni incontri ne potremo sicuramente parlare.<\/p>\n<p>ACCETTI ASSEGNI O CARTE DI CREDITO?<\/p>\n<p>Assolutamente NO.<\/p>\n<p>FAI SCONTI PER UN INCONTRO SENZA SESSO?<\/p>\n<p>Assolutamente NO.<\/p>\n<p>POSSIAMO VEDERCI PER UN CAFFE&#8217; O UN APERITIVO E CONOSCERCI PRIMA DI FISSARE UN APPUNTAMENTO?<\/p>\n<p>Non ne ho il tempo. mi dispiace. Se accettassi queste frequenti richieste. passerei la giornata al bar o al ristorante.<\/p>\n<p>QUAL&#8217;E&#8217; IL MODO MIGLIORE DI CONTATTARTI?<\/p>\n<p>Telefonarmi. Il telefono garantisce immediatezza.<br \/>\nRicordati che non rispondo a chiamate col numero nascosto e mail.<\/p>\n<p>PUOI VENIRE A CASA MIA O NEL MIO ALBERGO?<\/p>\n<p>S\u00ec. certamente.<\/p>\n<p>QUANTO PREAVVISO TI SERVE PER FISSARE UN APPUNTAMENTO?<\/p>\n<p>La maggior quantit\u00e0 di tempo che ti e&#8217; possibile. Per appuntamento su Padova 3 ore prima per altre citt\u00e0 un giorno prima.\u2026<\/p>\n<p>DEVO CONFERMARE IL MIO APPUNTAMENTO PRECEDENTEMENTE PRENOTATO?<\/p>\n<p>Obbligatoriamente si 1 ora prima dell&#8217;appuntamento con una telefonata.<\/p>\n<p>SE DOVESSI AVERE UN IMPREVISTO DEVO AVVISARTI?<\/p>\n<p>Certamente.<\/p>\n<p>PUOI ACCETTARE UN APPUNTAMENTO ALL&#8217;ULTIMO MINUTO?<\/p>\n<p>Posso fare eccezione se sei serio. se ci siamo gi\u00e0 incontrati. e se sono libera.<\/p>\n<p>VIAGGI? PUOI VENIRE IN VACANZA CON ME?<\/p>\n<p>Certamente. Io mi sposto in tutta italia e all&#8217;estero per prenotare il nostro incontro prendi visione dei miei servizi e telefonami.<\/p>\n<p>PERCHE&#8217; NON RISPONDI A TELEFONATE CON NUMERO PRIVATO?<\/p>\n<p>Non mostrare il numero telefonico \u00e8 un pessimo modo di iniziare un rapporto che dovrebbe essere piacevole e di fiducia reciproca. Il tuo numero e&#8217; poi garanzia per me della tua seriet\u00e0. Se inaspettatamente mi dovesse capitare un piccolo incidente. vorrei poterti avvisare per tempo. evitandoti un viaggio a vuoto. Naturalmente sapr\u00f2 sempre essere discreta. per la tua tranquillit\u00e0.<\/p>\n<p>COME MAI NON RISPONDI?<\/p>\n<p>Potrebbe essere perch\u00e8:<br \/>\n&#8211; Mi stai telefonando con numero non visibile.<br \/>\n&#8211; Sono &#8220;impegnata&#8221; e non posso rispondere<br \/>\n&#8211; Ti sei precedentemente comportato male e ti avevo intimato di non telefonarmi pi\u00f9.<\/p>\n<p>PERCHE&#8217; NON RISPONDI AGLI SMS?<\/p>\n<p>Perche&#8217; non ne ho il tempo.<\/p>\n<p>PERCHE&#8217; NON RISPONDI ALLE MAIL?<\/p>\n<p>Perche&#8217; le mail devono essere dettagliate circa il tipo di incontro il luogo la durata ed eventuali richieste.<br \/>\nChiaramente se non corrispondono a queste caratteristiche non le prendo in considerazione.<\/p>\n<p>TI VORREI INCONTRARE PER UN ORA NELLA MIA CITTA&#8217;..<\/p>\n<p>Se la tua citta&#8217; dista piu&#8217; di 100 km dalla mia il servizio minimo parte da 2 ore. Non accetto appuntamenti di 1 ora per distanze superiori ai 100 km.<\/p>\n<p>NB: Tutte le info contenute nel mio sito sono veritiere e dettagliate perch\u00e8 amo curare ogni piccolo dettaglio prima di un incontro.. My details Below mentioned<\/p>\n<p>                Age:<br \/>\n                30<\/p>\n<p>                Height:<br \/>\n                173 cm<\/p>\n<p>                Weight:<br \/>\n                56 kg<\/p>\n<p>                Hair:<br \/>\n                Dark Brown<\/p>\n<p>                Eyes:<br \/>\n                Green<\/p>\n<p>                Measurements:<br \/>\n                97-65-95<\/p>\n","protected":false},"featured_media":232356,"comment_status":"open","ping_status":"closed","template":"","meta":{"site-sidebar-layout":"default","site-content-layout":"","ast-site-content-layout":"","site-content-style":"default","site-sidebar-style":"default","ast-global-header-display":"","ast-banner-title-visibility":"","ast-main-header-display":"","ast-hfb-above-header-display":"","ast-hfb-below-header-display":"","ast-hfb-mobile-header-display":"","site-post-title":"","ast-breadcrumbs-content":"","ast-featured-img":"","footer-sml-layout":"","theme-transparent-header-meta":"","adv-header-id-meta":"","stick-header-meta":"","header-above-stick-meta":"","header-main-stick-meta":"","header-below-stick-meta":"","astra-migrate-meta-layouts":"default","ast-page-background-enabled":"default","ast-page-background-meta":{"desktop":{"background-color":"var(--ast-global-color-4)","background-image":"","background-repeat":"repeat","background-position":"center center","background-size":"auto","background-attachment":"scroll","background-type":"","background-media":"","overlay-type":"","overlay-color":"","overlay-opacity":"","overlay-gradient":""},"tablet":{"background-color":"","background-image":"","background-repeat":"repeat","background-position":"center center","background-size":"auto","background-attachment":"scroll","background-type":"","background-media":"","overlay-type":"","overlay-color":"","overlay-opacity":"","overlay-gradient":""},"mobile":{"background-color":"","background-image":"","background-repeat":"repeat","background-position":"center center","background-size":"auto","background-attachment":"scroll","background-type":"","background-media":"","overlay-type":"","overlay-color":"","overlay-opacity":"","overlay-gradient":""}},"ast-content-background-meta":{"desktop":{"background-color":"var(--ast-global-color-5)","background-image":"","background-repeat":"repeat","background-position":"center center","background-size":"auto","background-attachment":"scroll","background-type":"","background-media":"","overlay-type":"","overlay-color":"","overlay-opacity":"","overlay-gradient":""},"tablet":{"background-color":"var(--ast-global-color-5)","background-image":"","background-repeat":"repeat","background-position":"center center","background-size":"auto","background-attachment":"scroll","background-type":"","background-media":"","overlay-type":"","overlay-color":"","overlay-opacity":"","overlay-gradient":""},"mobile":{"background-color":"var(--ast-global-color-5)","background-image":"","background-repeat":"repeat","background-position":"center center","background-size":"auto","background-attachment":"scroll","background-type":"","background-media":"","overlay-type":"","overlay-color":"","overlay-opacity":"","overlay-gradient":""}}},"product_brand":[],"product_cat":[188,911,1119],"product_tag":[],"class_list":{"0":"post-245680","1":"product","2":"type-product","3":"status-publish","4":"has-post-thumbnail","6":"product_cat-freelancer","7":"product_cat-monaco","8":"product_cat-monte-carlo","9":"desktop-align-left","10":"tablet-align-left","11":"mobile-align-left","13":"first","14":"instock","15":"shipping-taxable","16":"product-type-simple"},"_links":{"self":[{"href":"https:\/\/poccky.com\/index.php\/wp-json\/wp\/v2\/product\/245680","targetHints":{"allow":["GET"]}}],"collection":[{"href":"https:\/\/poccky.com\/index.php\/wp-json\/wp\/v2\/product"}],"about":[{"href":"https:\/\/poccky.com\/index.php\/wp-json\/wp\/v2\/types\/product"}],"replies":[{"embeddable":true,"href":"https:\/\/poccky.com\/index.php\/wp-json\/wp\/v2\/comments?post=245680"}],"wp:featuredmedia":[{"embeddable":true,"href":"https:\/\/poccky.com\/index.php\/wp-json\/wp\/v2\/media\/232356"}],"wp:attachment":[{"href":"https:\/\/poccky.com\/index.php\/wp-json\/wp\/v2\/media?parent=245680"}],"wp:term":[{"taxonomy":"product_brand","embeddable":true,"href":"https:\/\/poccky.com\/index.php\/wp-json\/wp\/v2\/product_brand?post=245680"},{"taxonomy":"product_cat","embeddable":true,"href":"https:\/\/poccky.com\/index.php\/wp-json\/wp\/v2\/product_cat?post=245680"},{"taxonomy":"product_tag","embeddable":true,"href":"https:\/\/poccky.com\/index.php\/wp-json\/wp\/v2\/product_tag?post=245680"}],"curies":[{"name":"wp","href":"https:\/\/api.w.org\/{rel}","templated":true}]}}