{"id":245587,"date":"2023-10-25T08:36:13","date_gmt":"2023-10-25T08:36:13","guid":{"rendered":"https:\/\/poccky.com\/?post_type=product&#038;p=245587"},"modified":"2023-10-25T08:36:20","modified_gmt":"2023-10-25T08:36:20","slug":"sara-7","status":"publish","type":"product","link":"https:\/\/poccky.com\/index.php\/product\/sara-7\/","title":{"rendered":"Sara"},"content":{"rendered":"","protected":false},"excerpt":{"rendered":"<p>Jag \u00e4r en blond mogen svenska som erbjuder sk\u00f6na sexmassagebehandlingar<br \/>\nMin milj\u00f6 \u00e4r lugn o trevlig o helt diskret .Ring f\u00f6r info o tr\u00e4ff 0737 33 48 33<br \/>\nN\u00e5gra av mina olika behandlingar : topp.oralt o samlag.<br \/>\nTa med Din fantasi till Madam s\u00e5 f\u00f6rverkligar vi den tillsammans<br \/>\nav Madams piska . f\u00f6tter .strap on eller wet<br \/>\nfinns i Gubb\u00e4ngen vid T-banan fri parkering finns runtomkring<br \/>\nDu \u00e4r v\u00e4lkommen hur du \u00e4n \u00e4r kl\u00e4dd .dusch finns om du \u00f6nskar<br \/>\n\u00f6ppettider m\u00e5ndag \u2013 torsdag 12-18<br \/>\nKram o v\u00e4lkommen.Sara<\/p>\n<p>\u00e5lder skall vara \u00f6ver 25 .yngre g\u00f6re sig ej besv\u00e4r<br \/>\nsvarar EJ P\u00c5 SMS eller mailbokningar utan personlig telefonkontakt<br \/>\nsvarar endast mellan 12-18<\/p>\n<p>OBS ! fotv\u00e5rd finns f\u00f6r den som \u00f6nskar<\/p>\n<p>Hi to you who are englishspoken I can also help you with my nice services<br \/>\nJust call me and I will give you my offer personaly<br \/>\ndaytime 12-18 monday \u2013thursday<br \/>\nHug and wellcome .Sara My details Below mentioned<\/p>\n<p>                Nationality:<br \/>\n                Sweden <\/p>\n<p>                Languages:<br \/>\n                swedish english german<\/p>\n<p>                Age:<br \/>\n                47<\/p>\n<p>                Height:<br \/>\n                167<\/p>\n<p>                Weight:<br \/>\n                67<\/p>\n<p>                Hair:<br \/>\n                Blonde<\/p>\n<p>                Eyes:<br \/>\n                blue<\/p>\n<p>                Measurements:<br \/>\n                85 D-Cupphone_android Phone:<br \/>\n          +46737334833<\/p>\n","protected":false},"featured_media":232022,"comment_status":"open","ping_status":"closed","template":"","meta":{"site-sidebar-layout":"default","site-content-layout":"","ast-site-content-layout":"","site-content-style":"default","site-sidebar-style":"default","ast-global-header-display":"","ast-banner-title-visibility":"","ast-main-header-display":"","ast-hfb-above-header-display":"","ast-hfb-below-header-display":"","ast-hfb-mobile-header-display":"","site-post-title":"","ast-breadcrumbs-content":"","ast-featured-img":"","footer-sml-layout":"","theme-transparent-header-meta":"","adv-header-id-meta":"","stick-header-meta":"","header-above-stick-meta":"","header-main-stick-meta":"","header-below-stick-meta":"","astra-migrate-meta-layouts":"default","ast-page-background-enabled":"default","ast-page-background-meta":{"desktop":{"background-color":"var(--ast-global-color-4)","background-image":"","background-repeat":"repeat","background-position":"center center","background-size":"auto","background-attachment":"scroll","background-type":"","background-media":"","overlay-type":"","overlay-color":"","overlay-opacity":"","overlay-gradient":""},"tablet":{"background-color":"","background-image":"","background-repeat":"repeat","background-position":"center center","background-size":"auto","background-attachment":"scroll","background-type":"","background-media":"","overlay-type":"","overlay-color":"","overlay-opacity":"","overlay-gradient":""},"mobile":{"background-color":"","background-image":"","background-repeat":"repeat","background-position":"center center","background-size":"auto","background-attachment":"scroll","background-type":"","background-media":"","overlay-type":"","overlay-color":"","overlay-opacity":"","overlay-gradient":""}},"ast-content-background-meta":{"desktop":{"background-color":"var(--ast-global-color-5)","background-image":"","background-repeat":"repeat","background-position":"center center","background-size":"auto","background-attachment":"scroll","background-type":"","background-media":"","overlay-type":"","overlay-color":"","overlay-opacity":"","overlay-gradient":""},"tablet":{"background-color":"var(--ast-global-color-5)","background-image":"","background-repeat":"repeat","background-position":"center center","background-size":"auto","background-attachment":"scroll","background-type":"","background-media":"","overlay-type":"","overlay-color":"","overlay-opacity":"","overlay-gradient":""},"mobile":{"background-color":"var(--ast-global-color-5)","background-image":"","background-repeat":"repeat","background-position":"center center","background-size":"auto","background-attachment":"scroll","background-type":"","background-media":"","overlay-type":"","overlay-color":"","overlay-opacity":"","overlay-gradient":""}}},"product_brand":[],"product_cat":[188,1115,957],"product_tag":[],"class_list":{"0":"post-245587","1":"product","2":"type-product","3":"status-publish","4":"has-post-thumbnail","6":"product_cat-freelancer","7":"product_cat-stockholm","8":"product_cat-sweden","9":"desktop-align-left","10":"tablet-align-left","11":"mobile-align-left","13":"first","14":"instock","15":"shipping-taxable","16":"product-type-simple"},"_links":{"self":[{"href":"https:\/\/poccky.com\/index.php\/wp-json\/wp\/v2\/product\/245587","targetHints":{"allow":["GET"]}}],"collection":[{"href":"https:\/\/poccky.com\/index.php\/wp-json\/wp\/v2\/product"}],"about":[{"href":"https:\/\/poccky.com\/index.php\/wp-json\/wp\/v2\/types\/product"}],"replies":[{"embeddable":true,"href":"https:\/\/poccky.com\/index.php\/wp-json\/wp\/v2\/comments?post=245587"}],"wp:featuredmedia":[{"embeddable":true,"href":"https:\/\/poccky.com\/index.php\/wp-json\/wp\/v2\/media\/232022"}],"wp:attachment":[{"href":"https:\/\/poccky.com\/index.php\/wp-json\/wp\/v2\/media?parent=245587"}],"wp:term":[{"taxonomy":"product_brand","embeddable":true,"href":"https:\/\/poccky.com\/index.php\/wp-json\/wp\/v2\/product_brand?post=245587"},{"taxonomy":"product_cat","embeddable":true,"href":"https:\/\/poccky.com\/index.php\/wp-json\/wp\/v2\/product_cat?post=245587"},{"taxonomy":"product_tag","embeddable":true,"href":"https:\/\/poccky.com\/index.php\/wp-json\/wp\/v2\/product_tag?post=245587"}],"curies":[{"name":"wp","href":"https:\/\/api.w.org\/{rel}","templated":true}]}}