{"id":245559,"date":"2023-10-25T08:33:16","date_gmt":"2023-10-25T08:33:16","guid":{"rendered":"https:\/\/poccky.com\/?post_type=product&#038;p=245559"},"modified":"2023-10-25T08:33:20","modified_gmt":"2023-10-25T08:33:20","slug":"vip-star-eylul-istanbul","status":"publish","type":"product","link":"https:\/\/poccky.com\/index.php\/product\/vip-star-eylul-istanbul\/","title":{"rendered":"VIP STAR EYLUL ISTANBUL"},"content":{"rendered":"","protected":false},"excerpt":{"rendered":"<p>*27 YAS 170 BOY OLCULERINDE<\/p>\n<p>*KESINLIKLE BAGIMSIZ \u00c7ALI?AN.<\/p>\n<p>*EGITIMLI.K\u00dcLT\u00dcRL\u00dc .KONU?MASINI. OTURMASINI -KALKMASINI BILEN.<\/p>\n<p>*PROFESYONEL HIZMETI ~~AMATOR RUHLA ~~YAPAN<\/p>\n<p>*SINIRSIZ !<\/p>\n<p>*DI?ARDA TAM BIR HANIMEFENDI G\u00d6R\u00dcN\u00dcM\u00dcNDE.<\/p>\n<p>* AMA YATAKTA FAHI?ENIZ OLAB?LEN KADIN GIBI BIR KADINIMDIR &#8230;.<\/p>\n<p>VE&#8230;<\/p>\n<p>&#8211; BIR BAYANA NASIL DAVRANMANMASI GEREKTIGINI BILEN.<\/p>\n<p>&#8211; SEKSAPELIN YANINDA . KALITEYE DE \u00d6NEM VEREN .<\/p>\n<p>&#8211; 5 VEYA 4 YILDIZLI OTELLERDE KONAKLAYAN veya OZEL GUVENLIKLI EVLERDE YA?AYAN GER\u00c7EK BEYEFENDILERLE G\u00d6R\u00dcS\u00dcYORUM.?K?NC? GORUSMELERIMCE INCALL (KENDI EVIMDE) GORUSMELERIM MEVCUTTUR ASLA ILK GORUSMEDE INCALL YAPMIYORUM ISRAR ETMEYINIZ<\/p>\n<p>**** STANDARTLARIM VARDIR VE BU STANDARTLARIN ALTINA ASLA INMEM ****<br \/>\nwww.stareylul.com My details Below mentioned<\/p>\n<p>                Nationality:<br \/>\n                TURK?SH <\/p>\n<p>                Languages:<br \/>\n                TURKISH ENGILISH<\/p>\n<p>                Age:<br \/>\n                27<\/p>\n<p>                Height:<br \/>\n                1.70<\/p>\n<p>                Weight:<br \/>\n                60<\/p>\n<p>                Hair:<br \/>\n                BLACK<\/p>\n<p>                Eyes:<br \/>\n                GREEN<\/p>\n<p>                Measurements:<br \/>\n                95.62.98<\/p>\n","protected":false},"featured_media":231919,"comment_status":"open","ping_status":"closed","template":"","meta":{"site-sidebar-layout":"default","site-content-layout":"","ast-site-content-layout":"","site-content-style":"default","site-sidebar-style":"default","ast-global-header-display":"","ast-banner-title-visibility":"","ast-main-header-display":"","ast-hfb-above-header-display":"","ast-hfb-below-header-display":"","ast-hfb-mobile-header-display":"","site-post-title":"","ast-breadcrumbs-content":"","ast-featured-img":"","footer-sml-layout":"","theme-transparent-header-meta":"","adv-header-id-meta":"","stick-header-meta":"","header-above-stick-meta":"","header-main-stick-meta":"","header-below-stick-meta":"","astra-migrate-meta-layouts":"default","ast-page-background-enabled":"default","ast-page-background-meta":{"desktop":{"background-color":"var(--ast-global-color-4)","background-image":"","background-repeat":"repeat","background-position":"center center","background-size":"auto","background-attachment":"scroll","background-type":"","background-media":"","overlay-type":"","overlay-color":"","overlay-opacity":"","overlay-gradient":""},"tablet":{"background-color":"","background-image":"","background-repeat":"repeat","background-position":"center center","background-size":"auto","background-attachment":"scroll","background-type":"","background-media":"","overlay-type":"","overlay-color":"","overlay-opacity":"","overlay-gradient":""},"mobile":{"background-color":"","background-image":"","background-repeat":"repeat","background-position":"center center","background-size":"auto","background-attachment":"scroll","background-type":"","background-media":"","overlay-type":"","overlay-color":"","overlay-opacity":"","overlay-gradient":""}},"ast-content-background-meta":{"desktop":{"background-color":"var(--ast-global-color-5)","background-image":"","background-repeat":"repeat","background-position":"center center","background-size":"auto","background-attachment":"scroll","background-type":"","background-media":"","overlay-type":"","overlay-color":"","overlay-opacity":"","overlay-gradient":""},"tablet":{"background-color":"var(--ast-global-color-5)","background-image":"","background-repeat":"repeat","background-position":"center center","background-size":"auto","background-attachment":"scroll","background-type":"","background-media":"","overlay-type":"","overlay-color":"","overlay-opacity":"","overlay-gradient":""},"mobile":{"background-color":"var(--ast-global-color-5)","background-image":"","background-repeat":"repeat","background-position":"center center","background-size":"auto","background-attachment":"scroll","background-type":"","background-media":"","overlay-type":"","overlay-color":"","overlay-opacity":"","overlay-gradient":""}}},"product_brand":[],"product_cat":[188,1113,243],"product_tag":[],"class_list":{"0":"post-245559","1":"product","2":"type-product","3":"status-publish","4":"has-post-thumbnail","6":"product_cat-freelancer","7":"product_cat-istanbul","8":"product_cat-turky","9":"desktop-align-left","10":"tablet-align-left","11":"mobile-align-left","13":"first","14":"instock","15":"shipping-taxable","16":"product-type-simple"},"_links":{"self":[{"href":"https:\/\/poccky.com\/index.php\/wp-json\/wp\/v2\/product\/245559","targetHints":{"allow":["GET"]}}],"collection":[{"href":"https:\/\/poccky.com\/index.php\/wp-json\/wp\/v2\/product"}],"about":[{"href":"https:\/\/poccky.com\/index.php\/wp-json\/wp\/v2\/types\/product"}],"replies":[{"embeddable":true,"href":"https:\/\/poccky.com\/index.php\/wp-json\/wp\/v2\/comments?post=245559"}],"wp:featuredmedia":[{"embeddable":true,"href":"https:\/\/poccky.com\/index.php\/wp-json\/wp\/v2\/media\/231919"}],"wp:attachment":[{"href":"https:\/\/poccky.com\/index.php\/wp-json\/wp\/v2\/media?parent=245559"}],"wp:term":[{"taxonomy":"product_brand","embeddable":true,"href":"https:\/\/poccky.com\/index.php\/wp-json\/wp\/v2\/product_brand?post=245559"},{"taxonomy":"product_cat","embeddable":true,"href":"https:\/\/poccky.com\/index.php\/wp-json\/wp\/v2\/product_cat?post=245559"},{"taxonomy":"product_tag","embeddable":true,"href":"https:\/\/poccky.com\/index.php\/wp-json\/wp\/v2\/product_tag?post=245559"}],"curies":[{"name":"wp","href":"https:\/\/api.w.org\/{rel}","templated":true}]}}