{"id":245519,"date":"2023-10-25T08:28:44","date_gmt":"2023-10-25T08:28:44","guid":{"rendered":"https:\/\/poccky.com\/?post_type=product&#038;p=245519"},"modified":"2023-10-25T08:28:47","modified_gmt":"2023-10-25T08:28:47","slug":"partner-mne","status":"publish","type":"product","link":"https:\/\/poccky.com\/index.php\/product\/partner-mne\/","title":{"rendered":"PARTNER M?NE"},"content":{"rendered":"","protected":false},"excerpt":{"rendered":"<p>MERHABALAR.<br \/>\nBEN ESCORT M?NE<\/p>\n<p>?STANBUL ATA?EH?RDE YA?AMAKTAYIM<br \/>\n19 YA?INDA SARISIN \u00c7ITIR MANKENL?K DENEY?M? OLAN BEBEK Y\u00dcZL\u00dc ESCORT BAYANIM .<\/p>\n<p>RES?MLER TAMAM? ?LE BANA A?TT?R VE YA?IM GER\u00c7EK YA?IMDIR.<br \/>\nS\u00d6YLED?KLER?M?N AKS? B?R DURUMLA KAR?ILA?IR ?SEN?Z YOL MASRAFLARINIZI<br \/>\nBEN \u00d6DEYEREK S?Z? YOLCU EDER?M<\/p>\n<p>HEYECANI MUTLULU?U TAM ANLAMI ?LE YA?AYIP VE YA?ATIYORUM.<br \/>\nKAL?TEL?. KEND?N? YET??T?RM?? VE BAKIMLI EL?T BEYLER? BEKLER?M.<br \/>\nRES?MLER?MDENDE ANLA?ILACA?I \u00dcZERE BAKIMLI VE ALBEN?L?Y?M.<\/p>\n<p>TAR?FEM: 2 SAAT 500 1 SAATL?K TAR?FEM YOKTUR PAZARLIK ?\u00c7?N ARAMAYIN L\u00dcTFEN.<\/p>\n<p>SON S\u00d6Z\u00dcM: \u2018\u2019HAYALLER ERTELENMEYE GELMEZ &#8221;<br \/>\nTEL:<br \/>\npartnermine.hotmail.com My details Below mentioned<\/p>\n<p>                Nationality:<br \/>\n                T\u00dcRK?YE ?STANBUL ATA?EH?R <\/p>\n<p>                Languages:<br \/>\n                T\u00dcRK\u00c7E<\/p>\n<p>                Age:<br \/>\n                19<\/p>\n<p>                Height:<br \/>\n                1.75<\/p>\n<p>                Weight:<br \/>\n                55<\/p>\n<p>                Hair:<br \/>\n                SARI?IN<\/p>\n<p>                Eyes:<br \/>\n                YE??L<\/p>\n<p>                Measurements:<br \/>\n                .<\/p>\n","protected":false},"featured_media":231766,"comment_status":"open","ping_status":"closed","template":"","meta":{"site-sidebar-layout":"default","site-content-layout":"","ast-site-content-layout":"","site-content-style":"default","site-sidebar-style":"default","ast-global-header-display":"","ast-banner-title-visibility":"","ast-main-header-display":"","ast-hfb-above-header-display":"","ast-hfb-below-header-display":"","ast-hfb-mobile-header-display":"","site-post-title":"","ast-breadcrumbs-content":"","ast-featured-img":"","footer-sml-layout":"","theme-transparent-header-meta":"","adv-header-id-meta":"","stick-header-meta":"","header-above-stick-meta":"","header-main-stick-meta":"","header-below-stick-meta":"","astra-migrate-meta-layouts":"default","ast-page-background-enabled":"default","ast-page-background-meta":{"desktop":{"background-color":"var(--ast-global-color-4)","background-image":"","background-repeat":"repeat","background-position":"center center","background-size":"auto","background-attachment":"scroll","background-type":"","background-media":"","overlay-type":"","overlay-color":"","overlay-opacity":"","overlay-gradient":""},"tablet":{"background-color":"","background-image":"","background-repeat":"repeat","background-position":"center center","background-size":"auto","background-attachment":"scroll","background-type":"","background-media":"","overlay-type":"","overlay-color":"","overlay-opacity":"","overlay-gradient":""},"mobile":{"background-color":"","background-image":"","background-repeat":"repeat","background-position":"center center","background-size":"auto","background-attachment":"scroll","background-type":"","background-media":"","overlay-type":"","overlay-color":"","overlay-opacity":"","overlay-gradient":""}},"ast-content-background-meta":{"desktop":{"background-color":"var(--ast-global-color-5)","background-image":"","background-repeat":"repeat","background-position":"center center","background-size":"auto","background-attachment":"scroll","background-type":"","background-media":"","overlay-type":"","overlay-color":"","overlay-opacity":"","overlay-gradient":""},"tablet":{"background-color":"var(--ast-global-color-5)","background-image":"","background-repeat":"repeat","background-position":"center center","background-size":"auto","background-attachment":"scroll","background-type":"","background-media":"","overlay-type":"","overlay-color":"","overlay-opacity":"","overlay-gradient":""},"mobile":{"background-color":"var(--ast-global-color-5)","background-image":"","background-repeat":"repeat","background-position":"center center","background-size":"auto","background-attachment":"scroll","background-type":"","background-media":"","overlay-type":"","overlay-color":"","overlay-opacity":"","overlay-gradient":""}}},"product_brand":[],"product_cat":[188,1113,243],"product_tag":[],"class_list":{"0":"post-245519","1":"product","2":"type-product","3":"status-publish","4":"has-post-thumbnail","6":"product_cat-freelancer","7":"product_cat-istanbul","8":"product_cat-turky","9":"desktop-align-left","10":"tablet-align-left","11":"mobile-align-left","13":"first","14":"instock","15":"shipping-taxable","16":"product-type-simple"},"_links":{"self":[{"href":"https:\/\/poccky.com\/index.php\/wp-json\/wp\/v2\/product\/245519","targetHints":{"allow":["GET"]}}],"collection":[{"href":"https:\/\/poccky.com\/index.php\/wp-json\/wp\/v2\/product"}],"about":[{"href":"https:\/\/poccky.com\/index.php\/wp-json\/wp\/v2\/types\/product"}],"replies":[{"embeddable":true,"href":"https:\/\/poccky.com\/index.php\/wp-json\/wp\/v2\/comments?post=245519"}],"wp:featuredmedia":[{"embeddable":true,"href":"https:\/\/poccky.com\/index.php\/wp-json\/wp\/v2\/media\/231766"}],"wp:attachment":[{"href":"https:\/\/poccky.com\/index.php\/wp-json\/wp\/v2\/media?parent=245519"}],"wp:term":[{"taxonomy":"product_brand","embeddable":true,"href":"https:\/\/poccky.com\/index.php\/wp-json\/wp\/v2\/product_brand?post=245519"},{"taxonomy":"product_cat","embeddable":true,"href":"https:\/\/poccky.com\/index.php\/wp-json\/wp\/v2\/product_cat?post=245519"},{"taxonomy":"product_tag","embeddable":true,"href":"https:\/\/poccky.com\/index.php\/wp-json\/wp\/v2\/product_tag?post=245519"}],"curies":[{"name":"wp","href":"https:\/\/api.w.org\/{rel}","templated":true}]}}